{"id":13,"date":"2014-01-26T14:23:24","date_gmt":"2014-01-26T12:23:24","guid":{"rendered":"http:\/\/family-cycling.com\/wp-family-cycling\/?page_id=13"},"modified":"2026-04-16T17:14:49","modified_gmt":"2026-04-16T15:14:49","slug":"home","status":"publish","type":"page","link":"https:\/\/family-cycling.com\/83749289Sa-family-cycling-deutsch\/","title":{"rendered":"Home"},"content":{"rendered":"\t\t<div data-elementor-type=\"wp-page\" data-elementor-id=\"13\" class=\"elementor elementor-13\">\n\t\t\t\t\t\t\t\t\t<section class=\"elementor-section elementor-top-section elementor-element elementor-element-aaa62b9 elementor-section-full_width elementor-section-height-min-height elementor-section-height-default elementor-section-items-middle\" data-id=\"aaa62b9\" data-element_type=\"section\" data-settings=\"{&quot;background_background&quot;:&quot;slideshow&quot;,&quot;background_slideshow_gallery&quot;:[{&quot;id&quot;:2411,&quot;url&quot;:&quot;https:\\\/\\\/family-cycling.com\\\/83749289Sa-family-cycling-deutsch\\\/wp-content\\\/uploads\\\/followme-startseite-01.jpg&quot;},{&quot;id&quot;:2409,&quot;url&quot;:&quot;https:\\\/\\\/family-cycling.com\\\/83749289Sa-family-cycling-deutsch\\\/wp-content\\\/uploads\\\/followme-startseite-02.jpg&quot;}],&quot;background_slideshow_slide_duration&quot;:3882,&quot;background_slideshow_transition_duration&quot;:2000,&quot;background_slideshow_loop&quot;:&quot;yes&quot;,&quot;background_slideshow_slide_transition&quot;:&quot;fade&quot;}\">\n\t\t\t\t\t\t<div class=\"elementor-container elementor-column-gap-default\">\n\t\t\t\t\t<div class=\"elementor-column elementor-col-100 elementor-top-column elementor-element elementor-element-db53a1c\" data-id=\"db53a1c\" data-element_type=\"column\">\n\t\t\t<div class=\"elementor-widget-wrap\">\n\t\t\t\t\t\t\t\t\t<\/div>\n\t\t<\/div>\n\t\t\t\t\t\t\t<\/div>\n\t\t<\/section>\n\t\t\t\t<section class=\"elementor-section elementor-top-section elementor-element elementor-element-5361957 elementor-section-boxed elementor-section-height-default elementor-section-height-default\" data-id=\"5361957\" data-element_type=\"section\">\n\t\t\t\t\t\t<div class=\"elementor-container elementor-column-gap-default\">\n\t\t\t\t\t<div class=\"elementor-column elementor-col-100 elementor-top-column elementor-element elementor-element-4779672\" data-id=\"4779672\" data-element_type=\"column\">\n\t\t\t<div class=\"elementor-widget-wrap\">\n\t\t\t\t\t\t\t\t\t<\/div>\n\t\t<\/div>\n\t\t\t\t\t\t\t<\/div>\n\t\t<\/section>\n\t\t\t\t<section class=\"elementor-section elementor-top-section elementor-element elementor-element-378c1bb elementor-section-boxed elementor-section-height-default elementor-section-height-default\" data-id=\"378c1bb\" data-element_type=\"section\">\n\t\t\t\t\t\t<div class=\"elementor-container elementor-column-gap-default\">\n\t\t\t\t\t<div class=\"elementor-column elementor-col-100 elementor-top-column elementor-element elementor-element-b9840b5\" data-id=\"b9840b5\" data-element_type=\"column\">\n\t\t\t<div class=\"elementor-widget-wrap elementor-element-populated\">\n\t\t\t\t\t\t\t\t<div class=\"elementor-element elementor-element-e8aa119 elementor-widget elementor-widget-spacer\" data-id=\"e8aa119\" data-element_type=\"widget\" data-widget_type=\"spacer.default\">\n\t\t\t\t<div class=\"elementor-widget-container\">\n\t\t\t<style>\/*! elementor - v3.10.2 - 29-01-2023 *\/\n.elementor-column .elementor-spacer-inner{height:var(--spacer-size)}.e-con{--container-widget-width:100%}.e-con-inner>.elementor-widget-spacer,.e-con>.elementor-widget-spacer{width:var(--container-widget-width,var(--spacer-size));--align-self:var(--container-widget-align-self,initial);--flex-shrink:0}.e-con-inner>.elementor-widget-spacer>.elementor-widget-container,.e-con-inner>.elementor-widget-spacer>.elementor-widget-container>.elementor-spacer,.e-con>.elementor-widget-spacer>.elementor-widget-container,.e-con>.elementor-widget-spacer>.elementor-widget-container>.elementor-spacer{height:100%}.e-con-inner>.elementor-widget-spacer>.elementor-widget-container>.elementor-spacer>.elementor-spacer-inner,.e-con>.elementor-widget-spacer>.elementor-widget-container>.elementor-spacer>.elementor-spacer-inner{height:var(--container-widget-height,var(--spacer-size))}<\/style>\t\t<div class=\"elementor-spacer\">\n\t\t\t<div class=\"elementor-spacer-inner\"><\/div>\n\t\t<\/div>\n\t\t\t\t<\/div>\n\t\t\t\t<\/div>\n\t\t\t\t<section class=\"elementor-section elementor-inner-section elementor-element elementor-element-830330f elementor-section-boxed elementor-section-height-default elementor-section-height-default\" data-id=\"830330f\" data-element_type=\"section\">\n\t\t\t\t\t\t<div class=\"elementor-container elementor-column-gap-default\">\n\t\t\t\t\t<div class=\"elementor-column elementor-col-50 elementor-inner-column elementor-element elementor-element-f0b8646\" data-id=\"f0b8646\" data-element_type=\"column\">\n\t\t\t<div class=\"elementor-widget-wrap elementor-element-populated\">\n\t\t\t\t\t\t\t\t<div class=\"elementor-element elementor-element-e2bd4ea elementor-aspect-ratio-169 elementor-widget elementor-widget-video\" data-id=\"e2bd4ea\" data-element_type=\"widget\" data-settings=\"{&quot;youtube_url&quot;:&quot;https:\\\/\\\/youtu.be\\\/qSJJrZRcf0M?si=2C_fMUhhHmiMct5n&quot;,&quot;autoplay&quot;:&quot;yes&quot;,&quot;play_on_mobile&quot;:&quot;yes&quot;,&quot;loop&quot;:&quot;yes&quot;,&quot;video_type&quot;:&quot;youtube&quot;,&quot;aspect_ratio&quot;:&quot;169&quot;}\" data-widget_type=\"video.default\">\n\t\t\t\t<div class=\"elementor-widget-container\">\n\t\t\t<style>\/*! elementor - v3.10.2 - 29-01-2023 *\/\n.elementor-widget-video .elementor-widget-container{overflow:hidden;transform:translateZ(0)}.elementor-widget-video .elementor-open-inline .elementor-custom-embed-image-overlay{position:absolute;top:0;left:0;width:100%;height:100%;background-size:cover;background-position:50%}.elementor-widget-video .elementor-custom-embed-image-overlay{cursor:pointer;text-align:center}.elementor-widget-video .elementor-custom-embed-image-overlay:hover .elementor-custom-embed-play i{opacity:1}.elementor-widget-video .elementor-custom-embed-image-overlay img{display:block;width:100%}.elementor-widget-video .e-hosted-video .elementor-video{-o-object-fit:cover;object-fit:cover}.e-con-inner>.elementor-widget-video,.e-con>.elementor-widget-video{width:var(--container-widget-width);--flex-grow:var(--container-widget-flex-grow)}<\/style>\t\t<div class=\"elementor-wrapper elementor-fit-aspect-ratio elementor-open-inline\">\n\t\t\t<div class=\"elementor-video\"><\/div>\t\t<\/div>\n\t\t\t\t<\/div>\n\t\t\t\t<\/div>\n\t\t\t\t\t<\/div>\n\t\t<\/div>\n\t\t\t\t<div class=\"elementor-column elementor-col-50 elementor-inner-column elementor-element elementor-element-4956f99\" data-id=\"4956f99\" data-element_type=\"column\">\n\t\t\t<div class=\"elementor-widget-wrap elementor-element-populated\">\n\t\t\t\t\t\t\t\t<div class=\"elementor-element elementor-element-132ef69 elementor-widget elementor-widget-image\" data-id=\"132ef69\" data-element_type=\"widget\" data-widget_type=\"image.default\">\n\t\t\t\t<div class=\"elementor-widget-container\">\n\t\t\t<style>\/*! elementor - v3.10.2 - 29-01-2023 *\/\n.elementor-widget-image{text-align:center}.elementor-widget-image a{display:inline-block}.elementor-widget-image a img[src$=\".svg\"]{width:48px}.elementor-widget-image img{vertical-align:middle;display:inline-block}<\/style>\t\t\t\t\t\t\t\t\t\t\t\t<img loading=\"lazy\" decoding=\"async\" width=\"249\" height=\"80\" src=\"https:\/\/family-cycling.com\/83749289Sa-family-cycling-deutsch\/wp-content\/uploads\/tutto-in-uno-250.png\" class=\"attachment-large size-large wp-image-2660\" alt=\"\" \/>\t\t\t\t\t\t\t\t\t\t\t\t\t\t\t<\/div>\n\t\t\t\t<\/div>\n\t\t\t\t<div class=\"elementor-element elementor-element-833c452 elementor-widget elementor-widget-heading\" data-id=\"833c452\" data-element_type=\"widget\" data-widget_type=\"heading.default\">\n\t\t\t\t<div class=\"elementor-widget-container\">\n\t\t\t<style>\/*! elementor - v3.10.2 - 29-01-2023 *\/\n.elementor-heading-title{padding:0;margin:0;line-height:1}.elementor-widget-heading .elementor-heading-title[class*=elementor-size-]>a{color:inherit;font-size:inherit;line-height:inherit}.elementor-widget-heading .elementor-heading-title.elementor-size-small{font-size:15px}.elementor-widget-heading .elementor-heading-title.elementor-size-medium{font-size:19px}.elementor-widget-heading .elementor-heading-title.elementor-size-large{font-size:29px}.elementor-widget-heading .elementor-heading-title.elementor-size-xl{font-size:39px}.elementor-widget-heading .elementor-heading-title.elementor-size-xxl{font-size:59px}<\/style><h2 class=\"elementor-heading-title elementor-size-default\">Tutto-in-Uno \u2013 \n<br>Steckachse <i>\"All-in-One\"<\/i> <\/h2>\t\t<\/div>\n\t\t\t\t<\/div>\n\t\t\t\t<div class=\"elementor-element elementor-element-b104d7b elementor-widget elementor-widget-text-editor\" data-id=\"b104d7b\" data-element_type=\"widget\" data-widget_type=\"text-editor.default\">\n\t\t\t\t<div class=\"elementor-widget-container\">\n\t\t\t<style>\/*! elementor - v3.10.2 - 29-01-2023 *\/\n.elementor-widget-text-editor.elementor-drop-cap-view-stacked .elementor-drop-cap{background-color:#818a91;color:#fff}.elementor-widget-text-editor.elementor-drop-cap-view-framed .elementor-drop-cap{color:#818a91;border:3px solid;background-color:transparent}.elementor-widget-text-editor:not(.elementor-drop-cap-view-default) .elementor-drop-cap{margin-top:8px}.elementor-widget-text-editor:not(.elementor-drop-cap-view-default) .elementor-drop-cap-letter{width:1em;height:1em}.elementor-widget-text-editor .elementor-drop-cap{float:left;text-align:center;line-height:1;font-size:50px}.elementor-widget-text-editor .elementor-drop-cap-letter{display:inline-block}<\/style>\t\t\t\t<p>Nur noch eine Steckachse f\u00fcr jedes Anh\u00e4ngersystem.<\/p>\t\t\t\t\t\t<\/div>\n\t\t\t\t<\/div>\n\t\t\t\t<div class=\"elementor-element elementor-element-c86bdf4 elementor-widget elementor-widget-button\" data-id=\"c86bdf4\" data-element_type=\"widget\" data-widget_type=\"button.default\">\n\t\t\t\t<div class=\"elementor-widget-container\">\n\t\t\t\t\t<div class=\"elementor-button-wrapper\">\n\t\t\t<a href=\"https:\/\/tutto-in-uno.com\/tutto\/followme-tutto-info\/\" target=\"_blank\" class=\"elementor-button-link elementor-button elementor-size-md\" role=\"button\">\n\t\t\t\t\t\t<span class=\"elementor-button-content-wrapper\">\n\t\t\t\t\t\t\t<span class=\"elementor-button-icon elementor-align-icon-left\">\n\t\t\t\t<i aria-hidden=\"true\" class=\"fas fa-angle-right\"><\/i>\t\t\t<\/span>\n\t\t\t\t\t\t<span class=\"elementor-button-text\">Mehr zu Tutto-in-Uno<\/span>\n\t\t<\/span>\n\t\t\t\t\t<\/a>\n\t\t<\/div>\n\t\t\t\t<\/div>\n\t\t\t\t<\/div>\n\t\t\t\t\t<\/div>\n\t\t<\/div>\n\t\t\t\t\t\t\t<\/div>\n\t\t<\/section>\n\t\t\t\t<div class=\"elementor-element elementor-element-c2839c8 elementor-widget elementor-widget-spacer\" data-id=\"c2839c8\" data-element_type=\"widget\" data-widget_type=\"spacer.default\">\n\t\t\t\t<div class=\"elementor-widget-container\">\n\t\t\t\t\t<div class=\"elementor-spacer\">\n\t\t\t<div class=\"elementor-spacer-inner\"><\/div>\n\t\t<\/div>\n\t\t\t\t<\/div>\n\t\t\t\t<\/div>\n\t\t\t\t\t<\/div>\n\t\t<\/div>\n\t\t\t\t\t\t\t<\/div>\n\t\t<\/section>\n\t\t\t\t<section class=\"elementor-section elementor-top-section elementor-element elementor-element-742d2ff elementor-section-boxed elementor-section-height-default elementor-section-height-default\" data-id=\"742d2ff\" data-element_type=\"section\">\n\t\t\t\t\t\t<div class=\"elementor-container elementor-column-gap-default\">\n\t\t\t\t\t<div class=\"elementor-column elementor-col-33 elementor-top-column elementor-element elementor-element-8ff558a\" data-id=\"8ff558a\" data-element_type=\"column\">\n\t\t\t<div class=\"elementor-widget-wrap elementor-element-populated\">\n\t\t\t\t\t\t\t\t<div class=\"elementor-element elementor-element-e52eeaa elementor-widget elementor-widget-text-editor\" data-id=\"e52eeaa\" data-element_type=\"widget\" data-widget_type=\"text-editor.default\">\n\t\t\t\t<div class=\"elementor-widget-container\">\n\t\t\t\t\t\t\t<span style=\"color: #ff0000;\"><strong><span style=\"font-family: arial, helvetica, sans-serif; font-size: 14pt;\">NEWS<\/span><\/strong><\/span>\n\n<img loading=\"lazy\" decoding=\"async\" class=\"alignnone size-full wp-image-163\" src=\"wp-content\/uploads\/stiftung-warentest-logo.jpg\" alt=\"Stiftung Warentest FollowMe\" width=\"145\" height=\"110\" \/>\t\t\t\t\t\t<\/div>\n\t\t\t\t<\/div>\n\t\t\t\t<div class=\"elementor-element elementor-element-56a9580 elementor-widget elementor-widget-spacer\" data-id=\"56a9580\" data-element_type=\"widget\" data-widget_type=\"spacer.default\">\n\t\t\t\t<div class=\"elementor-widget-container\">\n\t\t\t\t\t<div class=\"elementor-spacer\">\n\t\t\t<div class=\"elementor-spacer-inner\"><\/div>\n\t\t<\/div>\n\t\t\t\t<\/div>\n\t\t\t\t<\/div>\n\t\t\t\t\t<\/div>\n\t\t<\/div>\n\t\t\t\t<div class=\"elementor-column elementor-col-66 elementor-top-column elementor-element elementor-element-95ef7a1\" data-id=\"95ef7a1\" data-element_type=\"column\">\n\t\t\t<div class=\"elementor-widget-wrap elementor-element-populated\">\n\t\t\t\t\t\t\t\t<div class=\"elementor-element elementor-element-984407a elementor-widget elementor-widget-text-editor\" data-id=\"984407a\" data-element_type=\"widget\" data-widget_type=\"text-editor.default\">\n\t\t\t\t<div class=\"elementor-widget-container\">\n\t\t\t\t\t\t\t<p style=\"text-align: left;\"><b style=\"color: #333333; font-size: 32px; text-align: justify; letter-spacing: 0px;\">Liebe Besucherin, lieber Besucher, liebe Eltern<\/b><\/p><p style=\"text-align: left;\">Rad fahren macht Spass und h\u00e4lt fit. F\u00fcr Kinder bedeutet das Rad aber noch viel mehr!\u00a0Es ist das erste richtige Verkehrsmittel, mit dem sie selbstst\u00e4ndig ihre Umgebung erkunden oder zu Freunden fahren k\u00f6nnen. Mit dem Fahrrad sch\u00e4rfen sie ihr Wahrnehmungsverm\u00f6gen und ihren Orientierungssinn und lernen, sich souver\u00e4n und sicherer im Verkehr zu bewegen. Wir zeigen Ihnen auf dieser Webseite wie Sie Ihr Kind mit der FollowMe Eltern-Kind Tandemkupplung sinnvoll an das Verkehrs-geschehen heranf\u00fchren, um gemeinsam im Alltag und in der Freizeit auf dem Fahrrad mobil zu sein.<\/p><p style=\"text-align: left;\">Sie haben die Rolle als Vorbild. Eltern, die oft per Fahrrad mit ihren Kindern unterwegs sind, leisten f\u00fcr deren (Verkehrs-) Sicherheit und Entwicklung einen wichtigen Beitrag. Und Sie tun aktiv etwas f\u00fcr die kindliche Gesundheit \u2013 und gegen Bewegungsmangel.<\/p><blockquote><p><b>Selbstfahren oder gezogen werden<\/b>.<br \/>Das ist das Motto von FollowMe. Die clevere Eltern-Kind-Tandemkupplung vereint Fahrspass und Sicherheit buchst\u00e4blich im Handumdrehen.<\/p><\/blockquote><p style=\"text-align: left;\">Dank FollowMe ist Ihre ganze Familie jederzeit sicher mit dem Rad unterwegs und hat zusammen Spass auf der Tour. Denn ganz egal, ob Sie Ihr Kind schnell an Ihr eigenes Rad ankoppeln wollen, um es etwa durch un\u00fcbersichtlichen Strassenverkehr zu man\u00f6vrieren, oder wenn es m\u00fcde geworden ist: Die clevere Eltern-Kind Tandem-Kupplung aus der Schweiz l\u00e4sst Sie schnell auf sich \u00e4ndernde Situationen reagieren &#8211; und zwar vollkommen werkzeugfrei!<\/p><p style=\"text-align: left;\">Sobald Ihre Einsch\u00e4tzungen es erlaubt, f\u00e4hrt der Nachwuchs wieder auf eigene Faust. FollowMe ist im Strassenverkehr zugelassen und von der Beratungsstelle f\u00fcr Unfallverh\u00fctung (bfu) empfohlen und ist Testsieger bei der Stiftung Warentest.<\/p>\t\t\t\t\t\t<\/div>\n\t\t\t\t<\/div>\n\t\t\t\t\t<\/div>\n\t\t<\/div>\n\t\t\t\t\t\t\t<\/div>\n\t\t<\/section>\n\t\t\t\t<section class=\"elementor-section elementor-top-section elementor-element elementor-element-186f6929 elementor-section-boxed elementor-section-height-default elementor-section-height-default\" data-id=\"186f6929\" data-element_type=\"section\">\n\t\t\t\t\t\t<div class=\"elementor-container elementor-column-gap-default\">\n\t\t\t\t\t<div class=\"elementor-column elementor-col-100 elementor-top-column elementor-element elementor-element-f2afcf2\" data-id=\"f2afcf2\" data-element_type=\"column\">\n\t\t\t<div class=\"elementor-widget-wrap elementor-element-populated\">\n\t\t\t\t\t\t\t\t<div class=\"elementor-element elementor-element-a0ad1be elementor-widget elementor-widget-spacer\" data-id=\"a0ad1be\" data-element_type=\"widget\" data-widget_type=\"spacer.default\">\n\t\t\t\t<div class=\"elementor-widget-container\">\n\t\t\t\t\t<div class=\"elementor-spacer\">\n\t\t\t<div class=\"elementor-spacer-inner\"><\/div>\n\t\t<\/div>\n\t\t\t\t<\/div>\n\t\t\t\t<\/div>\n\t\t\t\t\t<\/div>\n\t\t<\/div>\n\t\t\t\t\t\t\t<\/div>\n\t\t<\/section>\n\t\t\t\t\t\t\t<\/div>\n\t\t","protected":false},"excerpt":{"rendered":"<p>Tutto-in-Uno \u2013 Steckachse &#8222;All-in-One&#8220; Nur noch eine Steckachse f\u00fcr jedes Anh\u00e4ngersystem. Mehr zu Tutto-in-Uno NEWS Liebe Besucherin, lieber Besucher, liebe Eltern Rad fahren macht Spass und h\u00e4lt fit. F\u00fcr Kinder bedeutet das Rad aber noch viel mehr!\u00a0Es ist das erste richtige Verkehrsmittel, mit dem sie selbstst\u00e4ndig ihre Umgebung erkunden oder zu Freunden fahren k\u00f6nnen. Mit [&hellip;]<\/p>\n","protected":false},"author":1,"featured_media":0,"parent":0,"menu_order":0,"comment_status":"closed","ping_status":"closed","template":"","meta":{"footnotes":""},"class_list":["post-13","page","type-page","status-publish","hentry","entry"],"_links":{"self":[{"href":"https:\/\/family-cycling.com\/83749289Sa-family-cycling-deutsch\/wp-json\/wp\/v2\/pages\/13","targetHints":{"allow":["GET"]}}],"collection":[{"href":"https:\/\/family-cycling.com\/83749289Sa-family-cycling-deutsch\/wp-json\/wp\/v2\/pages"}],"about":[{"href":"https:\/\/family-cycling.com\/83749289Sa-family-cycling-deutsch\/wp-json\/wp\/v2\/types\/page"}],"author":[{"embeddable":true,"href":"https:\/\/family-cycling.com\/83749289Sa-family-cycling-deutsch\/wp-json\/wp\/v2\/users\/1"}],"replies":[{"embeddable":true,"href":"https:\/\/family-cycling.com\/83749289Sa-family-cycling-deutsch\/wp-json\/wp\/v2\/comments?post=13"}],"version-history":[{"count":214,"href":"https:\/\/family-cycling.com\/83749289Sa-family-cycling-deutsch\/wp-json\/wp\/v2\/pages\/13\/revisions"}],"predecessor-version":[{"id":2713,"href":"https:\/\/family-cycling.com\/83749289Sa-family-cycling-deutsch\/wp-json\/wp\/v2\/pages\/13\/revisions\/2713"}],"wp:attachment":[{"href":"https:\/\/family-cycling.com\/83749289Sa-family-cycling-deutsch\/wp-json\/wp\/v2\/media?parent=13"}],"curies":[{"name":"wp","href":"https:\/\/api.w.org\/{rel}","templated":true}]}}