{"id":27,"date":"2014-01-26T14:29:06","date_gmt":"2014-01-26T12:29:06","guid":{"rendered":"http:\/\/family-cycling.com\/wp-family-cycling\/?page_id=27"},"modified":"2023-01-20T17:05:28","modified_gmt":"2023-01-20T16:05:28","slug":"followme-reha","status":"publish","type":"page","link":"https:\/\/family-cycling.com\/83749289Sa-family-cycling-deutsch\/followme-reha\/","title":{"rendered":"FollowMe Reha"},"content":{"rendered":"\t\t<div data-elementor-type=\"wp-page\" data-elementor-id=\"27\" class=\"elementor elementor-27\">\n\t\t\t\t\t\t\t\t\t<section class=\"elementor-section elementor-top-section elementor-element elementor-element-9404e60 elementor-section-full_width elementor-section-height-min-height elementor-section-height-default elementor-section-items-middle\" data-id=\"9404e60\" data-element_type=\"section\" data-settings=\"{&quot;background_background&quot;:&quot;slideshow&quot;,&quot;background_slideshow_gallery&quot;:[{&quot;id&quot;:2411,&quot;url&quot;:&quot;https:\\\/\\\/family-cycling.com\\\/83749289Sa-family-cycling-deutsch\\\/wp-content\\\/uploads\\\/followme-startseite-01.jpg&quot;},{&quot;id&quot;:2409,&quot;url&quot;:&quot;https:\\\/\\\/family-cycling.com\\\/83749289Sa-family-cycling-deutsch\\\/wp-content\\\/uploads\\\/followme-startseite-02.jpg&quot;}],&quot;background_slideshow_slide_duration&quot;:3882,&quot;background_slideshow_transition_duration&quot;:2000,&quot;background_slideshow_loop&quot;:&quot;yes&quot;,&quot;background_slideshow_slide_transition&quot;:&quot;fade&quot;}\">\n\t\t\t\t\t\t<div class=\"elementor-container elementor-column-gap-default\">\n\t\t\t\t\t<div class=\"elementor-column elementor-col-100 elementor-top-column elementor-element elementor-element-26feaf1c\" data-id=\"26feaf1c\" data-element_type=\"column\">\n\t\t\t<div class=\"elementor-widget-wrap\">\n\t\t\t\t\t\t\t\t\t<\/div>\n\t\t<\/div>\n\t\t\t\t\t\t\t<\/div>\n\t\t<\/section>\n\t\t\t\t<section class=\"elementor-section elementor-top-section elementor-element elementor-element-d2ac82c elementor-section-boxed elementor-section-height-default elementor-section-height-default\" data-id=\"d2ac82c\" data-element_type=\"section\">\n\t\t\t\t\t\t<div class=\"elementor-container elementor-column-gap-default\">\n\t\t\t\t\t<div class=\"elementor-column elementor-col-100 elementor-top-column elementor-element elementor-element-2f43ee3\" data-id=\"2f43ee3\" data-element_type=\"column\">\n\t\t\t<div class=\"elementor-widget-wrap elementor-element-populated\">\n\t\t\t\t\t\t\t\t<div class=\"elementor-element elementor-element-c0b204b elementor-widget elementor-widget-spacer\" data-id=\"c0b204b\" data-element_type=\"widget\" data-widget_type=\"spacer.default\">\n\t\t\t\t<div class=\"elementor-widget-container\">\n\t\t\t<style>\/*! elementor - v3.10.2 - 29-01-2023 *\/\n.elementor-column .elementor-spacer-inner{height:var(--spacer-size)}.e-con{--container-widget-width:100%}.e-con-inner>.elementor-widget-spacer,.e-con>.elementor-widget-spacer{width:var(--container-widget-width,var(--spacer-size));--align-self:var(--container-widget-align-self,initial);--flex-shrink:0}.e-con-inner>.elementor-widget-spacer>.elementor-widget-container,.e-con-inner>.elementor-widget-spacer>.elementor-widget-container>.elementor-spacer,.e-con>.elementor-widget-spacer>.elementor-widget-container,.e-con>.elementor-widget-spacer>.elementor-widget-container>.elementor-spacer{height:100%}.e-con-inner>.elementor-widget-spacer>.elementor-widget-container>.elementor-spacer>.elementor-spacer-inner,.e-con>.elementor-widget-spacer>.elementor-widget-container>.elementor-spacer>.elementor-spacer-inner{height:var(--container-widget-height,var(--spacer-size))}<\/style>\t\t<div class=\"elementor-spacer\">\n\t\t\t<div class=\"elementor-spacer-inner\"><\/div>\n\t\t<\/div>\n\t\t\t\t<\/div>\n\t\t\t\t<\/div>\n\t\t\t\t\t<\/div>\n\t\t<\/div>\n\t\t\t\t\t\t\t<\/div>\n\t\t<\/section>\n\t\t\t\t<section class=\"elementor-section elementor-top-section elementor-element elementor-element-d8b0c4d elementor-section-boxed elementor-section-height-default elementor-section-height-default\" data-id=\"d8b0c4d\" data-element_type=\"section\">\n\t\t\t\t\t\t<div class=\"elementor-container elementor-column-gap-default\">\n\t\t\t\t\t<div class=\"elementor-column elementor-col-33 elementor-top-column elementor-element elementor-element-5f66d0c2\" data-id=\"5f66d0c2\" data-element_type=\"column\">\n\t\t\t<div class=\"elementor-widget-wrap elementor-element-populated\">\n\t\t\t\t\t\t\t\t<div class=\"elementor-element elementor-element-50957fab elementor-widget__width-initial elementor-widget elementor-widget-wp-widget-ocean_custom_menu\" data-id=\"50957fab\" data-element_type=\"widget\" data-widget_type=\"wp-widget-ocean_custom_menu.default\">\n\t\t\t\t<div class=\"elementor-widget-container\">\n\t\t\t<style type=\"text\/css\">.ocean_custom_menu-REPLACE_TO_ID > ul > li > a, .custom-menu-widget .ocean_custom_menu-REPLACE_TO_ID .dropdown-menu .sub-menu li a.menu-link{color:#666;font-size:16px;}.custom-menu-widget .ocean_custom_menu-REPLACE_TO_ID.oceanwp-custom-menu > ul.click-menu .open-this{color:#666;font-size:16px;}.ocean_custom_menu-REPLACE_TO_ID > ul > li > a:hover, .custom-menu-widget .ocean_custom_menu-REPLACE_TO_ID .dropdown-menu .sub-menu li a.menu-link:hover{color:#E30505;}.custom-menu-widget .ocean_custom_menu-REPLACE_TO_ID.oceanwp-custom-menu > ul.click-menu .open-this:hover{color:#E30505;}<\/style><div class=\"oceanwp-custom-menu clr ocean_custom_menu-REPLACE_TO_ID left dropdown-hover\"><ul id=\"menu-followme\" class=\"dropdown-menu sf-menu\"><li  id=\"menu-item-1733\" class=\"menu-item menu-item-type-post_type menu-item-object-page menu-item-1733\"><a href=\"https:\/\/family-cycling.com\/83749289Sa-family-cycling-deutsch\/followme-funktionsweise\/\" class=\"menu-link\">> FollowMe Funktionsweise<\/a><\/li>\n<li  id=\"menu-item-1735\" class=\"menu-item menu-item-type-post_type menu-item-object-page menu-item-1735\"><a href=\"https:\/\/family-cycling.com\/83749289Sa-family-cycling-deutsch\/einfach-genial-filmbericht-des-mdr\/\" class=\"menu-link\">> Videos<\/a><\/li>\n<li  id=\"menu-item-1734\" class=\"menu-item menu-item-type-post_type menu-item-object-page menu-item-1734\"><a href=\"https:\/\/family-cycling.com\/83749289Sa-family-cycling-deutsch\/followme-reha\/\" class=\"menu-link\">> FollowMe Reha<\/a><\/li>\n<li  id=\"menu-item-1732\" class=\"menu-item menu-item-type-post_type menu-item-object-page menu-item-1732\"><a href=\"https:\/\/family-cycling.com\/83749289Sa-family-cycling-deutsch\/downloads\/\" class=\"menu-link\">> Downloads<\/a><\/li>\n<\/ul><\/div>\t\t<\/div>\n\t\t\t\t<\/div>\n\t\t\t\t<div class=\"elementor-element elementor-element-eba426d elementor-widget elementor-widget-spacer\" data-id=\"eba426d\" data-element_type=\"widget\" data-widget_type=\"spacer.default\">\n\t\t\t\t<div class=\"elementor-widget-container\">\n\t\t\t\t\t<div class=\"elementor-spacer\">\n\t\t\t<div class=\"elementor-spacer-inner\"><\/div>\n\t\t<\/div>\n\t\t\t\t<\/div>\n\t\t\t\t<\/div>\n\t\t\t\t\t<\/div>\n\t\t<\/div>\n\t\t\t\t<div class=\"elementor-column elementor-col-66 elementor-top-column elementor-element elementor-element-262510f5\" data-id=\"262510f5\" data-element_type=\"column\">\n\t\t\t<div class=\"elementor-widget-wrap elementor-element-populated\">\n\t\t\t\t\t\t\t\t<div class=\"elementor-element elementor-element-1b57e218 elementor-widget elementor-widget-text-editor\" data-id=\"1b57e218\" data-element_type=\"widget\" data-widget_type=\"text-editor.default\">\n\t\t\t\t<div class=\"elementor-widget-container\">\n\t\t\t<style>\/*! elementor - v3.10.2 - 29-01-2023 *\/\n.elementor-widget-text-editor.elementor-drop-cap-view-stacked .elementor-drop-cap{background-color:#818a91;color:#fff}.elementor-widget-text-editor.elementor-drop-cap-view-framed .elementor-drop-cap{color:#818a91;border:3px solid;background-color:transparent}.elementor-widget-text-editor:not(.elementor-drop-cap-view-default) .elementor-drop-cap{margin-top:8px}.elementor-widget-text-editor:not(.elementor-drop-cap-view-default) .elementor-drop-cap-letter{width:1em;height:1em}.elementor-widget-text-editor .elementor-drop-cap{float:left;text-align:center;line-height:1;font-size:50px}.elementor-widget-text-editor .elementor-drop-cap-letter{display:inline-block}<\/style>\t\t\t\t<h2 style=\"text-align: left;\">FollowMe Reha<\/h2><p style=\"text-align: left;\">Eine modifizierte Variante des FollowMe, f\u00fcr Kinder-Reha-Dreir\u00e4der, wird von unserer Partnerfirm Schuchmann GmbH in D-49205 Hasbergen angeboten.<br \/>Bei Interesse wollen Sie sich bitte direkt in Verbindung setzen.<\/p>\t\t\t\t\t\t<\/div>\n\t\t\t\t<\/div>\n\t\t\t\t\t<\/div>\n\t\t<\/div>\n\t\t\t\t\t\t\t<\/div>\n\t\t<\/section>\n\t\t\t\t<section class=\"elementor-section elementor-top-section elementor-element elementor-element-463905e elementor-section-boxed elementor-section-height-default elementor-section-height-default\" data-id=\"463905e\" data-element_type=\"section\">\n\t\t\t\t\t\t<div class=\"elementor-container elementor-column-gap-default\">\n\t\t\t\t\t<div class=\"elementor-column elementor-col-33 elementor-top-column elementor-element elementor-element-0d121e3\" data-id=\"0d121e3\" data-element_type=\"column\">\n\t\t\t<div class=\"elementor-widget-wrap\">\n\t\t\t\t\t\t\t\t\t<\/div>\n\t\t<\/div>\n\t\t\t\t<div class=\"elementor-column elementor-col-33 elementor-top-column elementor-element elementor-element-e14ddda\" data-id=\"e14ddda\" data-element_type=\"column\">\n\t\t\t<div class=\"elementor-widget-wrap elementor-element-populated\">\n\t\t\t\t\t\t\t\t<div class=\"elementor-element elementor-element-6a82c47 elementor-widget elementor-widget-image\" data-id=\"6a82c47\" data-element_type=\"widget\" data-widget_type=\"image.default\">\n\t\t\t\t<div class=\"elementor-widget-container\">\n\t\t\t<style>\/*! elementor - v3.10.2 - 29-01-2023 *\/\n.elementor-widget-image{text-align:center}.elementor-widget-image a{display:inline-block}.elementor-widget-image a img[src$=\".svg\"]{width:48px}.elementor-widget-image img{vertical-align:middle;display:inline-block}<\/style>\t\t\t\t\t\t\t\t\t\t\t\t<img loading=\"lazy\" decoding=\"async\" width=\"800\" height=\"532\" src=\"https:\/\/family-cycling.com\/83749289Sa-family-cycling-deutsch\/wp-content\/uploads\/Schuchmann-FollowMe-MOMO-04-400.jpg\" class=\"attachment-large size-large wp-image-1427\" alt=\"\" srcset=\"https:\/\/family-cycling.com\/83749289Sa-family-cycling-deutsch\/wp-content\/uploads\/Schuchmann-FollowMe-MOMO-04-400.jpg 800w, https:\/\/family-cycling.com\/83749289Sa-family-cycling-deutsch\/wp-content\/uploads\/Schuchmann-FollowMe-MOMO-04-400-300x200.jpg 300w\" sizes=\"auto, (max-width: 800px) 100vw, 800px\" \/>\t\t\t\t\t\t\t\t\t\t\t\t\t\t\t<\/div>\n\t\t\t\t<\/div>\n\t\t\t\t\t<\/div>\n\t\t<\/div>\n\t\t\t\t<div class=\"elementor-column elementor-col-33 elementor-top-column elementor-element elementor-element-90d82e3\" data-id=\"90d82e3\" data-element_type=\"column\">\n\t\t\t<div class=\"elementor-widget-wrap elementor-element-populated\">\n\t\t\t\t\t\t\t\t<div class=\"elementor-element elementor-element-704e58b elementor-widget elementor-widget-image\" data-id=\"704e58b\" data-element_type=\"widget\" data-widget_type=\"image.default\">\n\t\t\t\t<div class=\"elementor-widget-container\">\n\t\t\t\t\t\t\t\t\t\t\t\t\t\t\t<img loading=\"lazy\" decoding=\"async\" width=\"800\" height=\"532\" src=\"https:\/\/family-cycling.com\/83749289Sa-family-cycling-deutsch\/wp-content\/uploads\/Schuchmann-FollowMe-MOMO-05-400.jpg\" class=\"attachment-large size-large wp-image-1428\" alt=\"\" srcset=\"https:\/\/family-cycling.com\/83749289Sa-family-cycling-deutsch\/wp-content\/uploads\/Schuchmann-FollowMe-MOMO-05-400.jpg 800w, https:\/\/family-cycling.com\/83749289Sa-family-cycling-deutsch\/wp-content\/uploads\/Schuchmann-FollowMe-MOMO-05-400-300x200.jpg 300w\" sizes=\"auto, (max-width: 800px) 100vw, 800px\" \/>\t\t\t\t\t\t\t\t\t\t\t\t\t\t\t<\/div>\n\t\t\t\t<\/div>\n\t\t\t\t\t<\/div>\n\t\t<\/div>\n\t\t\t\t\t\t\t<\/div>\n\t\t<\/section>\n\t\t\t\t<section class=\"elementor-section elementor-top-section elementor-element elementor-element-44bad69 elementor-section-boxed elementor-section-height-default elementor-section-height-default\" data-id=\"44bad69\" data-element_type=\"section\">\n\t\t\t\t\t\t<div class=\"elementor-container elementor-column-gap-default\">\n\t\t\t\t\t<div class=\"elementor-column elementor-col-33 elementor-top-column elementor-element elementor-element-1cbb7d7\" data-id=\"1cbb7d7\" data-element_type=\"column\">\n\t\t\t<div class=\"elementor-widget-wrap\">\n\t\t\t\t\t\t\t\t\t<\/div>\n\t\t<\/div>\n\t\t\t\t<div class=\"elementor-column elementor-col-33 elementor-top-column elementor-element elementor-element-c264ab3\" data-id=\"c264ab3\" data-element_type=\"column\">\n\t\t\t<div class=\"elementor-widget-wrap elementor-element-populated\">\n\t\t\t\t\t\t\t\t<div class=\"elementor-element elementor-element-b198a69 elementor-widget elementor-widget-image\" data-id=\"b198a69\" data-element_type=\"widget\" data-widget_type=\"image.default\">\n\t\t\t\t<div class=\"elementor-widget-container\">\n\t\t\t\t\t\t\t\t\t\t\t\t\t\t\t<img loading=\"lazy\" decoding=\"async\" width=\"800\" height=\"532\" src=\"https:\/\/family-cycling.com\/83749289Sa-family-cycling-deutsch\/wp-content\/uploads\/Schuchmann-FollowMe-MOMO-08-400.jpg\" class=\"attachment-large size-large wp-image-1429\" alt=\"\" srcset=\"https:\/\/family-cycling.com\/83749289Sa-family-cycling-deutsch\/wp-content\/uploads\/Schuchmann-FollowMe-MOMO-08-400.jpg 800w, https:\/\/family-cycling.com\/83749289Sa-family-cycling-deutsch\/wp-content\/uploads\/Schuchmann-FollowMe-MOMO-08-400-300x200.jpg 300w\" sizes=\"auto, (max-width: 800px) 100vw, 800px\" \/>\t\t\t\t\t\t\t\t\t\t\t\t\t\t\t<\/div>\n\t\t\t\t<\/div>\n\t\t\t\t\t<\/div>\n\t\t<\/div>\n\t\t\t\t<div class=\"elementor-column elementor-col-33 elementor-top-column elementor-element elementor-element-6a20456\" data-id=\"6a20456\" data-element_type=\"column\">\n\t\t\t<div class=\"elementor-widget-wrap elementor-element-populated\">\n\t\t\t\t\t\t\t\t<div class=\"elementor-element elementor-element-e6a6ff1 elementor-widget elementor-widget-image\" data-id=\"e6a6ff1\" data-element_type=\"widget\" data-widget_type=\"image.default\">\n\t\t\t\t<div class=\"elementor-widget-container\">\n\t\t\t\t\t\t\t\t\t\t\t\t\t\t\t<img loading=\"lazy\" decoding=\"async\" width=\"800\" height=\"532\" src=\"https:\/\/family-cycling.com\/83749289Sa-family-cycling-deutsch\/wp-content\/uploads\/Schuchmann-FollowMe-MOMO-09-400.jpg\" class=\"attachment-large size-large wp-image-1430\" alt=\"\" srcset=\"https:\/\/family-cycling.com\/83749289Sa-family-cycling-deutsch\/wp-content\/uploads\/Schuchmann-FollowMe-MOMO-09-400.jpg 800w, https:\/\/family-cycling.com\/83749289Sa-family-cycling-deutsch\/wp-content\/uploads\/Schuchmann-FollowMe-MOMO-09-400-300x200.jpg 300w\" sizes=\"auto, (max-width: 800px) 100vw, 800px\" \/>\t\t\t\t\t\t\t\t\t\t\t\t\t\t\t<\/div>\n\t\t\t\t<\/div>\n\t\t\t\t\t<\/div>\n\t\t<\/div>\n\t\t\t\t\t\t\t<\/div>\n\t\t<\/section>\n\t\t\t\t<section class=\"elementor-section elementor-top-section elementor-element elementor-element-9ce4b66 elementor-section-boxed elementor-section-height-default elementor-section-height-default\" data-id=\"9ce4b66\" data-element_type=\"section\">\n\t\t\t\t\t\t<div class=\"elementor-container elementor-column-gap-default\">\n\t\t\t\t\t<div class=\"elementor-column elementor-col-33 elementor-top-column elementor-element elementor-element-91fe3c1\" data-id=\"91fe3c1\" data-element_type=\"column\">\n\t\t\t<div class=\"elementor-widget-wrap\">\n\t\t\t\t\t\t\t\t\t<\/div>\n\t\t<\/div>\n\t\t\t\t<div class=\"elementor-column elementor-col-33 elementor-top-column elementor-element elementor-element-d0e8216\" data-id=\"d0e8216\" data-element_type=\"column\">\n\t\t\t<div class=\"elementor-widget-wrap elementor-element-populated\">\n\t\t\t\t\t\t\t\t<div class=\"elementor-element elementor-element-ddec169 elementor-widget elementor-widget-image\" data-id=\"ddec169\" data-element_type=\"widget\" data-widget_type=\"image.default\">\n\t\t\t\t<div class=\"elementor-widget-container\">\n\t\t\t\t\t\t\t\t\t\t\t\t\t\t\t<img loading=\"lazy\" decoding=\"async\" width=\"800\" height=\"532\" src=\"https:\/\/family-cycling.com\/83749289Sa-family-cycling-deutsch\/wp-content\/uploads\/Schuchmann-FollowMe-MOMO-10-400.jpg\" class=\"attachment-large size-large wp-image-1431\" alt=\"\" srcset=\"https:\/\/family-cycling.com\/83749289Sa-family-cycling-deutsch\/wp-content\/uploads\/Schuchmann-FollowMe-MOMO-10-400.jpg 800w, https:\/\/family-cycling.com\/83749289Sa-family-cycling-deutsch\/wp-content\/uploads\/Schuchmann-FollowMe-MOMO-10-400-300x200.jpg 300w\" sizes=\"auto, (max-width: 800px) 100vw, 800px\" \/>\t\t\t\t\t\t\t\t\t\t\t\t\t\t\t<\/div>\n\t\t\t\t<\/div>\n\t\t\t\t\t<\/div>\n\t\t<\/div>\n\t\t\t\t<div class=\"elementor-column elementor-col-33 elementor-top-column elementor-element elementor-element-505ff4c\" data-id=\"505ff4c\" data-element_type=\"column\">\n\t\t\t<div class=\"elementor-widget-wrap elementor-element-populated\">\n\t\t\t\t\t\t\t\t<div class=\"elementor-element elementor-element-f62b924 elementor-widget elementor-widget-image\" data-id=\"f62b924\" data-element_type=\"widget\" data-widget_type=\"image.default\">\n\t\t\t\t<div class=\"elementor-widget-container\">\n\t\t\t\t\t\t\t\t\t\t\t\t\t\t\t<img loading=\"lazy\" decoding=\"async\" width=\"800\" height=\"532\" src=\"https:\/\/family-cycling.com\/83749289Sa-family-cycling-deutsch\/wp-content\/uploads\/Schuchmann-FollowMe-MOMO-12-400.jpg\" class=\"attachment-large size-large wp-image-1432\" alt=\"\" srcset=\"https:\/\/family-cycling.com\/83749289Sa-family-cycling-deutsch\/wp-content\/uploads\/Schuchmann-FollowMe-MOMO-12-400.jpg 800w, https:\/\/family-cycling.com\/83749289Sa-family-cycling-deutsch\/wp-content\/uploads\/Schuchmann-FollowMe-MOMO-12-400-300x200.jpg 300w\" sizes=\"auto, (max-width: 800px) 100vw, 800px\" \/>\t\t\t\t\t\t\t\t\t\t\t\t\t\t\t<\/div>\n\t\t\t\t<\/div>\n\t\t\t\t\t<\/div>\n\t\t<\/div>\n\t\t\t\t\t\t\t<\/div>\n\t\t<\/section>\n\t\t\t\t<section class=\"elementor-section elementor-top-section elementor-element elementor-element-ac2edd1 elementor-section-boxed elementor-section-height-default elementor-section-height-default\" data-id=\"ac2edd1\" data-element_type=\"section\">\n\t\t\t\t\t\t<div class=\"elementor-container elementor-column-gap-default\">\n\t\t\t\t\t<div class=\"elementor-column elementor-col-33 elementor-top-column elementor-element elementor-element-49a5c46\" data-id=\"49a5c46\" data-element_type=\"column\">\n\t\t\t<div class=\"elementor-widget-wrap\">\n\t\t\t\t\t\t\t\t\t<\/div>\n\t\t<\/div>\n\t\t\t\t<div class=\"elementor-column elementor-col-33 elementor-top-column elementor-element elementor-element-cc22e7c\" data-id=\"cc22e7c\" data-element_type=\"column\">\n\t\t\t<div class=\"elementor-widget-wrap elementor-element-populated\">\n\t\t\t\t\t\t\t\t<div class=\"elementor-element elementor-element-6355b90 elementor-widget elementor-widget-image\" data-id=\"6355b90\" data-element_type=\"widget\" data-widget_type=\"image.default\">\n\t\t\t\t<div class=\"elementor-widget-container\">\n\t\t\t\t\t\t\t\t\t\t\t\t\t\t\t<img loading=\"lazy\" decoding=\"async\" width=\"800\" height=\"532\" src=\"https:\/\/family-cycling.com\/83749289Sa-family-cycling-deutsch\/wp-content\/uploads\/Schuchmann-FollowMe-MOMO-13-400.jpg\" class=\"attachment-large size-large wp-image-1433\" alt=\"\" srcset=\"https:\/\/family-cycling.com\/83749289Sa-family-cycling-deutsch\/wp-content\/uploads\/Schuchmann-FollowMe-MOMO-13-400.jpg 800w, https:\/\/family-cycling.com\/83749289Sa-family-cycling-deutsch\/wp-content\/uploads\/Schuchmann-FollowMe-MOMO-13-400-300x200.jpg 300w\" sizes=\"auto, (max-width: 800px) 100vw, 800px\" \/>\t\t\t\t\t\t\t\t\t\t\t\t\t\t\t<\/div>\n\t\t\t\t<\/div>\n\t\t\t\t\t<\/div>\n\t\t<\/div>\n\t\t\t\t<div class=\"elementor-column elementor-col-33 elementor-top-column elementor-element elementor-element-410046b\" data-id=\"410046b\" data-element_type=\"column\">\n\t\t\t<div class=\"elementor-widget-wrap elementor-element-populated\">\n\t\t\t\t\t\t\t\t<div class=\"elementor-element elementor-element-d5badaf elementor-widget elementor-widget-image\" data-id=\"d5badaf\" data-element_type=\"widget\" data-widget_type=\"image.default\">\n\t\t\t\t<div class=\"elementor-widget-container\">\n\t\t\t\t\t\t\t\t\t\t\t\t\t\t\t<img loading=\"lazy\" decoding=\"async\" width=\"800\" height=\"533\" src=\"https:\/\/family-cycling.com\/83749289Sa-family-cycling-deutsch\/wp-content\/uploads\/Schuchmann-FollowMe-MOMO-strasse-400.jpg\" class=\"attachment-large size-large wp-image-1434\" alt=\"\" srcset=\"https:\/\/family-cycling.com\/83749289Sa-family-cycling-deutsch\/wp-content\/uploads\/Schuchmann-FollowMe-MOMO-strasse-400.jpg 800w, https:\/\/family-cycling.com\/83749289Sa-family-cycling-deutsch\/wp-content\/uploads\/Schuchmann-FollowMe-MOMO-strasse-400-300x200.jpg 300w\" sizes=\"auto, (max-width: 800px) 100vw, 800px\" \/>\t\t\t\t\t\t\t\t\t\t\t\t\t\t\t<\/div>\n\t\t\t\t<\/div>\n\t\t\t\t\t<\/div>\n\t\t<\/div>\n\t\t\t\t\t\t\t<\/div>\n\t\t<\/section>\n\t\t\t\t<section class=\"elementor-section elementor-top-section elementor-element elementor-element-fc7229e elementor-section-boxed elementor-section-height-default elementor-section-height-default\" data-id=\"fc7229e\" data-element_type=\"section\">\n\t\t\t\t\t\t<div class=\"elementor-container elementor-column-gap-default\">\n\t\t\t\t\t<div class=\"elementor-column elementor-col-33 elementor-top-column elementor-element elementor-element-c4ce3d5\" data-id=\"c4ce3d5\" data-element_type=\"column\">\n\t\t\t<div class=\"elementor-widget-wrap\">\n\t\t\t\t\t\t\t\t\t<\/div>\n\t\t<\/div>\n\t\t\t\t<div class=\"elementor-column elementor-col-66 elementor-top-column elementor-element elementor-element-b3a342b\" data-id=\"b3a342b\" data-element_type=\"column\">\n\t\t\t<div class=\"elementor-widget-wrap elementor-element-populated\">\n\t\t\t\t\t\t\t\t<div class=\"elementor-element elementor-element-e2c3a0f elementor-widget elementor-widget-text-editor\" data-id=\"e2c3a0f\" data-element_type=\"widget\" data-widget_type=\"text-editor.default\">\n\t\t\t\t<div class=\"elementor-widget-container\">\n\t\t\t\t\t\t\t<ul style=\"text-align: left;\"><li>Nach einmaliger Montage kann FollowMeMOMO dank seines geringen Eigengewichts problemlos dauerhaft am Erwachsenenrad verbleiben.<\/li><li>Daf\u00fcr muss nur die Hinterradachse des Zugfahrrades (26\u201c oder 28\u201c) mittels Schnellspanner oder passendem Achsadapter angepasst werden \u2013 selbst vollgefederte Mountainbikes stellen FollowMeMOMO vor kein Problem!<\/li><li>Mit nur wenigen Handgriffen und vor allem vollkommen ohne jegliches Werkzeug stellen Sie die Verbindung zwischen der Eltern-Kind-Kupplung und dem MOMO Dreirad Ihres Kindes her.<\/li><li>Dank drei verschiedener Gr\u00f6\u00dfen kann das System alle Radgr\u00f6\u00dfen von 12\u201c (Gr. 1), 16\u201c + 20\u201c (Gr. 2) und 24\u201c + 26\u201c (Gr. 3) aufnehmen.<\/li><li>Passend f\u00fcr alle MOMO Dreir\u00e4der mit Freilauf und\/oder Umschaltung auf Freilauf.<\/li><li>F\u00fcr alle 26\u201c- und 28\u201c-Erwachsenenr\u00e4der mit und ohne Hinterbaufederung mit Schnellspanner-Radbefestigung.<\/li><li>R\u00e4der mit Vollachse oder Radnabenschaltung k\u00f6nnen mit optional erh\u00e4ltlichen Adaptern vorbereitet werden.<\/li><li>Kindersitze, Gep\u00e4cktr\u00e4ger und Packtaschen bleiben am Zugfahrrad uneingeschr\u00e4nkt nutzbar.<\/li><\/ul><p style=\"text-align: left;\">Schuchmann GmbH &amp; Co. KG<br \/>D\u00fctestrasse 3<br \/>D-49205 Hasbergen<br \/>www.schuchmann-reha.de<\/p><p style=\"text-align: left;\"><a title=\"Reha mit FollowMe\" href=\"https:\/\/www.schuchmann.de\/produkt\/follow-me-momo\/\" target=\"_blank\" rel=\"noopener\">&gt; Hier geht es direkt zur Webseite<\/a><\/p><p style=\"text-align: left;\">Fon. +49 (0) 5405 909-0<br \/>Fax. +49 (0) 5405 909-109<br \/>info@schuchmann-reha.de<\/p>\t\t\t\t\t\t<\/div>\n\t\t\t\t<\/div>\n\t\t\t\t\t<\/div>\n\t\t<\/div>\n\t\t\t\t\t\t\t<\/div>\n\t\t<\/section>\n\t\t\t\t<section class=\"elementor-section elementor-top-section elementor-element elementor-element-1132f4b1 elementor-section-boxed elementor-section-height-default elementor-section-height-default\" data-id=\"1132f4b1\" data-element_type=\"section\">\n\t\t\t\t\t\t<div class=\"elementor-container elementor-column-gap-default\">\n\t\t\t\t\t<div class=\"elementor-column elementor-col-100 elementor-top-column elementor-element elementor-element-19e0c1e3\" data-id=\"19e0c1e3\" data-element_type=\"column\">\n\t\t\t<div class=\"elementor-widget-wrap elementor-element-populated\">\n\t\t\t\t\t\t\t\t<div class=\"elementor-element elementor-element-051c6a4 elementor-widget elementor-widget-spacer\" data-id=\"051c6a4\" data-element_type=\"widget\" data-widget_type=\"spacer.default\">\n\t\t\t\t<div class=\"elementor-widget-container\">\n\t\t\t\t\t<div class=\"elementor-spacer\">\n\t\t\t<div class=\"elementor-spacer-inner\"><\/div>\n\t\t<\/div>\n\t\t\t\t<\/div>\n\t\t\t\t<\/div>\n\t\t\t\t\t<\/div>\n\t\t<\/div>\n\t\t\t\t\t\t\t<\/div>\n\t\t<\/section>\n\t\t\t\t\t\t\t<\/div>\n\t\t","protected":false},"excerpt":{"rendered":"<p>FollowMe Reha Eine modifizierte Variante des FollowMe, f\u00fcr Kinder-Reha-Dreir\u00e4der, wird von unserer Partnerfirm Schuchmann GmbH in D-49205 Hasbergen angeboten.Bei Interesse wollen Sie sich bitte direkt in Verbindung setzen. Nach einmaliger Montage kann FollowMeMOMO dank seines geringen Eigengewichts problemlos dauerhaft am Erwachsenenrad verbleiben. Daf\u00fcr muss nur die Hinterradachse des Zugfahrrades (26\u201c oder 28\u201c) mittels Schnellspanner oder [&hellip;]<\/p>\n","protected":false},"author":1,"featured_media":0,"parent":0,"menu_order":0,"comment_status":"closed","ping_status":"closed","template":"","meta":{"footnotes":""},"class_list":["post-27","page","type-page","status-publish","hentry","entry"],"_links":{"self":[{"href":"https:\/\/family-cycling.com\/83749289Sa-family-cycling-deutsch\/wp-json\/wp\/v2\/pages\/27","targetHints":{"allow":["GET"]}}],"collection":[{"href":"https:\/\/family-cycling.com\/83749289Sa-family-cycling-deutsch\/wp-json\/wp\/v2\/pages"}],"about":[{"href":"https:\/\/family-cycling.com\/83749289Sa-family-cycling-deutsch\/wp-json\/wp\/v2\/types\/page"}],"author":[{"embeddable":true,"href":"https:\/\/family-cycling.com\/83749289Sa-family-cycling-deutsch\/wp-json\/wp\/v2\/users\/1"}],"replies":[{"embeddable":true,"href":"https:\/\/family-cycling.com\/83749289Sa-family-cycling-deutsch\/wp-json\/wp\/v2\/comments?post=27"}],"version-history":[{"count":60,"href":"https:\/\/family-cycling.com\/83749289Sa-family-cycling-deutsch\/wp-json\/wp\/v2\/pages\/27\/revisions"}],"predecessor-version":[{"id":2589,"href":"https:\/\/family-cycling.com\/83749289Sa-family-cycling-deutsch\/wp-json\/wp\/v2\/pages\/27\/revisions\/2589"}],"wp:attachment":[{"href":"https:\/\/family-cycling.com\/83749289Sa-family-cycling-deutsch\/wp-json\/wp\/v2\/media?parent=27"}],"curies":[{"name":"wp","href":"https:\/\/api.w.org\/{rel}","templated":true}]}}