{"id":64,"date":"2014-01-26T18:29:00","date_gmt":"2014-01-26T16:29:00","guid":{"rendered":"http:\/\/family-cycling.com\/wp-family-cycling\/?page_id=64"},"modified":"2023-01-20T17:04:44","modified_gmt":"2023-01-20T16:04:44","slug":"followme-funktionsweise","status":"publish","type":"page","link":"https:\/\/family-cycling.com\/83749289Sa-family-cycling-deutsch\/followme-funktionsweise\/","title":{"rendered":"FollowMe Funktionsweise"},"content":{"rendered":"\t\t<div data-elementor-type=\"wp-page\" data-elementor-id=\"64\" class=\"elementor elementor-64\">\n\t\t\t\t\t\t\t\t\t<section class=\"elementor-section elementor-top-section elementor-element elementor-element-34d0ab23 elementor-section-full_width elementor-section-height-min-height elementor-section-height-default elementor-section-items-middle\" data-id=\"34d0ab23\" data-element_type=\"section\" data-settings=\"{&quot;background_background&quot;:&quot;slideshow&quot;,&quot;background_slideshow_gallery&quot;:[{&quot;id&quot;:961,&quot;url&quot;:&quot;https:\\\/\\\/family-cycling.com\\\/83749289Sa-family-cycling-deutsch\\\/wp-content\\\/uploads\\\/followme-umbau-pause-03.jpg&quot;}],&quot;background_slideshow_slide_duration&quot;:3882,&quot;background_slideshow_transition_duration&quot;:2000,&quot;background_slideshow_loop&quot;:&quot;yes&quot;,&quot;background_slideshow_slide_transition&quot;:&quot;fade&quot;}\">\n\t\t\t\t\t\t<div class=\"elementor-container elementor-column-gap-default\">\n\t\t\t\t\t<div class=\"elementor-column elementor-col-100 elementor-top-column elementor-element elementor-element-45751a9a\" data-id=\"45751a9a\" data-element_type=\"column\">\n\t\t\t<div class=\"elementor-widget-wrap\">\n\t\t\t\t\t\t\t\t\t<\/div>\n\t\t<\/div>\n\t\t\t\t\t\t\t<\/div>\n\t\t<\/section>\n\t\t\t\t<section class=\"elementor-section elementor-top-section elementor-element elementor-element-279db68 elementor-section-boxed elementor-section-height-default elementor-section-height-default\" data-id=\"279db68\" data-element_type=\"section\">\n\t\t\t\t\t\t<div class=\"elementor-container elementor-column-gap-default\">\n\t\t\t\t\t<div class=\"elementor-column elementor-col-100 elementor-top-column elementor-element elementor-element-0390cce\" data-id=\"0390cce\" data-element_type=\"column\">\n\t\t\t<div class=\"elementor-widget-wrap elementor-element-populated\">\n\t\t\t\t\t\t\t\t<div class=\"elementor-element elementor-element-220260b elementor-widget elementor-widget-spacer\" data-id=\"220260b\" data-element_type=\"widget\" data-widget_type=\"spacer.default\">\n\t\t\t\t<div class=\"elementor-widget-container\">\n\t\t\t<style>\/*! elementor - v3.10.2 - 29-01-2023 *\/\n.elementor-column .elementor-spacer-inner{height:var(--spacer-size)}.e-con{--container-widget-width:100%}.e-con-inner>.elementor-widget-spacer,.e-con>.elementor-widget-spacer{width:var(--container-widget-width,var(--spacer-size));--align-self:var(--container-widget-align-self,initial);--flex-shrink:0}.e-con-inner>.elementor-widget-spacer>.elementor-widget-container,.e-con-inner>.elementor-widget-spacer>.elementor-widget-container>.elementor-spacer,.e-con>.elementor-widget-spacer>.elementor-widget-container,.e-con>.elementor-widget-spacer>.elementor-widget-container>.elementor-spacer{height:100%}.e-con-inner>.elementor-widget-spacer>.elementor-widget-container>.elementor-spacer>.elementor-spacer-inner,.e-con>.elementor-widget-spacer>.elementor-widget-container>.elementor-spacer>.elementor-spacer-inner{height:var(--container-widget-height,var(--spacer-size))}<\/style>\t\t<div class=\"elementor-spacer\">\n\t\t\t<div class=\"elementor-spacer-inner\"><\/div>\n\t\t<\/div>\n\t\t\t\t<\/div>\n\t\t\t\t<\/div>\n\t\t\t\t\t<\/div>\n\t\t<\/div>\n\t\t\t\t\t\t\t<\/div>\n\t\t<\/section>\n\t\t\t\t<section class=\"elementor-section elementor-top-section elementor-element elementor-element-1067997 elementor-section-boxed elementor-section-height-default elementor-section-height-default\" data-id=\"1067997\" data-element_type=\"section\">\n\t\t\t\t\t\t<div class=\"elementor-container elementor-column-gap-default\">\n\t\t\t\t\t<div class=\"elementor-column elementor-col-33 elementor-top-column elementor-element elementor-element-f909fff\" data-id=\"f909fff\" data-element_type=\"column\">\n\t\t\t<div class=\"elementor-widget-wrap elementor-element-populated\">\n\t\t\t\t\t\t\t\t<div class=\"elementor-element elementor-element-91846b3 elementor-widget__width-initial elementor-widget elementor-widget-wp-widget-ocean_custom_menu\" data-id=\"91846b3\" data-element_type=\"widget\" data-widget_type=\"wp-widget-ocean_custom_menu.default\">\n\t\t\t\t<div class=\"elementor-widget-container\">\n\t\t\t<style type=\"text\/css\">.ocean_custom_menu-REPLACE_TO_ID > ul > li > a, .custom-menu-widget .ocean_custom_menu-REPLACE_TO_ID .dropdown-menu .sub-menu li a.menu-link{color:#666;font-size:16px;}.custom-menu-widget .ocean_custom_menu-REPLACE_TO_ID.oceanwp-custom-menu > ul.click-menu .open-this{color:#666;font-size:16px;}.ocean_custom_menu-REPLACE_TO_ID > ul > li > a:hover, .custom-menu-widget .ocean_custom_menu-REPLACE_TO_ID .dropdown-menu .sub-menu li a.menu-link:hover{color:#E30505;}.custom-menu-widget .ocean_custom_menu-REPLACE_TO_ID.oceanwp-custom-menu > ul.click-menu .open-this:hover{color:#E30505;}<\/style><div class=\"oceanwp-custom-menu clr ocean_custom_menu-REPLACE_TO_ID left dropdown-hover\"><ul id=\"menu-followme\" class=\"dropdown-menu sf-menu\"><li  id=\"menu-item-1733\" class=\"menu-item menu-item-type-post_type menu-item-object-page menu-item-1733\"><a href=\"https:\/\/family-cycling.com\/83749289Sa-family-cycling-deutsch\/followme-funktionsweise\/\" class=\"menu-link\">> FollowMe Funktionsweise<\/a><\/li>\n<li  id=\"menu-item-1735\" class=\"menu-item menu-item-type-post_type menu-item-object-page menu-item-1735\"><a href=\"https:\/\/family-cycling.com\/83749289Sa-family-cycling-deutsch\/einfach-genial-filmbericht-des-mdr\/\" class=\"menu-link\">> Videos<\/a><\/li>\n<li  id=\"menu-item-1734\" class=\"menu-item menu-item-type-post_type menu-item-object-page menu-item-1734\"><a href=\"https:\/\/family-cycling.com\/83749289Sa-family-cycling-deutsch\/followme-reha\/\" class=\"menu-link\">> FollowMe Reha<\/a><\/li>\n<li  id=\"menu-item-1732\" class=\"menu-item menu-item-type-post_type menu-item-object-page menu-item-1732\"><a href=\"https:\/\/family-cycling.com\/83749289Sa-family-cycling-deutsch\/downloads\/\" class=\"menu-link\">> Downloads<\/a><\/li>\n<\/ul><\/div>\t\t<\/div>\n\t\t\t\t<\/div>\n\t\t\t\t<div class=\"elementor-element elementor-element-65fb145 elementor-widget elementor-widget-spacer\" data-id=\"65fb145\" data-element_type=\"widget\" data-widget_type=\"spacer.default\">\n\t\t\t\t<div class=\"elementor-widget-container\">\n\t\t\t\t\t<div class=\"elementor-spacer\">\n\t\t\t<div class=\"elementor-spacer-inner\"><\/div>\n\t\t<\/div>\n\t\t\t\t<\/div>\n\t\t\t\t<\/div>\n\t\t\t\t\t<\/div>\n\t\t<\/div>\n\t\t\t\t<div class=\"elementor-column elementor-col-66 elementor-top-column elementor-element elementor-element-8d60ad3\" data-id=\"8d60ad3\" data-element_type=\"column\">\n\t\t\t<div class=\"elementor-widget-wrap elementor-element-populated\">\n\t\t\t\t\t\t\t\t<div class=\"elementor-element elementor-element-7c4ed335 elementor-widget elementor-widget-text-editor\" data-id=\"7c4ed335\" data-element_type=\"widget\" data-widget_type=\"text-editor.default\">\n\t\t\t\t<div class=\"elementor-widget-container\">\n\t\t\t<style>\/*! elementor - v3.10.2 - 29-01-2023 *\/\n.elementor-widget-text-editor.elementor-drop-cap-view-stacked .elementor-drop-cap{background-color:#818a91;color:#fff}.elementor-widget-text-editor.elementor-drop-cap-view-framed .elementor-drop-cap{color:#818a91;border:3px solid;background-color:transparent}.elementor-widget-text-editor:not(.elementor-drop-cap-view-default) .elementor-drop-cap{margin-top:8px}.elementor-widget-text-editor:not(.elementor-drop-cap-view-default) .elementor-drop-cap-letter{width:1em;height:1em}.elementor-widget-text-editor .elementor-drop-cap{float:left;text-align:center;line-height:1;font-size:50px}.elementor-widget-text-editor .elementor-drop-cap-letter{display:inline-block}<\/style>\t\t\t\t<p style=\"text-align: left;\"><span style=\"color: #333333; font-family: Arial, Helvetica, sans-serif; font-size: 32px; font-weight: bold; letter-spacing: 0px;\">FollowMe Funktionsweise<\/span><\/p><p style=\"text-align: left;\"><img loading=\"lazy\" decoding=\"async\" class=\"alignnone wp-image-264 size-full\" src=\"..\/wp-content\/uploads\/followme-tandem-einzeln-800.jpg\" alt=\"Followme-Tandem Produktfoto\" width=\"800\" height=\"469\" srcset=\"https:\/\/family-cycling.com\/83749289Sa-family-cycling-deutsch\/wp-content\/uploads\/followme-tandem-einzeln-800.jpg 800w, https:\/\/family-cycling.com\/83749289Sa-family-cycling-deutsch\/wp-content\/uploads\/followme-tandem-einzeln-800-300x175.jpg 300w\" sizes=\"auto, (max-width: 800px) 100vw, 800px\" \/><\/p><h2 style=\"text-align: left;\">\u00a0<strong>\u00bbFollowMe\u00ab<\/strong><\/h2><p style=\"text-align: left;\">koppelt jedes handels\u00fcbliche Kinderrad an das Erwachsenenrad. Durch die tief liegende Tandem-Verbindung zum Erwachsenenrad ist eine stabile Kraft\u00fcbertragung gew\u00e4hrleistet, Vorderrad und Lenker des Kinderrades (zwischen zw\u00f6lf und zwanzig Zoll gross) sind beim Fahren blockiert.<\/p><p style=\"text-align: left;\"><img loading=\"lazy\" decoding=\"async\" class=\"alignnone wp-image-1053 size-full\" style=\"margin: 0px 20px 10px 0px;\" src=\"https:\/\/family-cycling.com\/83749289Sa-family-cycling-deutsch\/wp-content\/uploads\/followme-anhaenger-fahrrad-2501.jpg\" alt=\"Kinderrad an Followme angeh\u00e4ngt\" width=\"250\" height=\"182\" \/><\/p><p style=\"text-align: left;\">Das Kind kann im Freilauf mitfahren und auch mittreten \u2013 oder bei Bedarf das eigene Rad wieder abkoppeln lassen und selbst\u00e4ndig lenken. Das FollowMe bleibt am Fahrrad, wenn es nicht gebraucht wird und das Kind wieder selber lenkt.<\/p><p style=\"text-align: left;\">Der Gep\u00e4cktr\u00e4ger ist immer uneingeschr\u00e4nkt frei f\u00fcr den Einkauf, Reisetaschen oder ein zweites Kind im Kindersitz.<\/p><hr \/><h3 style=\"text-align: left;\">\u00a0<\/h3><h3 style=\"text-align: left;\">Werkzeugfreie Verbindung<\/h3><p style=\"text-align: left;\">Mit wenigen Handgriffen und vollkommen werkzeugfrei erledigen Sie die stabile und jederzeit sichere Verbindung zwischen Erwachsenen- und Kinderrad.<\/p><h3 style=\"text-align: left;\"><img loading=\"lazy\" decoding=\"async\" class=\"wp-image-262 size-full alignnone\" style=\"margin: 0px 20px 10px 0px;\" src=\"https:\/\/family-cycling.com\/83749289Sa-family-cycling-deutsch\/wp-content\/uploads\/motage-2501.jpg\" alt=\"Kinderfahrrad Montage ohne Werkzeug\" width=\"250\" height=\"250\" srcset=\"https:\/\/family-cycling.com\/83749289Sa-family-cycling-deutsch\/wp-content\/uploads\/motage-2501.jpg 250w, https:\/\/family-cycling.com\/83749289Sa-family-cycling-deutsch\/wp-content\/uploads\/motage-2501-150x150.jpg 150w, https:\/\/family-cycling.com\/83749289Sa-family-cycling-deutsch\/wp-content\/uploads\/motage-2501-60x60.jpg 60w\" sizes=\"auto, (max-width: 250px) 100vw, 250px\" \/><\/h3><p style=\"text-align: left;\">Dazu wird lediglich das Vorderrad des Kinderbikes in die Kupplung eingespannt und mit der fest montierten Klammer fixiert \u2013 absolut stressfrei; egal wann, egal wo.<\/p><hr \/><h3 style=\"text-align: left;\">\u00a0<\/h3><h3 style=\"text-align: left;\">Einmalige Grundmontage<\/h3><p style=\"text-align: left;\">Einmal montiert, verbleiben die FollowMe-Aufnahmeadapter permanent an Ihren Fahrr\u00e4dern. Die universell passende Klammer am Unterrohr des Kinderrades und die Achsadapter am Elternfahrrad bilden zusammen die Fixierpunkte der Tandemkupplung. Es ist nun Ihre Entscheidung, wann das FollowMe ans Rad kommt \u2013 der An- und Abbau erfolgt einfach im Handumdrehen.<\/p><p style=\"text-align: left;\"><img loading=\"lazy\" decoding=\"async\" class=\"wp-image-1232 size-full alignleft\" src=\"https:\/\/family-cycling.com\/83749289Sa-family-cycling-deutsch\/wp-content\/uploads\/followme-fixierung-620.jpg\" alt=\"FollowMe Fixierung\" width=\"620\" height=\"200\" srcset=\"https:\/\/family-cycling.com\/83749289Sa-family-cycling-deutsch\/wp-content\/uploads\/followme-fixierung-620.jpg 620w, https:\/\/family-cycling.com\/83749289Sa-family-cycling-deutsch\/wp-content\/uploads\/followme-fixierung-620-300x96.jpg 300w\" sizes=\"auto, (max-width: 620px) 100vw, 620px\" \/><\/p><hr \/><h3 style=\"text-align: left;\">\u00a0<\/h3><h3 style=\"text-align: left;\">Problemlos auch zur Solofahrt<\/h3><p style=\"text-align: left;\">Selbst wenn Sie Ihr Kind mal nicht mit auf Tour nehmen, muss Ihr FollowMe nicht vollst\u00e4ndig vom Rad entfernt werden: Die Kupplung l\u00e4sst sich m\u00fchelos einklappen und mittels eines Karabinerhakens am Gep\u00e4cktr\u00e4ger oder am Sattel befestigen.<\/p><p style=\"text-align: left;\">Dank des geringen Eigengewichts von 4 Kilogramm ist der Verbleib am Rad nicht st\u00f6rend.<\/p><h3 style=\"text-align: left;\"><img loading=\"lazy\" decoding=\"async\" class=\"alignleft wp-image-308 size-full\" style=\"margin: 0px 20px 10px 0px;\" src=\"https:\/\/family-cycling.com\/83749289Sa-family-cycling-deutsch\/wp-content\/uploads\/followme-montiert-620.jpg\" alt=\"Followme fertig montiert\" width=\"620\" height=\"409\" srcset=\"https:\/\/family-cycling.com\/83749289Sa-family-cycling-deutsch\/wp-content\/uploads\/followme-montiert-620.jpg 620w, https:\/\/family-cycling.com\/83749289Sa-family-cycling-deutsch\/wp-content\/uploads\/followme-montiert-620-300x197.jpg 300w\" sizes=\"auto, (max-width: 620px) 100vw, 620px\" \/><\/h3><div style=\"text-align: left;\">\u00a0<\/div><div style=\"text-align: left;\">\u00a0<\/div><h3 style=\"text-align: left;\">\u00a0<\/h3><h3 style=\"text-align: left;\">\u00a0<\/h3><h3 style=\"text-align: left;\">\u00a0<\/h3><h3 style=\"text-align: left;\">\u00a0<\/h3><h3 style=\"text-align: left;\">\u00a0<\/h3><hr \/><h3 style=\"text-align: left;\">\u00a0<\/h3><h3 style=\"text-align: left;\">Platz f\u00fcr alles und alle<\/h3><p style=\"text-align: left;\">Sie sind mit mehr als einem Kind oder mit Gep\u00e4ck unterwegs? Kein Problem \u2013 dank FollowMe bleibt Ihr Gep\u00e4cktr\u00e4ger uneingeschr\u00e4nkt nutzbar und bietet somit Platz f\u00fcr einen Kindersitz oder Packtaschen.<\/p><p style=\"text-align: left;\">Durch die Verbindung von Erwachsenen- und Kinderrad auf Achsh\u00f6he wird das Fahrverhalten nicht negativ beeinflusst.<\/p><h3 style=\"text-align: left;\"><img loading=\"lazy\" decoding=\"async\" class=\"wp-image-246 size-medium alignleft\" style=\"margin: 0px 20px 10px 0px;\" src=\"https:\/\/family-cycling.com\/83749289Sa-family-cycling-deutsch\/wp-content\/uploads\/fahrrad-anhaenger-01-500-300x102.jpg\" alt=\"Followme Kinderfahrdanh\u00e4nger\" width=\"300\" height=\"102\" srcset=\"https:\/\/family-cycling.com\/83749289Sa-family-cycling-deutsch\/wp-content\/uploads\/fahrrad-anhaenger-01-500-300x102.jpg 300w, https:\/\/family-cycling.com\/83749289Sa-family-cycling-deutsch\/wp-content\/uploads\/fahrrad-anhaenger-01-500.jpg 500w\" sizes=\"auto, (max-width: 300px) 100vw, 300px\" \/><\/h3><p>\u00a0<\/p><p>\u00a0<\/p><p>\u00a0<\/p><hr \/><h3 style=\"text-align: left;\">\u00a0<\/h3><h3 style=\"text-align: left;\">Zukunftssicher dank Flexibilit\u00e4t<\/h3><p style=\"text-align: left;\">Das Rad Ihres Kindes wird mit ihm wachsen \u2013 und FollowMe w\u00e4chst mit! Denn die clevere Eltern-Kind-Tandemkupplung nimmt Kinderbikes mit einem Raddurchmesser von 12 bis 20 Zoll auf.<img loading=\"lazy\" decoding=\"async\" class=\"wp-image-256 size-full alignleft\" style=\"margin: 0px 20px 10px 0px;\" src=\"https:\/\/family-cycling.com\/83749289Sa-family-cycling-deutsch\/wp-content\/uploads\/followme-anhaenger-skizze-250.jpg\" alt=\"Skizzenhafte Darstellung Followme Fahrrad hinten dran\" width=\"250\" height=\"134\" \/><\/p><p style=\"text-align: left;\">Sobald Ihr Nachwuchs mit etwa 3 Jahren erstmals die Verbindung zu Ihnen aufnehmen kann, nehmen Sie ihn in Schlepptau \u2013 bis etwa zu seinem 9. Lebensjahr.<\/p><h3 style=\"text-align: left;\">\u00a0<\/h3>\t\t\t\t\t\t<\/div>\n\t\t\t\t<\/div>\n\t\t\t\t\t<\/div>\n\t\t<\/div>\n\t\t\t\t\t\t\t<\/div>\n\t\t<\/section>\n\t\t\t\t<section class=\"elementor-section elementor-top-section elementor-element elementor-element-32d79001 elementor-section-boxed elementor-section-height-default elementor-section-height-default\" data-id=\"32d79001\" data-element_type=\"section\">\n\t\t\t\t\t\t<div class=\"elementor-container elementor-column-gap-default\">\n\t\t\t\t\t<div class=\"elementor-column elementor-col-50 elementor-top-column elementor-element elementor-element-49cb0ab3\" data-id=\"49cb0ab3\" data-element_type=\"column\">\n\t\t\t<div class=\"elementor-widget-wrap\">\n\t\t\t\t\t\t\t\t\t<\/div>\n\t\t<\/div>\n\t\t\t\t<div class=\"elementor-column elementor-col-50 elementor-top-column elementor-element elementor-element-72c94e8\" data-id=\"72c94e8\" data-element_type=\"column\" data-settings=\"{&quot;background_background&quot;:&quot;classic&quot;}\">\n\t\t\t<div class=\"elementor-widget-wrap elementor-element-populated\">\n\t\t\t\t\t\t\t\t<div class=\"elementor-element elementor-element-fd69c91 elementor-widget elementor-widget-text-editor\" data-id=\"fd69c91\" data-element_type=\"widget\" data-widget_type=\"text-editor.default\">\n\t\t\t\t<div class=\"elementor-widget-container\">\n\t\t\t\t\t\t\t<h3>Technische Information<\/h3><ul><li>Zugfahrrad:\u00a0alle 26\u201c bis 29\u201c (max. 2.00 Bereifung) mit und ohne Hinterbaufederung (\u201eFully\u201c) mit Schnellspanner-Radbefestigung.<\/li><li>R\u00e4der mit Vollachse oder Radnabenschaltung k\u00f6nnen mit optional erh\u00e4ltlichen Adaptern vorbereitet werden.<\/li><li>Kinderrad: Passend f\u00fcr alle g\u00e4ngigen Gr\u00f6ssen von 12 bis 20 Zoll Raddurchmesser (vom etwa 3. bis 9. Lebensjahr)<\/li><li>Material: stabile Stahlrahmenkonstruktion<\/li><li>Systemgewicht: 4 kg<\/li><li>Zuggewicht: bis 45 kg (T\u00dcV-gepr\u00fcft)<\/li><li>Zusatzbeladung: Kindersitz, Gep\u00e4cktr\u00e4ger und Packtaschen bleiben uneingeschr\u00e4nkt nutzbar<\/li><li>Zubeh\u00f6r: zus\u00e4tzliche Montagesets zur Vorbereitung weiterer Erwachsenen- und Kinderfahrr\u00e4der<\/li><\/ul>\t\t\t\t\t\t<\/div>\n\t\t\t\t<\/div>\n\t\t\t\t\t<\/div>\n\t\t<\/div>\n\t\t\t\t\t\t\t<\/div>\n\t\t<\/section>\n\t\t\t\t<section class=\"elementor-section elementor-top-section elementor-element elementor-element-205a270 elementor-section-boxed elementor-section-height-default elementor-section-height-default\" data-id=\"205a270\" data-element_type=\"section\">\n\t\t\t\t\t\t<div class=\"elementor-container elementor-column-gap-default\">\n\t\t\t\t\t<div class=\"elementor-column elementor-col-100 elementor-top-column elementor-element elementor-element-0d45b1e\" data-id=\"0d45b1e\" data-element_type=\"column\">\n\t\t\t<div class=\"elementor-widget-wrap elementor-element-populated\">\n\t\t\t\t\t\t\t\t<div class=\"elementor-element elementor-element-7fbfc50 elementor-widget elementor-widget-spacer\" data-id=\"7fbfc50\" data-element_type=\"widget\" data-widget_type=\"spacer.default\">\n\t\t\t\t<div class=\"elementor-widget-container\">\n\t\t\t\t\t<div class=\"elementor-spacer\">\n\t\t\t<div class=\"elementor-spacer-inner\"><\/div>\n\t\t<\/div>\n\t\t\t\t<\/div>\n\t\t\t\t<\/div>\n\t\t\t\t\t<\/div>\n\t\t<\/div>\n\t\t\t\t\t\t\t<\/div>\n\t\t<\/section>\n\t\t\t\t\t\t\t<\/div>\n\t\t","protected":false},"excerpt":{"rendered":"<p>FollowMe Funktionsweise \u00a0\u00bbFollowMe\u00ab koppelt jedes handels\u00fcbliche Kinderrad an das Erwachsenenrad. Durch die tief liegende Tandem-Verbindung zum Erwachsenenrad ist eine stabile Kraft\u00fcbertragung gew\u00e4hrleistet, Vorderrad und Lenker des Kinderrades (zwischen zw\u00f6lf und zwanzig Zoll gross) sind beim Fahren blockiert. Das Kind kann im Freilauf mitfahren und auch mittreten \u2013 oder bei Bedarf das eigene Rad wieder abkoppeln [&hellip;]<\/p>\n","protected":false},"author":1,"featured_media":0,"parent":0,"menu_order":0,"comment_status":"closed","ping_status":"closed","template":"","meta":{"footnotes":""},"class_list":["post-64","page","type-page","status-publish","hentry","entry"],"_links":{"self":[{"href":"https:\/\/family-cycling.com\/83749289Sa-family-cycling-deutsch\/wp-json\/wp\/v2\/pages\/64","targetHints":{"allow":["GET"]}}],"collection":[{"href":"https:\/\/family-cycling.com\/83749289Sa-family-cycling-deutsch\/wp-json\/wp\/v2\/pages"}],"about":[{"href":"https:\/\/family-cycling.com\/83749289Sa-family-cycling-deutsch\/wp-json\/wp\/v2\/types\/page"}],"author":[{"embeddable":true,"href":"https:\/\/family-cycling.com\/83749289Sa-family-cycling-deutsch\/wp-json\/wp\/v2\/users\/1"}],"replies":[{"embeddable":true,"href":"https:\/\/family-cycling.com\/83749289Sa-family-cycling-deutsch\/wp-json\/wp\/v2\/comments?post=64"}],"version-history":[{"count":266,"href":"https:\/\/family-cycling.com\/83749289Sa-family-cycling-deutsch\/wp-json\/wp\/v2\/pages\/64\/revisions"}],"predecessor-version":[{"id":2583,"href":"https:\/\/family-cycling.com\/83749289Sa-family-cycling-deutsch\/wp-json\/wp\/v2\/pages\/64\/revisions\/2583"}],"wp:attachment":[{"href":"https:\/\/family-cycling.com\/83749289Sa-family-cycling-deutsch\/wp-json\/wp\/v2\/media?parent=64"}],"curies":[{"name":"wp","href":"https:\/\/api.w.org\/{rel}","templated":true}]}}