{"id":94,"date":"2014-01-26T18:37:27","date_gmt":"2014-01-26T16:37:27","guid":{"rendered":"http:\/\/family-cycling.com\/wp-family-cycling\/?page_id=94"},"modified":"2023-01-20T17:02:02","modified_gmt":"2023-01-20T16:02:02","slug":"wer-hats-erfunden","status":"publish","type":"page","link":"https:\/\/family-cycling.com\/83749289Sa-family-cycling-deutsch\/wer-hats-erfunden\/","title":{"rendered":"&#8222;Wer hat&#8217;s erfunden?&#8220;"},"content":{"rendered":"\t\t<div data-elementor-type=\"wp-page\" data-elementor-id=\"94\" class=\"elementor elementor-94\">\n\t\t\t\t\t\t\t\t\t<section class=\"elementor-section elementor-top-section elementor-element elementor-element-2e56e50f elementor-section-full_width elementor-section-height-min-height elementor-section-height-default elementor-section-items-middle\" data-id=\"2e56e50f\" data-element_type=\"section\" data-settings=\"{&quot;background_background&quot;:&quot;slideshow&quot;,&quot;background_slideshow_slide_duration&quot;:3882,&quot;background_slideshow_transition_duration&quot;:2000,&quot;background_slideshow_gallery&quot;:[{&quot;id&quot;:950,&quot;url&quot;:&quot;https:\\\/\\\/family-cycling.com\\\/83749289Sa-family-cycling-deutsch\\\/wp-content\\\/uploads\\\/wer-hat-es-erfunden.jpg&quot;}],&quot;background_slideshow_slide_transition&quot;:&quot;fade&quot;}\">\n\t\t\t\t\t\t<div class=\"elementor-container elementor-column-gap-default\">\n\t\t\t\t\t<div class=\"elementor-column elementor-col-100 elementor-top-column elementor-element elementor-element-58d1f49a\" data-id=\"58d1f49a\" data-element_type=\"column\">\n\t\t\t<div class=\"elementor-widget-wrap\">\n\t\t\t\t\t\t\t\t\t<\/div>\n\t\t<\/div>\n\t\t\t\t\t\t\t<\/div>\n\t\t<\/section>\n\t\t\t\t<section class=\"elementor-section elementor-top-section elementor-element elementor-element-d286e5b elementor-section-boxed elementor-section-height-default elementor-section-height-default\" data-id=\"d286e5b\" data-element_type=\"section\">\n\t\t\t\t\t\t<div class=\"elementor-container elementor-column-gap-default\">\n\t\t\t\t\t<div class=\"elementor-column elementor-col-100 elementor-top-column elementor-element elementor-element-8a39d5b\" data-id=\"8a39d5b\" data-element_type=\"column\">\n\t\t\t<div class=\"elementor-widget-wrap elementor-element-populated\">\n\t\t\t\t\t\t\t\t<div class=\"elementor-element elementor-element-5bc909e elementor-widget elementor-widget-spacer\" data-id=\"5bc909e\" data-element_type=\"widget\" data-widget_type=\"spacer.default\">\n\t\t\t\t<div class=\"elementor-widget-container\">\n\t\t\t<style>\/*! elementor - v3.10.2 - 29-01-2023 *\/\n.elementor-column .elementor-spacer-inner{height:var(--spacer-size)}.e-con{--container-widget-width:100%}.e-con-inner>.elementor-widget-spacer,.e-con>.elementor-widget-spacer{width:var(--container-widget-width,var(--spacer-size));--align-self:var(--container-widget-align-self,initial);--flex-shrink:0}.e-con-inner>.elementor-widget-spacer>.elementor-widget-container,.e-con-inner>.elementor-widget-spacer>.elementor-widget-container>.elementor-spacer,.e-con>.elementor-widget-spacer>.elementor-widget-container,.e-con>.elementor-widget-spacer>.elementor-widget-container>.elementor-spacer{height:100%}.e-con-inner>.elementor-widget-spacer>.elementor-widget-container>.elementor-spacer>.elementor-spacer-inner,.e-con>.elementor-widget-spacer>.elementor-widget-container>.elementor-spacer>.elementor-spacer-inner{height:var(--container-widget-height,var(--spacer-size))}<\/style>\t\t<div class=\"elementor-spacer\">\n\t\t\t<div class=\"elementor-spacer-inner\"><\/div>\n\t\t<\/div>\n\t\t\t\t<\/div>\n\t\t\t\t<\/div>\n\t\t\t\t\t<\/div>\n\t\t<\/div>\n\t\t\t\t\t\t\t<\/div>\n\t\t<\/section>\n\t\t\t\t<section class=\"elementor-section elementor-top-section elementor-element elementor-element-644ea42c elementor-section-boxed elementor-section-height-default elementor-section-height-default\" data-id=\"644ea42c\" data-element_type=\"section\">\n\t\t\t\t\t\t<div class=\"elementor-container elementor-column-gap-default\">\n\t\t\t\t\t<div class=\"elementor-column elementor-col-33 elementor-top-column elementor-element elementor-element-55a21ba8\" data-id=\"55a21ba8\" data-element_type=\"column\">\n\t\t\t<div class=\"elementor-widget-wrap elementor-element-populated\">\n\t\t\t\t\t\t\t\t<div class=\"elementor-element elementor-element-4e7747d6 elementor-widget__width-initial elementor-widget elementor-widget-wp-widget-ocean_custom_menu\" data-id=\"4e7747d6\" data-element_type=\"widget\" data-widget_type=\"wp-widget-ocean_custom_menu.default\">\n\t\t\t\t<div class=\"elementor-widget-container\">\n\t\t\t<style type=\"text\/css\">.ocean_custom_menu-REPLACE_TO_ID > ul > li > a, .custom-menu-widget .ocean_custom_menu-REPLACE_TO_ID .dropdown-menu .sub-menu li a.menu-link{color:#666;font-size:16px;}.custom-menu-widget .ocean_custom_menu-REPLACE_TO_ID.oceanwp-custom-menu > ul.click-menu .open-this{color:#666;font-size:16px;}.ocean_custom_menu-REPLACE_TO_ID > ul > li > a:hover, .custom-menu-widget .ocean_custom_menu-REPLACE_TO_ID .dropdown-menu .sub-menu li a.menu-link:hover{color:#E30505;}.custom-menu-widget .ocean_custom_menu-REPLACE_TO_ID.oceanwp-custom-menu > ul.click-menu .open-this:hover{color:#E30505;}<\/style><div class=\"oceanwp-custom-menu clr ocean_custom_menu-REPLACE_TO_ID left dropdown-hover\"><ul id=\"menu-firma\" class=\"dropdown-menu sf-menu\"><li  id=\"menu-item-1724\" class=\"menu-item menu-item-type-post_type menu-item-object-page menu-item-1724\"><a href=\"https:\/\/family-cycling.com\/83749289Sa-family-cycling-deutsch\/wer-hats-erfunden\/\" class=\"menu-link\">>\u201eWer hat\u2019s erfunden?\u201c<\/a><\/li>\n<li  id=\"menu-item-1725\" class=\"menu-item menu-item-type-post_type menu-item-object-page menu-item-1725\"><a href=\"https:\/\/family-cycling.com\/83749289Sa-family-cycling-deutsch\/artikel-aus-magazinen\/\" class=\"menu-link\">> Artikel aus Magazinen<\/a><\/li>\n<li  id=\"menu-item-1727\" class=\"menu-item menu-item-type-post_type menu-item-object-page menu-item-1727\"><a href=\"https:\/\/family-cycling.com\/83749289Sa-family-cycling-deutsch\/weblinks\/\" class=\"menu-link\">> Weblinks<\/a><\/li>\n<li  id=\"menu-item-1726\" class=\"menu-item menu-item-type-post_type menu-item-object-page menu-item-1726\"><a href=\"https:\/\/family-cycling.com\/83749289Sa-family-cycling-deutsch\/kontakt\/\" class=\"menu-link\">> Kontakt<\/a><\/li>\n<\/ul><\/div>\t\t<\/div>\n\t\t\t\t<\/div>\n\t\t\t\t<div class=\"elementor-element elementor-element-da8e1dd elementor-widget elementor-widget-spacer\" data-id=\"da8e1dd\" data-element_type=\"widget\" data-widget_type=\"spacer.default\">\n\t\t\t\t<div class=\"elementor-widget-container\">\n\t\t\t\t\t<div class=\"elementor-spacer\">\n\t\t\t<div class=\"elementor-spacer-inner\"><\/div>\n\t\t<\/div>\n\t\t\t\t<\/div>\n\t\t\t\t<\/div>\n\t\t\t\t\t<\/div>\n\t\t<\/div>\n\t\t\t\t<div class=\"elementor-column elementor-col-66 elementor-top-column elementor-element elementor-element-764a0885\" data-id=\"764a0885\" data-element_type=\"column\">\n\t\t\t<div class=\"elementor-widget-wrap elementor-element-populated\">\n\t\t\t\t\t\t\t\t<div class=\"elementor-element elementor-element-616fc742 elementor-widget elementor-widget-text-editor\" data-id=\"616fc742\" data-element_type=\"widget\" data-widget_type=\"text-editor.default\">\n\t\t\t\t<div class=\"elementor-widget-container\">\n\t\t\t<style>\/*! elementor - v3.10.2 - 29-01-2023 *\/\n.elementor-widget-text-editor.elementor-drop-cap-view-stacked .elementor-drop-cap{background-color:#818a91;color:#fff}.elementor-widget-text-editor.elementor-drop-cap-view-framed .elementor-drop-cap{color:#818a91;border:3px solid;background-color:transparent}.elementor-widget-text-editor:not(.elementor-drop-cap-view-default) .elementor-drop-cap{margin-top:8px}.elementor-widget-text-editor:not(.elementor-drop-cap-view-default) .elementor-drop-cap-letter{width:1em;height:1em}.elementor-widget-text-editor .elementor-drop-cap{float:left;text-align:center;line-height:1;font-size:50px}.elementor-widget-text-editor .elementor-drop-cap-letter{display:inline-block}<\/style>\t\t\t\t<h2 style=\"text-align: left;\">&#8222;Wer hat&#8217;s erfunden?&#8220;<\/h2><blockquote><p style=\"text-align: left;\">Kinder fahren einfach gerne Fahrrad. Sie geniessen die Geschwindigkeit, d\u00fcsen von rechts nach links, testen die Bremsen, fahren Zickzack oder Slalom, sp\u00fcren den Wind und holpern \u00fcber den Boden, transportieren ihre Kuscheltiere oder auch mal ihre Freunde auf dem Rad. Sie fahren auf grossen und kleinen R\u00e4dern, freuen sich \u00fcber ihre Selbst\u00e4ndigkeit, haben Spass, tauchen voll ein ins Fahrgef\u00fchl und erkunden ihre Umgebung.<br \/><strong>Sie k\u00f6nnen und wollen selber Radfahren! <\/strong><\/p><p style=\"text-align: left;\">Doch mit dem Wunschdenken k\u00f6nnen die F\u00e4higkeiten nicht immer mithalten: Kinder sind oft noch \u00fcberfordert im Strassenverkehr, und auf Radtouren ist das Durchhalteverm\u00f6gen meistens nicht besonders gross. (ADFC Ratgeber)<\/p><\/blockquote><h3>\u00a0<\/h3><h3 style=\"text-align: left;\">Genau diese Freuden des Kindes waren auch bei uns mit Fragen und Zweifel verbunden:<\/h3><ul style=\"text-align: left;\"><li>Radeln mit Kindern \u2013 kein Problem, so lange die Kinder im Anh\u00e4nger oder Kindersitz Platz nehmen. Aber was wird danach?<\/li><li>Wann k\u00f6nnen wir wieder gemeinsame Freizeittouren machen?<\/li><li>Wie begleiten wir unsere Kinder mit ihren\u00a0 Fahrr\u00e4dern und f\u00fchren Sie an den Verkehr heran?<\/li><li>Wie lange k\u00f6nnen wir die Jungradler begeistern das gesteckte Ziel zu erreichen? Bis hin zur Eisdiele, Freibad oder Tierpark? \u2013 und auch wieder zur\u00fcck?<\/li><li>Packen die kleinen Zwerge auch den H\u00fcgel, auf dem Weg zu Freunden? Und was ist wenn nicht?<\/li><li style=\"text-align: justify;\">Wie viele Jahre wird unsere Fahrradmobilit\u00e4t mit dem Nachwuchs eingeschr\u00e4nkt bleiben?<\/li><\/ul><p style=\"text-align: left;\">Als Hobbytriathlet, Fahrradpendler und mit einem technischen Beruf habe ich die Antworten und L\u00f6sungen zu einer Zeit, wo Google noch v\u00f6llig unbekannt war, nicht am Computer gesucht.<\/p><p style=\"text-align: left;\">In den T\u00fcftlerjahren der Tandemkupplung entstanden Skizzen, Vorrichtungen, Prototypen und wieder eine Konzept\u00e4nderung, wieder Zeichnungen und nochmals diverse Versuchsmodelle. Eben eine klassische Hobbyentwicklung mit Etappenerfolgen und auch R\u00fcckschl\u00e4gen, aber immer mit dem festen Glauben an den Erfolg.<\/p><p style=\"text-align: left;\">Die eigenen Kinder hatten ihren Spass auf den sonnt\u00e4glichen Radausfl\u00fcgen und waren auch etwas Stolz als Testpiloten engagiert zu sein und dabei die langen Touren m\u00fchelos zu meistern.<\/p><p style=\"text-align: left;\"><img loading=\"lazy\" decoding=\"async\" class=\"alignnone wp-image-780 size-full\" src=\"https:\/\/family-cycling.com\/83749289Sa-family-cycling-deutsch\/wp-content\/uploads\/wer-hats-erfunden.jpg\" alt=\"Familienausflug\" width=\"620\" height=\"210\" srcset=\"https:\/\/family-cycling.com\/83749289Sa-family-cycling-deutsch\/wp-content\/uploads\/wer-hats-erfunden.jpg 620w, https:\/\/family-cycling.com\/83749289Sa-family-cycling-deutsch\/wp-content\/uploads\/wer-hats-erfunden-300x101.jpg 300w\" sizes=\"auto, (max-width: 620px) 100vw, 620px\" \/><\/p><p style=\"text-align: left;\">Eigentlich war die Vorrichtung jetzt geschaffen, um mit den Kindern sicher und ohne Quengelei Fahrrad zu fahren und ich hatte mein Ziel erreicht.<\/p><p style=\"text-align: left;\">Unterwegs begegneten wir immer wieder Leuten, die mich ermunterten, die praktische Erfindung weiter bis ins Detail zu perfektionieren und liessen so den Gedanken zum kommerziellen Nutzen aufkommen. Das neuartige Gespann wurde bestaunt und kommentiert. Es ging sogar soweit, dass Passanten, ja in einem Fall sogar ein Autofahrer, uns zum Anhalten aufforderten, um sich zu erkundigen, wo man diese Vorrichtung denn erwerben kann.<\/p><p style=\"text-align: left;\">Dies war ab 2001 bereits m\u00f6glich. Eine erste kleine Serie FollowMe wurde fabriziert, auf diversen Fahrradmessen pr\u00e4sentiert und an junge Familien abgegeben. Ein Stein kam ins Rollen \u2013 ein neues Fahrradzubeh\u00f6rteil sollte das Bed\u00fcrfnis vieler junger Fahrradfamilien abdecken.<\/p><p style=\"text-align: left;\"><img loading=\"lazy\" decoding=\"async\" class=\"alignnone wp-image-371 size-full\" src=\"https:\/\/family-cycling.com\/83749289Sa-family-cycling-deutsch\/wp-content\/uploads\/fahrradtour-rennrad.jpg\" alt=\"Fahrradtour mit Rennrad\" width=\"600\" height=\"450\" srcset=\"https:\/\/family-cycling.com\/83749289Sa-family-cycling-deutsch\/wp-content\/uploads\/fahrradtour-rennrad.jpg 600w, https:\/\/family-cycling.com\/83749289Sa-family-cycling-deutsch\/wp-content\/uploads\/fahrradtour-rennrad-300x225.jpg 300w\" sizes=\"auto, (max-width: 600px) 100vw, 600px\" \/><\/p><p style=\"text-align: left;\">Aus dem Hobbytriathleten wurde ich zum Testfahrer, und aus der anf\u00e4nglichen T\u00fcftelei ist ein Familienunternehmen geworden. Ob man die Sportlichkeit und den Fahrradenthusiasmus der inzwischen zu Teenagern herangewachsenen zwei T\u00f6chter dem FollowMe zuschreiben kann, ist nur eine Vermutung.<\/p><p style=\"text-align: left;\">Ich w\u00fcnsche auch Ihnen, liebe Leser\/innen, hoffentlich schon bald, sch\u00f6ne FollowMe-Tandem Familienausfl\u00fcge und danke f\u00fcr Ihr Interesse.<\/p><p style=\"text-align: left;\">Thomas Weiss\u00a0 \u2013\u00a0 Erfinder der FollowMe-Tandemkupplung<\/p>\t\t\t\t\t\t<\/div>\n\t\t\t\t<\/div>\n\t\t\t\t\t<\/div>\n\t\t<\/div>\n\t\t\t\t\t\t\t<\/div>\n\t\t<\/section>\n\t\t\t\t<section class=\"elementor-section elementor-top-section elementor-element elementor-element-10b30f3 elementor-section-boxed elementor-section-height-default elementor-section-height-default\" data-id=\"10b30f3\" data-element_type=\"section\">\n\t\t\t\t\t\t<div class=\"elementor-container elementor-column-gap-default\">\n\t\t\t\t\t<div class=\"elementor-column elementor-col-100 elementor-top-column elementor-element elementor-element-33e1773c\" data-id=\"33e1773c\" data-element_type=\"column\">\n\t\t\t<div class=\"elementor-widget-wrap elementor-element-populated\">\n\t\t\t\t\t\t\t\t<div class=\"elementor-element elementor-element-e66a163 elementor-widget elementor-widget-spacer\" data-id=\"e66a163\" data-element_type=\"widget\" data-widget_type=\"spacer.default\">\n\t\t\t\t<div class=\"elementor-widget-container\">\n\t\t\t\t\t<div class=\"elementor-spacer\">\n\t\t\t<div class=\"elementor-spacer-inner\"><\/div>\n\t\t<\/div>\n\t\t\t\t<\/div>\n\t\t\t\t<\/div>\n\t\t\t\t\t<\/div>\n\t\t<\/div>\n\t\t\t\t\t\t\t<\/div>\n\t\t<\/section>\n\t\t\t\t\t\t\t<\/div>\n\t\t","protected":false},"excerpt":{"rendered":"<p>&#8222;Wer hat&#8217;s erfunden?&#8220; Kinder fahren einfach gerne Fahrrad. Sie geniessen die Geschwindigkeit, d\u00fcsen von rechts nach links, testen die Bremsen, fahren Zickzack oder Slalom, sp\u00fcren den Wind und holpern \u00fcber den Boden, transportieren ihre Kuscheltiere oder auch mal ihre Freunde auf dem Rad. Sie fahren auf grossen und kleinen R\u00e4dern, freuen sich \u00fcber ihre Selbst\u00e4ndigkeit, [&hellip;]<\/p>\n","protected":false},"author":1,"featured_media":0,"parent":0,"menu_order":0,"comment_status":"closed","ping_status":"closed","template":"","meta":{"footnotes":""},"class_list":["post-94","page","type-page","status-publish","hentry","entry"],"_links":{"self":[{"href":"https:\/\/family-cycling.com\/83749289Sa-family-cycling-deutsch\/wp-json\/wp\/v2\/pages\/94","targetHints":{"allow":["GET"]}}],"collection":[{"href":"https:\/\/family-cycling.com\/83749289Sa-family-cycling-deutsch\/wp-json\/wp\/v2\/pages"}],"about":[{"href":"https:\/\/family-cycling.com\/83749289Sa-family-cycling-deutsch\/wp-json\/wp\/v2\/types\/page"}],"author":[{"embeddable":true,"href":"https:\/\/family-cycling.com\/83749289Sa-family-cycling-deutsch\/wp-json\/wp\/v2\/users\/1"}],"replies":[{"embeddable":true,"href":"https:\/\/family-cycling.com\/83749289Sa-family-cycling-deutsch\/wp-json\/wp\/v2\/comments?post=94"}],"version-history":[{"count":51,"href":"https:\/\/family-cycling.com\/83749289Sa-family-cycling-deutsch\/wp-json\/wp\/v2\/pages\/94\/revisions"}],"predecessor-version":[{"id":2550,"href":"https:\/\/family-cycling.com\/83749289Sa-family-cycling-deutsch\/wp-json\/wp\/v2\/pages\/94\/revisions\/2550"}],"wp:attachment":[{"href":"https:\/\/family-cycling.com\/83749289Sa-family-cycling-deutsch\/wp-json\/wp\/v2\/media?parent=94"}],"curies":[{"name":"wp","href":"https:\/\/api.w.org\/{rel}","templated":true}]}}