{"id":1589,"date":"2023-01-24T17:43:18","date_gmt":"2023-01-24T16:43:18","guid":{"rendered":"https:\/\/family-cycling.com\/83949290Sa-family-cyling-franz\/vertriebspartner-2\/"},"modified":"2023-01-24T19:09:17","modified_gmt":"2023-01-24T18:09:17","slug":"vertriebspartner-2","status":"publish","type":"page","link":"https:\/\/family-cycling.com\/83949290Sa-family-cyling-franz\/vertriebspartner-2\/","title":{"rendered":"Vertriebspartner"},"content":{"rendered":"\t\t<div data-elementor-type=\"wp-page\" data-elementor-id=\"1589\" class=\"elementor elementor-1589\">\n\t\t\t\t\t\t\t\t\t<section class=\"elementor-section elementor-top-section elementor-element elementor-element-7b031d82 elementor-section-full_width elementor-section-height-min-height elementor-section-height-default elementor-section-items-middle\" data-id=\"7b031d82\" data-element_type=\"section\" data-settings=\"{&quot;background_background&quot;:&quot;slideshow&quot;,&quot;background_slideshow_slide_duration&quot;:3882,&quot;background_slideshow_transition_duration&quot;:2000,&quot;background_slideshow_gallery&quot;:[{&quot;id&quot;:1586,&quot;url&quot;:&quot;https:\\\/\\\/family-cycling.com\\\/83949290Sa-family-cyling-franz\\\/wp-content\\\/uploads\\\/followme-fahren-04.jpg&quot;}],&quot;background_slideshow_loop&quot;:&quot;yes&quot;,&quot;background_slideshow_slide_transition&quot;:&quot;fade&quot;}\">\n\t\t\t\t\t\t<div class=\"elementor-container elementor-column-gap-default\">\n\t\t\t\t\t<div class=\"elementor-column elementor-col-100 elementor-top-column elementor-element elementor-element-1a7e6bea\" data-id=\"1a7e6bea\" data-element_type=\"column\">\n\t\t\t<div class=\"elementor-widget-wrap\">\n\t\t\t\t\t\t\t\t\t<\/div>\n\t\t<\/div>\n\t\t\t\t\t\t\t<\/div>\n\t\t<\/section>\n\t\t\t\t<section class=\"elementor-section elementor-top-section elementor-element elementor-element-104c663a elementor-section-boxed elementor-section-height-default elementor-section-height-default\" data-id=\"104c663a\" data-element_type=\"section\">\n\t\t\t\t\t\t<div class=\"elementor-container elementor-column-gap-default\">\n\t\t\t\t\t<div class=\"elementor-column elementor-col-100 elementor-top-column elementor-element elementor-element-21fe29a\" data-id=\"21fe29a\" data-element_type=\"column\">\n\t\t\t<div class=\"elementor-widget-wrap elementor-element-populated\">\n\t\t\t\t\t\t\t\t<div class=\"elementor-element elementor-element-4809cc94 elementor-widget elementor-widget-spacer\" data-id=\"4809cc94\" data-element_type=\"widget\" data-widget_type=\"spacer.default\">\n\t\t\t\t<div class=\"elementor-widget-container\">\n\t\t\t<style>\/*! elementor - v3.10.1 - 17-01-2023 *\/\n.elementor-column .elementor-spacer-inner{height:var(--spacer-size)}.e-con{--container-widget-width:100%}.e-con-inner>.elementor-widget-spacer,.e-con>.elementor-widget-spacer{width:var(--container-widget-width,var(--spacer-size));--align-self:var(--container-widget-align-self,initial);--flex-shrink:0}.e-con-inner>.elementor-widget-spacer>.elementor-widget-container,.e-con-inner>.elementor-widget-spacer>.elementor-widget-container>.elementor-spacer,.e-con>.elementor-widget-spacer>.elementor-widget-container,.e-con>.elementor-widget-spacer>.elementor-widget-container>.elementor-spacer{height:100%}.e-con-inner>.elementor-widget-spacer>.elementor-widget-container>.elementor-spacer>.elementor-spacer-inner,.e-con>.elementor-widget-spacer>.elementor-widget-container>.elementor-spacer>.elementor-spacer-inner{height:var(--container-widget-height,var(--spacer-size))}<\/style>\t\t<div class=\"elementor-spacer\">\n\t\t\t<div class=\"elementor-spacer-inner\"><\/div>\n\t\t<\/div>\n\t\t\t\t<\/div>\n\t\t\t\t<\/div>\n\t\t\t\t\t<\/div>\n\t\t<\/div>\n\t\t\t\t\t\t\t<\/div>\n\t\t<\/section>\n\t\t\t\t<section class=\"elementor-section elementor-top-section elementor-element elementor-element-3b80972a elementor-section-boxed elementor-section-height-default elementor-section-height-default\" data-id=\"3b80972a\" data-element_type=\"section\">\n\t\t\t\t\t\t<div class=\"elementor-container elementor-column-gap-default\">\n\t\t\t\t\t<div class=\"elementor-column elementor-col-33 elementor-top-column elementor-element elementor-element-7e1cf3e9\" data-id=\"7e1cf3e9\" data-element_type=\"column\">\n\t\t\t<div class=\"elementor-widget-wrap elementor-element-populated\">\n\t\t\t\t\t\t\t\t<div class=\"elementor-element elementor-element-4ac005a8 elementor-widget elementor-widget-spacer\" data-id=\"4ac005a8\" data-element_type=\"widget\" data-widget_type=\"spacer.default\">\n\t\t\t\t<div class=\"elementor-widget-container\">\n\t\t\t\t\t<div class=\"elementor-spacer\">\n\t\t\t<div class=\"elementor-spacer-inner\"><\/div>\n\t\t<\/div>\n\t\t\t\t<\/div>\n\t\t\t\t<\/div>\n\t\t\t\t\t<\/div>\n\t\t<\/div>\n\t\t\t\t<div class=\"elementor-column elementor-col-66 elementor-top-column elementor-element elementor-element-4328e483\" data-id=\"4328e483\" data-element_type=\"column\">\n\t\t\t<div class=\"elementor-widget-wrap elementor-element-populated\">\n\t\t\t\t\t\t\t\t<div class=\"elementor-element elementor-element-10873f53 elementor-widget elementor-widget-text-editor\" data-id=\"10873f53\" data-element_type=\"widget\" data-widget_type=\"text-editor.default\">\n\t\t\t\t<div class=\"elementor-widget-container\">\n\t\t\t<style>\/*! elementor - v3.10.1 - 17-01-2023 *\/\n.elementor-widget-text-editor.elementor-drop-cap-view-stacked .elementor-drop-cap{background-color:#818a91;color:#fff}.elementor-widget-text-editor.elementor-drop-cap-view-framed .elementor-drop-cap{color:#818a91;border:3px solid;background-color:transparent}.elementor-widget-text-editor:not(.elementor-drop-cap-view-default) .elementor-drop-cap{margin-top:8px}.elementor-widget-text-editor:not(.elementor-drop-cap-view-default) .elementor-drop-cap-letter{width:1em;height:1em}.elementor-widget-text-editor .elementor-drop-cap{float:left;text-align:center;line-height:1;font-size:50px}.elementor-widget-text-editor .elementor-drop-cap-letter{display:inline-block}<\/style>\t\t\t\t<h2>Distributeur<\/h2><p style=\"text-align: justify;\">Le dispositif FollowMe est distribu\u00e9 avant tout \u00e0 travers les magasins sp\u00e9cialis\u00e9s v\u00e9lo.\u00a0<br \/><strong>Merci de contacter votre v\u00e9lociste local.<\/strong><\/p>\t\t\t\t\t\t<\/div>\n\t\t\t\t<\/div>\n\t\t\t\t<div class=\"elementor-element elementor-element-6f3764b elementor-widget elementor-widget-spacer\" data-id=\"6f3764b\" data-element_type=\"widget\" data-widget_type=\"spacer.default\">\n\t\t\t\t<div class=\"elementor-widget-container\">\n\t\t\t\t\t<div class=\"elementor-spacer\">\n\t\t\t<div class=\"elementor-spacer-inner\"><\/div>\n\t\t<\/div>\n\t\t\t\t<\/div>\n\t\t\t\t<\/div>\n\t\t\t\t<div class=\"elementor-element elementor-element-58f27af2 elementor-widget elementor-widget-text-editor\" data-id=\"58f27af2\" data-element_type=\"widget\" data-widget_type=\"text-editor.default\">\n\t\t\t\t<div class=\"elementor-widget-container\">\n\t\t\t\t\t\t\t<h3>Autres distributeurs hors UE, dans le monde entier:<\/h3>\t\t\t\t\t\t<\/div>\n\t\t\t\t<\/div>\n\t\t\t\t<div class=\"elementor-element elementor-element-76aa1b51 elementor-widget elementor-widget-text-editor\" data-id=\"76aa1b51\" data-element_type=\"widget\" data-widget_type=\"text-editor.default\">\n\t\t\t\t<div class=\"elementor-widget-container\">\n\t\t\t\t\t\t\t<h3>Switzerland<\/h3><p><strong>Manufacturer<\/strong><br \/><a title=\"FollowMe-Shop Schweiz\" href=\"https:\/\/www.family-cycling.com\/3h5ks2rkZ9-familycycling-shop\/\" target=\"_blank\" rel=\"noopener\">FollowMe-Shop Schweiz<\/a><br \/>Postfach<br \/>CH-5080 Laufenburg<\/p><p><a title=\"E-Mail an FollowMe Schweiz\" href=\"mailto:t.weiss@family-cycling.com\" target=\"_blank\" rel=\"noopener\">T.Weiss@family-cycling.com<\/a><br \/><a title=\"FollowMe Schweiz\" href=\"http:\/\/www.family-cycling.com\" target=\"_blank\" rel=\"noopener\">www.family-cycling.com<\/a><\/p><p>Der Vertrieb an Schweizer Fachh\u00e4ndler f\u00fchrt die Firma<br \/><b>Fuchs-Movesa, Lupfig<\/b><\/p>\t\t\t\t\t\t<\/div>\n\t\t\t\t<\/div>\n\t\t\t\t<div class=\"elementor-element elementor-element-2824ca33 elementor-widget elementor-widget-spacer\" data-id=\"2824ca33\" data-element_type=\"widget\" data-widget_type=\"spacer.default\">\n\t\t\t\t<div class=\"elementor-widget-container\">\n\t\t\t\t\t<div class=\"elementor-spacer\">\n\t\t\t<div class=\"elementor-spacer-inner\"><\/div>\n\t\t<\/div>\n\t\t\t\t<\/div>\n\t\t\t\t<\/div>\n\t\t\t\t<div class=\"elementor-element elementor-element-2bcb5115 elementor-widget elementor-widget-text-editor\" data-id=\"2bcb5115\" data-element_type=\"widget\" data-widget_type=\"text-editor.default\">\n\t\t\t\t<div class=\"elementor-widget-container\">\n\t\t\t\t\t\t\t<h3>USA \/ Canada<\/h3><p><strong>TRUCAVELO INC<\/strong><br \/>Montr\u00e9al, QC, CA<br \/>H2S 3M8<\/p><p><a href=\"http:\/\/www.trucavelo.com\" target=\"_blank\" rel=\"noopener\">www.Trucavelo.com<\/a><br \/><a title=\"E-Mail an Trucavelo Kanada\" href=\"mailto:info@trucavelo.com\" target=\"_blank\" rel=\"noopener\">info@trucavelo.com<\/a><\/p>\t\t\t\t\t\t<\/div>\n\t\t\t\t<\/div>\n\t\t\t\t<div class=\"elementor-element elementor-element-533f5297 elementor-widget elementor-widget-spacer\" data-id=\"533f5297\" data-element_type=\"widget\" data-widget_type=\"spacer.default\">\n\t\t\t\t<div class=\"elementor-widget-container\">\n\t\t\t\t\t<div class=\"elementor-spacer\">\n\t\t\t<div class=\"elementor-spacer-inner\"><\/div>\n\t\t<\/div>\n\t\t\t\t<\/div>\n\t\t\t\t<\/div>\n\t\t\t\t<div class=\"elementor-element elementor-element-7772d7c0 elementor-widget elementor-widget-text-editor\" data-id=\"7772d7c0\" data-element_type=\"widget\" data-widget_type=\"text-editor.default\">\n\t\t\t\t<div class=\"elementor-widget-container\">\n\t\t\t\t\t\t\t<h3>Australia<\/h3><p><strong>The Bicycle Distributions<\/strong><br \/>Stennett Rd, Ingleburn NSW 2565<br \/>Australia<\/p><p>Phone +61 1300 661 645<\/p><p><a href=\"mailto:thebicycletreedistributions@gmail.com\">thebicycletreedistributions@gmail.com<\/a><br \/><a title=\"Followme Australien\" href=\"http:\/\/www.followmetandem.com.au\" target=\"_blank\" rel=\"noopener\">www.followmetandem.com.au<\/a><\/p>\t\t\t\t\t\t<\/div>\n\t\t\t\t<\/div>\n\t\t\t\t<div class=\"elementor-element elementor-element-580882ad elementor-widget elementor-widget-spacer\" data-id=\"580882ad\" data-element_type=\"widget\" data-widget_type=\"spacer.default\">\n\t\t\t\t<div class=\"elementor-widget-container\">\n\t\t\t\t\t<div class=\"elementor-spacer\">\n\t\t\t<div class=\"elementor-spacer-inner\"><\/div>\n\t\t<\/div>\n\t\t\t\t<\/div>\n\t\t\t\t<\/div>\n\t\t\t\t<div class=\"elementor-element elementor-element-5d25adec elementor-widget elementor-widget-text-editor\" data-id=\"5d25adec\" data-element_type=\"widget\" data-widget_type=\"text-editor.default\">\n\t\t\t\t<div class=\"elementor-widget-container\">\n\t\t\t\t\t\t\t<h3>New Zealand<\/h3><p><strong>go Ride Limited<\/strong><br \/>3 King Street, NELSON 7010<br \/>New Zealand<\/p><p>Phone +64 21 025 15576<\/p><p><a href=\"mailto:hello@goride.co.nz\">hello@goride.co.nz<\/a><br \/><a title=\"Followme Neuseeland\" href=\"https:\/\/www.goride.co.nz\" target=\"_blank\" rel=\"noopener\">www.goride.co.nz<\/a><\/p>\t\t\t\t\t\t<\/div>\n\t\t\t\t<\/div>\n\t\t\t\t<div class=\"elementor-element elementor-element-4b8d7169 elementor-widget elementor-widget-spacer\" data-id=\"4b8d7169\" data-element_type=\"widget\" data-widget_type=\"spacer.default\">\n\t\t\t\t<div class=\"elementor-widget-container\">\n\t\t\t\t\t<div class=\"elementor-spacer\">\n\t\t\t<div class=\"elementor-spacer-inner\"><\/div>\n\t\t<\/div>\n\t\t\t\t<\/div>\n\t\t\t\t<\/div>\n\t\t\t\t<div class=\"elementor-element elementor-element-11967e32 elementor-widget elementor-widget-text-editor\" data-id=\"11967e32\" data-element_type=\"widget\" data-widget_type=\"text-editor.default\">\n\t\t\t\t<div class=\"elementor-widget-container\">\n\t\t\t\t\t\t\t<h3>Japan<\/h3><p><strong>cyclehouse SHIBUYA<\/strong><br \/>ZIP: 124-0003 Tokyo<br \/>1-26-2 Ohanajyaya Katsushikaku<\/p><p>Phone +81 3 5650 2510<\/p><p><a title=\"FollowMe Japan\" href=\"http:\/\/www.cycleshibuya.com\" target=\"_blank\" rel=\"noopener\">www.cycleshibuya.com<\/a><\/p>\t\t\t\t\t\t<\/div>\n\t\t\t\t<\/div>\n\t\t\t\t\t<\/div>\n\t\t<\/div>\n\t\t\t\t\t\t\t<\/div>\n\t\t<\/section>\n\t\t\t\t<section class=\"elementor-section elementor-top-section elementor-element elementor-element-7cdba9bb elementor-section-boxed elementor-section-height-default elementor-section-height-default\" data-id=\"7cdba9bb\" data-element_type=\"section\">\n\t\t\t\t\t\t<div class=\"elementor-container elementor-column-gap-default\">\n\t\t\t\t\t<div class=\"elementor-column elementor-col-100 elementor-top-column elementor-element elementor-element-503f532b\" data-id=\"503f532b\" data-element_type=\"column\">\n\t\t\t<div class=\"elementor-widget-wrap elementor-element-populated\">\n\t\t\t\t\t\t\t\t<div class=\"elementor-element elementor-element-68e6c5e elementor-widget elementor-widget-spacer\" data-id=\"68e6c5e\" data-element_type=\"widget\" data-widget_type=\"spacer.default\">\n\t\t\t\t<div class=\"elementor-widget-container\">\n\t\t\t\t\t<div class=\"elementor-spacer\">\n\t\t\t<div class=\"elementor-spacer-inner\"><\/div>\n\t\t<\/div>\n\t\t\t\t<\/div>\n\t\t\t\t<\/div>\n\t\t\t\t\t<\/div>\n\t\t<\/div>\n\t\t\t\t\t\t\t<\/div>\n\t\t<\/section>\n\t\t\t\t\t\t\t<\/div>\n\t\t","protected":false},"excerpt":{"rendered":"<p>Distributeur Le dispositif FollowMe est distribu\u00e9 avant tout \u00e0 travers les magasins sp\u00e9cialis\u00e9s v\u00e9lo.\u00a0Merci de contacter votre v\u00e9lociste local. Autres distributeurs hors UE, dans le monde entier: Switzerland ManufacturerFollowMe-Shop SchweizPostfachCH-5080 Laufenburg T.Weiss@family-cycling.comwww.family-cycling.com Der Vertrieb an Schweizer Fachh\u00e4ndler f\u00fchrt die FirmaFuchs-Movesa, Lupfig USA \/ Canada TRUCAVELO INCMontr\u00e9al, QC, CAH2S 3M8 www.Trucavelo.cominfo@trucavelo.com Australia The Bicycle DistributionsStennett Rd, [&hellip;]<\/p>\n","protected":false},"author":1,"featured_media":0,"parent":0,"menu_order":0,"comment_status":"closed","ping_status":"closed","template":"","meta":{"footnotes":""},"class_list":["post-1589","page","type-page","status-publish","hentry","entry"],"_links":{"self":[{"href":"https:\/\/family-cycling.com\/83949290Sa-family-cyling-franz\/wp-json\/wp\/v2\/pages\/1589","targetHints":{"allow":["GET"]}}],"collection":[{"href":"https:\/\/family-cycling.com\/83949290Sa-family-cyling-franz\/wp-json\/wp\/v2\/pages"}],"about":[{"href":"https:\/\/family-cycling.com\/83949290Sa-family-cyling-franz\/wp-json\/wp\/v2\/types\/page"}],"author":[{"embeddable":true,"href":"https:\/\/family-cycling.com\/83949290Sa-family-cyling-franz\/wp-json\/wp\/v2\/users\/1"}],"replies":[{"embeddable":true,"href":"https:\/\/family-cycling.com\/83949290Sa-family-cyling-franz\/wp-json\/wp\/v2\/comments?post=1589"}],"version-history":[{"count":6,"href":"https:\/\/family-cycling.com\/83949290Sa-family-cyling-franz\/wp-json\/wp\/v2\/pages\/1589\/revisions"}],"predecessor-version":[{"id":1763,"href":"https:\/\/family-cycling.com\/83949290Sa-family-cyling-franz\/wp-json\/wp\/v2\/pages\/1589\/revisions\/1763"}],"wp:attachment":[{"href":"https:\/\/family-cycling.com\/83949290Sa-family-cyling-franz\/wp-json\/wp\/v2\/media?parent=1589"}],"curies":[{"name":"wp","href":"https:\/\/api.w.org\/{rel}","templated":true}]}}