{"id":1592,"date":"2023-01-24T17:43:18","date_gmt":"2023-01-24T16:43:18","guid":{"rendered":"https:\/\/family-cycling.com\/83949290Sa-family-cyling-franz\/followme-an-e-bikes-2\/"},"modified":"2023-01-24T18:31:32","modified_gmt":"2023-01-24T17:31:32","slug":"followme-an-e-bikes-2","status":"publish","type":"page","link":"https:\/\/family-cycling.com\/83949290Sa-family-cyling-franz\/followme-an-e-bikes-2\/","title":{"rendered":"FollowMe an E-Bikes"},"content":{"rendered":"\t\t<div data-elementor-type=\"wp-page\" data-elementor-id=\"1592\" class=\"elementor elementor-1592\">\n\t\t\t\t\t\t\t\t\t<section class=\"elementor-section elementor-top-section elementor-element elementor-element-4d8a6431 elementor-section-full_width elementor-section-height-min-height elementor-section-height-default elementor-section-items-middle\" data-id=\"4d8a6431\" data-element_type=\"section\" data-settings=\"{&quot;background_background&quot;:&quot;slideshow&quot;,&quot;background_slideshow_slide_duration&quot;:3882,&quot;background_slideshow_transition_duration&quot;:2000,&quot;background_slideshow_gallery&quot;:[{&quot;id&quot;:1593,&quot;url&quot;:&quot;https:\\\/\\\/family-cycling.com\\\/83949290Sa-family-cyling-franz\\\/wp-content\\\/uploads\\\/E-BikeIFollowMe.jpg&quot;}],&quot;background_slideshow_slide_transition&quot;:&quot;fade&quot;}\">\n\t\t\t\t\t\t<div class=\"elementor-container elementor-column-gap-default\">\n\t\t\t\t\t<div class=\"elementor-column elementor-col-100 elementor-top-column elementor-element elementor-element-53ed02d1\" data-id=\"53ed02d1\" data-element_type=\"column\">\n\t\t\t<div class=\"elementor-widget-wrap\">\n\t\t\t\t\t\t\t\t\t<\/div>\n\t\t<\/div>\n\t\t\t\t\t\t\t<\/div>\n\t\t<\/section>\n\t\t\t\t<section class=\"elementor-section elementor-top-section elementor-element elementor-element-3bdad8b6 elementor-section-boxed elementor-section-height-default elementor-section-height-default\" data-id=\"3bdad8b6\" data-element_type=\"section\">\n\t\t\t\t\t\t<div class=\"elementor-container elementor-column-gap-default\">\n\t\t\t\t\t<div class=\"elementor-column elementor-col-100 elementor-top-column elementor-element elementor-element-37333a8\" data-id=\"37333a8\" data-element_type=\"column\">\n\t\t\t<div class=\"elementor-widget-wrap elementor-element-populated\">\n\t\t\t\t\t\t\t\t<div class=\"elementor-element elementor-element-ed93d09 elementor-widget elementor-widget-spacer\" data-id=\"ed93d09\" data-element_type=\"widget\" data-widget_type=\"spacer.default\">\n\t\t\t\t<div class=\"elementor-widget-container\">\n\t\t\t<style>\/*! elementor - v3.10.1 - 17-01-2023 *\/\n.elementor-column .elementor-spacer-inner{height:var(--spacer-size)}.e-con{--container-widget-width:100%}.e-con-inner>.elementor-widget-spacer,.e-con>.elementor-widget-spacer{width:var(--container-widget-width,var(--spacer-size));--align-self:var(--container-widget-align-self,initial);--flex-shrink:0}.e-con-inner>.elementor-widget-spacer>.elementor-widget-container,.e-con-inner>.elementor-widget-spacer>.elementor-widget-container>.elementor-spacer,.e-con>.elementor-widget-spacer>.elementor-widget-container,.e-con>.elementor-widget-spacer>.elementor-widget-container>.elementor-spacer{height:100%}.e-con-inner>.elementor-widget-spacer>.elementor-widget-container>.elementor-spacer>.elementor-spacer-inner,.e-con>.elementor-widget-spacer>.elementor-widget-container>.elementor-spacer>.elementor-spacer-inner{height:var(--container-widget-height,var(--spacer-size))}<\/style>\t\t<div class=\"elementor-spacer\">\n\t\t\t<div class=\"elementor-spacer-inner\"><\/div>\n\t\t<\/div>\n\t\t\t\t<\/div>\n\t\t\t\t<\/div>\n\t\t\t\t\t<\/div>\n\t\t<\/div>\n\t\t\t\t\t\t\t<\/div>\n\t\t<\/section>\n\t\t\t\t<section class=\"elementor-section elementor-top-section elementor-element elementor-element-cbf174a elementor-section-boxed elementor-section-height-default elementor-section-height-default\" data-id=\"cbf174a\" data-element_type=\"section\">\n\t\t\t\t\t\t<div class=\"elementor-container elementor-column-gap-default\">\n\t\t\t\t\t<div class=\"elementor-column elementor-col-33 elementor-top-column elementor-element elementor-element-57b4e97\" data-id=\"57b4e97\" data-element_type=\"column\">\n\t\t\t<div class=\"elementor-widget-wrap elementor-element-populated\">\n\t\t\t\t\t\t\t\t<div class=\"elementor-element elementor-element-173e5854 elementor-widget elementor-widget-spacer\" data-id=\"173e5854\" data-element_type=\"widget\" data-widget_type=\"spacer.default\">\n\t\t\t\t<div class=\"elementor-widget-container\">\n\t\t\t\t\t<div class=\"elementor-spacer\">\n\t\t\t<div class=\"elementor-spacer-inner\"><\/div>\n\t\t<\/div>\n\t\t\t\t<\/div>\n\t\t\t\t<\/div>\n\t\t\t\t\t<\/div>\n\t\t<\/div>\n\t\t\t\t<div class=\"elementor-column elementor-col-66 elementor-top-column elementor-element elementor-element-2507c639\" data-id=\"2507c639\" data-element_type=\"column\">\n\t\t\t<div class=\"elementor-widget-wrap elementor-element-populated\">\n\t\t\t\t\t\t\t\t<div class=\"elementor-element elementor-element-242c2159 elementor-widget elementor-widget-text-editor\" data-id=\"242c2159\" data-element_type=\"widget\" data-widget_type=\"text-editor.default\">\n\t\t\t\t<div class=\"elementor-widget-container\">\n\t\t\t<style>\/*! elementor - v3.10.1 - 17-01-2023 *\/\n.elementor-widget-text-editor.elementor-drop-cap-view-stacked .elementor-drop-cap{background-color:#818a91;color:#fff}.elementor-widget-text-editor.elementor-drop-cap-view-framed .elementor-drop-cap{color:#818a91;border:3px solid;background-color:transparent}.elementor-widget-text-editor:not(.elementor-drop-cap-view-default) .elementor-drop-cap{margin-top:8px}.elementor-widget-text-editor:not(.elementor-drop-cap-view-default) .elementor-drop-cap-letter{width:1em;height:1em}.elementor-widget-text-editor .elementor-drop-cap{float:left;text-align:center;line-height:1;font-size:50px}.elementor-widget-text-editor .elementor-drop-cap-letter{display:inline-block}<\/style>\t\t\t\t<h2 style=\"text-align: left;\">FollowMe et VAE<\/h2><p style=\"text-align: left;\"><span style=\"font-family: arial, helvetica, sans-serif;\">La combinaison v\u00e9lo \u00e0 assistance \u00e9lectrique (VAE) et syst\u00e8me d\u2019attelage est id\u00e9ale. Il n\u2019\u00e9tait jamais aussi facile de tracter une remorque ou un dispositif d\u2019attelage avec son enfant. Le poids et la rigidit\u00e9 du cadre d\u2019un VAE ont un effet positif sur le comportement de cet ensemble.<\/span><\/p><blockquote><p><span style=\"color: #ff0000; font-family: arial, helvetica, sans-serif; font-size: 16pt;\">Merci de respecter les prescriptions l\u00e9gales concernant des VAE.<\/span><\/p><\/blockquote>\t\t\t\t\t\t<\/div>\n\t\t\t\t<\/div>\n\t\t\t\t<div class=\"elementor-element elementor-element-482492a elementor-widget elementor-widget-text-editor\" data-id=\"482492a\" data-element_type=\"widget\" data-widget_type=\"text-editor.default\">\n\t\t\t\t<div class=\"elementor-widget-container\">\n\t\t\t\t\t\t\t<p style=\"text-align: left;\"><strong>Actuellement est en vigueur la r\u00e8glementation suivante :<\/strong><\/p><p><strong>Suisse :<br \/><\/strong>Les deux classes de VAE (moteur 250W\/20 km\/h et moteur 500W\/45 km\/h) sont autoris\u00e9 pour le transport d\u2019un passager (enfant). Loi du 1er juillet 2012.<\/p><p><strong>Allemagne\/Union Europ\u00e9enne :<\/strong><br \/>Seul la classe de VAE (moteur 250W\/20 km\/h) est autoris\u00e9 pour le transport d\u2019un passager (enfant).<br \/>Les VAE sport (moteur 500W\/45 km\/h) sont interdit.<\/p><p>\u00a0<\/p><p><img loading=\"lazy\" decoding=\"async\" class=\"alignnone wp-image-608 size-full\" src=\"https:\/\/family-cycling.com\/83949290Sa-family-cyling-franz\/wp-content\/uploads\/2014\/02\/followme-kinderfahrrad-angehaengt1.jpg\" alt=\"Kinderfahrrad angeh\u00e4ngt\" width=\"650\" height=\"179\" srcset=\"https:\/\/family-cycling.com\/83949290Sa-family-cyling-franz\/wp-content\/uploads\/2014\/02\/followme-kinderfahrrad-angehaengt1.jpg 650w, https:\/\/family-cycling.com\/83949290Sa-family-cyling-franz\/wp-content\/uploads\/2014\/02\/followme-kinderfahrrad-angehaengt1-300x83.jpg 300w\" sizes=\"auto, (max-width: 650px) 100vw, 650px\" \/><\/p><p>Ind\u00e9pendant du type de moteur (moteur central ou moteur dans le moyeu) la fixation du FollowMe reste la m\u00eame (voir \u00ab cahier de charges \u00bb)<\/p><p>\u00a0<\/p><hr \/><h3>Veillez au passage de c\u00e2ble des moteurs dans le moyeu de la roue arri\u00e8re :<\/h3><p>Si le moteur est mont\u00e9 sur un axe \u00e0 d\u00e9gagement rapide,\u00a0<strong>aucun<\/strong>\u00a0adaptateur n\u2019est n\u00e9cessaire.<\/p><p><img loading=\"lazy\" decoding=\"async\" class=\"alignnone size-full wp-image-614\" src=\"https:\/\/family-cycling.com\/83949290Sa-family-cyling-franz\/wp-content\/uploads\/2014\/02\/nabenmotor-schnellspanner.jpg\" alt=\"Nabenmotor Schnellspanner\" width=\"620\" height=\"247\" srcset=\"https:\/\/family-cycling.com\/83949290Sa-family-cyling-franz\/wp-content\/uploads\/2014\/02\/nabenmotor-schnellspanner.jpg 620w, https:\/\/family-cycling.com\/83949290Sa-family-cyling-franz\/wp-content\/uploads\/2014\/02\/nabenmotor-schnellspanner-300x120.jpg 300w\" sizes=\"auto, (max-width: 620px) 100vw, 620px\" \/><\/p><p>En r\u00e8gle g\u00e9n\u00e9rale le moteur est mont\u00e9 sur un axe plein et fix\u00e9 \u00e0 l\u2019aide d\u2019\u00e9crous (Abb. 3+4).<\/p><p><img loading=\"lazy\" decoding=\"async\" class=\"alignnone size-full wp-image-613\" src=\"https:\/\/family-cycling.com\/83949290Sa-family-cyling-franz\/wp-content\/uploads\/2014\/02\/vollachse-mit-radmutter.jpg\" alt=\"Vollachse mit Radmutter\" width=\"620\" height=\"243\" srcset=\"https:\/\/family-cycling.com\/83949290Sa-family-cyling-franz\/wp-content\/uploads\/2014\/02\/vollachse-mit-radmutter.jpg 620w, https:\/\/family-cycling.com\/83949290Sa-family-cyling-franz\/wp-content\/uploads\/2014\/02\/vollachse-mit-radmutter-300x118.jpg 300w\" sizes=\"auto, (max-width: 620px) 100vw, 620px\" \/><\/p><p>Dans ce cas sont pr\u00e9vus les adaptateurs axe plein (Abb. 5) en option.<br \/>Attention : le c\u00e2ble pour l\u2019alimentation \u00e9lectrique ne peut passer par le centre de l\u2019axe.<\/p><p><img loading=\"lazy\" decoding=\"async\" class=\"alignnone size-full wp-image-621\" src=\"https:\/\/family-cycling.com\/83949290Sa-family-cyling-franz\/wp-content\/uploads\/2014\/02\/muttern1.jpg\" alt=\"Muttern\" width=\"620\" height=\"274\" srcset=\"https:\/\/family-cycling.com\/83949290Sa-family-cyling-franz\/wp-content\/uploads\/2014\/02\/muttern1.jpg 620w, https:\/\/family-cycling.com\/83949290Sa-family-cyling-franz\/wp-content\/uploads\/2014\/02\/muttern1-300x133.jpg 300w\" sizes=\"auto, (max-width: 620px) 100vw, 620px\" \/><\/p><table class=\" alignleft\" style=\"width: 245px; height: 130px;\" border=\"0\" frame=\"void\" rules=\"none\" align=\"left\"><tbody><tr><td style=\"text-align: left;\"><span style=\"text-decoration: underline;\">Marque:<\/span><\/td><td style=\"text-align: left;\"><span style=\"text-decoration: underline;\">Dimension:<\/span><\/td><\/tr><tr><td style=\"text-align: left;\">Bion-X<\/td><td style=\"text-align: left;\">M10\u00a0 x 1<\/td><\/tr><tr><td style=\"text-align: left;\">Miata Koga<\/td><td style=\"text-align: left;\">M12 x 1<\/td><\/tr><tr><td style=\"text-align: left;\">Stromer<\/td><td style=\"text-align: left;\">M12 x 1,25<\/td><\/tr><tr><td style=\"text-align: left;\">Smart-Drive<\/td><td style=\"text-align: left;\">M10 x 1<\/td><\/tr><tr><td style=\"text-align: left;\">KTM<\/td><td style=\"text-align: left;\">M10 x 1<\/td><\/tr><\/tbody><\/table>\t\t\t\t\t\t<\/div>\n\t\t\t\t<\/div>\n\t\t\t\t<div class=\"elementor-element elementor-element-6d5d215 elementor-widget elementor-widget-text-editor\" data-id=\"6d5d215\" data-element_type=\"widget\" data-widget_type=\"text-editor.default\">\n\t\t\t\t<div class=\"elementor-widget-container\">\n\t\t\t\t\t\t\t<p style=\"text-align: left;\"><span style=\"color: #000000; font-size: 12pt;\"><strong><span style=\"font-family: arial, helvetica, sans-serif;\">Renseignez-vous aupr\u00e8s de votre v\u00e9lociste ou le constructeur du moteur concernant la bonne taille du pas de vis.<\/span><\/strong><\/span><\/p>\t\t\t\t\t\t<\/div>\n\t\t\t\t<\/div>\n\t\t\t\t<div class=\"elementor-element elementor-element-3d34c40 elementor-widget elementor-widget-text-editor\" data-id=\"3d34c40\" data-element_type=\"widget\" data-widget_type=\"text-editor.default\">\n\t\t\t\t<div class=\"elementor-widget-container\">\n\t\t\t\t\t\t\t<p style=\"text-align: left;\"><strong>Attention :<\/strong>\u00a0Si le c\u00e2ble d\u2019alimentation \u00e9lectrique passe par le centre de l\u2019axe (Abb. 6+7) il est n\u00e9cessaire d\u2019installer le FollowMe \u00e0 l\u2019aide de l\u2019adaptateur pour moyeu SRAM. L\u2019adaptation de cette fixation n\u2019est pas forc\u00e9ment facile puisque cela d\u00e9pend de diverses caract\u00e9ristiques telles que diam\u00e8tre de l\u2019axe, pr\u00e9sence de la batterie dans le porte-bagages, prise du c\u00e2ble \u00e9lectrique, etc. Une concertation avec votre v\u00e9lociste est alors indispensable.<\/p>\t\t\t\t\t\t<\/div>\n\t\t\t\t<\/div>\n\t\t\t\t<div class=\"elementor-element elementor-element-9c24477 elementor-widget elementor-widget-spacer\" data-id=\"9c24477\" data-element_type=\"widget\" data-widget_type=\"spacer.default\">\n\t\t\t\t<div class=\"elementor-widget-container\">\n\t\t\t\t\t<div class=\"elementor-spacer\">\n\t\t\t<div class=\"elementor-spacer-inner\"><\/div>\n\t\t<\/div>\n\t\t\t\t<\/div>\n\t\t\t\t<\/div>\n\t\t\t\t<div class=\"elementor-element elementor-element-9e08864 elementor-widget elementor-widget-text-editor\" data-id=\"9e08864\" data-element_type=\"widget\" data-widget_type=\"text-editor.default\">\n\t\t\t\t<div class=\"elementor-widget-container\">\n\t\t\t\t\t\t\t<p><img loading=\"lazy\" decoding=\"async\" class=\"alignnone size-full wp-image-624\" src=\"https:\/\/family-cycling.com\/83949290Sa-family-cyling-franz\/wp-content\/uploads\/2014\/02\/kabelfuehrung-nabe.jpg\" alt=\"Kabelf\u00fchrung an der Nabe\" width=\"620\" height=\"249\" srcset=\"https:\/\/family-cycling.com\/83949290Sa-family-cyling-franz\/wp-content\/uploads\/2014\/02\/kabelfuehrung-nabe.jpg 620w, https:\/\/family-cycling.com\/83949290Sa-family-cyling-franz\/wp-content\/uploads\/2014\/02\/kabelfuehrung-nabe-300x120.jpg 300w\" sizes=\"auto, (max-width: 620px) 100vw, 620px\" \/><\/p>\t\t\t\t\t\t<\/div>\n\t\t\t\t<\/div>\n\t\t\t\t<div class=\"elementor-element elementor-element-72ecaa9 elementor-widget elementor-widget-text-editor\" data-id=\"72ecaa9\" data-element_type=\"widget\" data-widget_type=\"text-editor.default\">\n\t\t\t\t<div class=\"elementor-widget-container\">\n\t\t\t\t\t\t\t<p>Exemple : \u00ab Adaptateur SRAM \u00bb mont\u00e9 sur un v\u00e9lo adulte (Abb. 8).Exemple :<br \/>\u00ab Adaptateur SRAM \u00bb mont\u00e9 sur un v\u00e9lo adulte (Abb. 8).<\/p><p>\u00a0<\/p>\t\t\t\t\t\t<\/div>\n\t\t\t\t<\/div>\n\t\t\t\t\t<\/div>\n\t\t<\/div>\n\t\t\t\t\t\t\t<\/div>\n\t\t<\/section>\n\t\t\t\t<section class=\"elementor-section elementor-top-section elementor-element elementor-element-b908a1a elementor-section-boxed elementor-section-height-default elementor-section-height-default\" data-id=\"b908a1a\" data-element_type=\"section\">\n\t\t\t\t\t\t<div class=\"elementor-container elementor-column-gap-default\">\n\t\t\t\t\t<div class=\"elementor-column elementor-col-100 elementor-top-column elementor-element elementor-element-32c34d8b\" data-id=\"32c34d8b\" data-element_type=\"column\">\n\t\t\t<div class=\"elementor-widget-wrap elementor-element-populated\">\n\t\t\t\t\t\t\t\t<div class=\"elementor-element elementor-element-614ccbaa elementor-widget elementor-widget-spacer\" data-id=\"614ccbaa\" data-element_type=\"widget\" data-widget_type=\"spacer.default\">\n\t\t\t\t<div class=\"elementor-widget-container\">\n\t\t\t\t\t<div class=\"elementor-spacer\">\n\t\t\t<div class=\"elementor-spacer-inner\"><\/div>\n\t\t<\/div>\n\t\t\t\t<\/div>\n\t\t\t\t<\/div>\n\t\t\t\t\t<\/div>\n\t\t<\/div>\n\t\t\t\t\t\t\t<\/div>\n\t\t<\/section>\n\t\t\t\t\t\t\t<\/div>\n\t\t","protected":false},"excerpt":{"rendered":"<p>FollowMe et VAE La combinaison v\u00e9lo \u00e0 assistance \u00e9lectrique (VAE) et syst\u00e8me d\u2019attelage est id\u00e9ale. Il n\u2019\u00e9tait jamais aussi facile de tracter une remorque ou un dispositif d\u2019attelage avec son enfant. Le poids et la rigidit\u00e9 du cadre d\u2019un VAE ont un effet positif sur le comportement de cet ensemble. Merci de respecter les prescriptions [&hellip;]<\/p>\n","protected":false},"author":1,"featured_media":0,"parent":0,"menu_order":0,"comment_status":"closed","ping_status":"closed","template":"","meta":{"footnotes":""},"class_list":["post-1592","page","type-page","status-publish","hentry","entry"],"_links":{"self":[{"href":"https:\/\/family-cycling.com\/83949290Sa-family-cyling-franz\/wp-json\/wp\/v2\/pages\/1592","targetHints":{"allow":["GET"]}}],"collection":[{"href":"https:\/\/family-cycling.com\/83949290Sa-family-cyling-franz\/wp-json\/wp\/v2\/pages"}],"about":[{"href":"https:\/\/family-cycling.com\/83949290Sa-family-cyling-franz\/wp-json\/wp\/v2\/types\/page"}],"author":[{"embeddable":true,"href":"https:\/\/family-cycling.com\/83949290Sa-family-cyling-franz\/wp-json\/wp\/v2\/users\/1"}],"replies":[{"embeddable":true,"href":"https:\/\/family-cycling.com\/83949290Sa-family-cyling-franz\/wp-json\/wp\/v2\/comments?post=1592"}],"version-history":[{"count":24,"href":"https:\/\/family-cycling.com\/83949290Sa-family-cyling-franz\/wp-json\/wp\/v2\/pages\/1592\/revisions"}],"predecessor-version":[{"id":1738,"href":"https:\/\/family-cycling.com\/83949290Sa-family-cyling-franz\/wp-json\/wp\/v2\/pages\/1592\/revisions\/1738"}],"wp:attachment":[{"href":"https:\/\/family-cycling.com\/83949290Sa-family-cyling-franz\/wp-json\/wp\/v2\/media?parent=1592"}],"curies":[{"name":"wp","href":"https:\/\/api.w.org\/{rel}","templated":true}]}}