{"id":1596,"date":"2023-01-24T17:43:20","date_gmt":"2023-01-24T16:43:20","guid":{"rendered":"https:\/\/family-cycling.com\/83949290Sa-family-cyling-franz\/voraussetzung-am-fahrrad-2\/"},"modified":"2023-01-24T19:21:08","modified_gmt":"2023-01-24T18:21:08","slug":"voraussetzung-am-fahrrad-2","status":"publish","type":"page","link":"https:\/\/family-cycling.com\/83949290Sa-family-cyling-franz\/voraussetzung-am-fahrrad-2\/","title":{"rendered":"Voraussetzung am Fahrrad"},"content":{"rendered":"\t\t<div data-elementor-type=\"wp-page\" data-elementor-id=\"1596\" class=\"elementor elementor-1596\">\n\t\t\t\t\t\t\t\t\t<section class=\"elementor-section elementor-top-section elementor-element elementor-element-e86956e elementor-section-full_width elementor-section-height-min-height elementor-section-height-default elementor-section-items-middle\" data-id=\"e86956e\" data-element_type=\"section\" data-settings=\"{&quot;background_background&quot;:&quot;slideshow&quot;,&quot;background_slideshow_slide_duration&quot;:3882,&quot;background_slideshow_transition_duration&quot;:2000,&quot;background_slideshow_gallery&quot;:[{&quot;id&quot;:1597,&quot;url&quot;:&quot;https:\\\/\\\/family-cycling.com\\\/83949290Sa-family-cyling-franz\\\/wp-content\\\/uploads\\\/followme-umbau-pause-03.jpg&quot;}],&quot;background_slideshow_slide_transition&quot;:&quot;fade&quot;}\">\n\t\t\t\t\t\t<div class=\"elementor-container elementor-column-gap-default\">\n\t\t\t\t\t<div class=\"elementor-column elementor-col-100 elementor-top-column elementor-element elementor-element-712a5e5\" data-id=\"712a5e5\" data-element_type=\"column\">\n\t\t\t<div class=\"elementor-widget-wrap\">\n\t\t\t\t\t\t\t\t\t<\/div>\n\t\t<\/div>\n\t\t\t\t\t\t\t<\/div>\n\t\t<\/section>\n\t\t\t\t<section class=\"elementor-section elementor-top-section elementor-element elementor-element-3b4269e elementor-section-boxed elementor-section-height-default elementor-section-height-default\" data-id=\"3b4269e\" data-element_type=\"section\">\n\t\t\t\t\t\t<div class=\"elementor-container elementor-column-gap-default\">\n\t\t\t\t\t<div class=\"elementor-column elementor-col-100 elementor-top-column elementor-element elementor-element-6977cb7e\" data-id=\"6977cb7e\" data-element_type=\"column\">\n\t\t\t<div class=\"elementor-widget-wrap elementor-element-populated\">\n\t\t\t\t\t\t\t\t<div class=\"elementor-element elementor-element-4293389e elementor-widget elementor-widget-spacer\" data-id=\"4293389e\" data-element_type=\"widget\" data-widget_type=\"spacer.default\">\n\t\t\t\t<div class=\"elementor-widget-container\">\n\t\t\t<style>\/*! elementor - v3.10.1 - 17-01-2023 *\/\n.elementor-column .elementor-spacer-inner{height:var(--spacer-size)}.e-con{--container-widget-width:100%}.e-con-inner>.elementor-widget-spacer,.e-con>.elementor-widget-spacer{width:var(--container-widget-width,var(--spacer-size));--align-self:var(--container-widget-align-self,initial);--flex-shrink:0}.e-con-inner>.elementor-widget-spacer>.elementor-widget-container,.e-con-inner>.elementor-widget-spacer>.elementor-widget-container>.elementor-spacer,.e-con>.elementor-widget-spacer>.elementor-widget-container,.e-con>.elementor-widget-spacer>.elementor-widget-container>.elementor-spacer{height:100%}.e-con-inner>.elementor-widget-spacer>.elementor-widget-container>.elementor-spacer>.elementor-spacer-inner,.e-con>.elementor-widget-spacer>.elementor-widget-container>.elementor-spacer>.elementor-spacer-inner{height:var(--container-widget-height,var(--spacer-size))}<\/style>\t\t<div class=\"elementor-spacer\">\n\t\t\t<div class=\"elementor-spacer-inner\"><\/div>\n\t\t<\/div>\n\t\t\t\t<\/div>\n\t\t\t\t<\/div>\n\t\t\t\t\t<\/div>\n\t\t<\/div>\n\t\t\t\t\t\t\t<\/div>\n\t\t<\/section>\n\t\t\t\t<section class=\"elementor-section elementor-top-section elementor-element elementor-element-3b421c45 elementor-section-boxed elementor-section-height-default elementor-section-height-default\" data-id=\"3b421c45\" data-element_type=\"section\">\n\t\t\t\t\t\t<div class=\"elementor-container elementor-column-gap-default\">\n\t\t\t\t\t<div class=\"elementor-column elementor-col-33 elementor-top-column elementor-element elementor-element-1002da67\" data-id=\"1002da67\" data-element_type=\"column\">\n\t\t\t<div class=\"elementor-widget-wrap elementor-element-populated\">\n\t\t\t\t\t\t\t\t<div class=\"elementor-element elementor-element-40392e3b elementor-widget elementor-widget-spacer\" data-id=\"40392e3b\" data-element_type=\"widget\" data-widget_type=\"spacer.default\">\n\t\t\t\t<div class=\"elementor-widget-container\">\n\t\t\t\t\t<div class=\"elementor-spacer\">\n\t\t\t<div class=\"elementor-spacer-inner\"><\/div>\n\t\t<\/div>\n\t\t\t\t<\/div>\n\t\t\t\t<\/div>\n\t\t\t\t\t<\/div>\n\t\t<\/div>\n\t\t\t\t<div class=\"elementor-column elementor-col-66 elementor-top-column elementor-element elementor-element-275caae4\" data-id=\"275caae4\" data-element_type=\"column\">\n\t\t\t<div class=\"elementor-widget-wrap elementor-element-populated\">\n\t\t\t\t\t\t\t\t<div class=\"elementor-element elementor-element-3132b918 elementor-widget elementor-widget-text-editor\" data-id=\"3132b918\" data-element_type=\"widget\" data-widget_type=\"text-editor.default\">\n\t\t\t\t<div class=\"elementor-widget-container\">\n\t\t\t<style>\/*! elementor - v3.10.1 - 17-01-2023 *\/\n.elementor-widget-text-editor.elementor-drop-cap-view-stacked .elementor-drop-cap{background-color:#818a91;color:#fff}.elementor-widget-text-editor.elementor-drop-cap-view-framed .elementor-drop-cap{color:#818a91;border:3px solid;background-color:transparent}.elementor-widget-text-editor:not(.elementor-drop-cap-view-default) .elementor-drop-cap{margin-top:8px}.elementor-widget-text-editor:not(.elementor-drop-cap-view-default) .elementor-drop-cap-letter{width:1em;height:1em}.elementor-widget-text-editor .elementor-drop-cap{float:left;text-align:center;line-height:1;font-size:50px}.elementor-widget-text-editor .elementor-drop-cap-letter{display:inline-block}<\/style>\t\t\t\t<h2>Cahier de charge pour le v\u00e9lo tracteur<\/h2><p>Est-ce que le dispositif de traction FollowMe va \u00eatre compatible avec nos v\u00e9los adulte ?<\/p><p style=\"text-align: left;\"><span style=\"font-family: arial, helvetica, sans-serif;\"><img loading=\"lazy\" decoding=\"async\" class=\"alignleft wp-image-528 size-full\" src=\"https:\/\/family-cycling.com\/83749289Sa-family-cycling-deutsch\/wp-content\/uploads\/followme-passende-kupplung.jpg\" alt=\"Followme passende Kupplung\" width=\"600\" height=\"438\" \/><\/span><\/p><h3>\u00a0<\/h3><h3>\u00a0<\/h3><h3>\u00a0<\/h3><h3>\u00a0<\/h3><h3>\u00a0<\/h3><h3>\u00a0<\/h3><h3>\u00a0<\/h3><hr \/><h3>\u00a0<\/h3><h3>1. Ce que vous devez savoir avant votre achat !<\/h3><p>Sur le march\u00e9 un grand nombre de mod\u00e8les de v\u00e9los enfant et v\u00e9los adultes sont disponibles. A l\u2019aide de ce guide et des photos vous pourrez vous rendre compte quel adaptateur sera \u00e9ventuellement n\u00e9cessaire pour le montage et l\u2019utilisation en toute s\u00e9curit\u00e9 du dispositif FollowMe.<\/p><h3>1.1) Le v\u00e9lo tracteur (adulte)<\/h3><p>En r\u00e8gle g\u00e9n\u00e9rale il y a trois variantes de fixation pour le FollowMe :<\/p><p>A) V\u00e9lo tracteur avec un axe arri\u00e8re creux\/axe \u00e0 d\u00e9gagement rapide (QR=quick release)<br \/>Comme cet axe est pr\u00e9sent sur 80% des v\u00e9los, le FollowMe standard est livr\u00e9 de s\u00e9rie avec un axe sp\u00e9cial \u00e0 d\u00e9gagement rapide.<\/p><p style=\"text-align: left;\"><span style=\"font-family: arial, helvetica, sans-serif;\"><img loading=\"lazy\" decoding=\"async\" class=\"alignnone wp-image-538 size-full\" src=\"https:\/\/family-cycling.com\/83749289Sa-family-cycling-deutsch\/wp-content\/uploads\/zugfahrrad-mit-schnellspanner1.jpg\" alt=\"Zugfahrrad mit Schnellspanner\" width=\"620\" height=\"229\" \/><\/span><\/p><p>B) V\u00e9lo tracteur avec un axe arri\u00e8re plein<br \/>Ce type d\u2019axe peut \u00eatre trouv\u00e9 sur des moyeux qui int\u00e8grent des vitesses et\/ou un frein \u00e0 tambour actionn\u00e9 par r\u00e9trop\u00e9dalage.<\/p><p>La plupart des axe plein ont un pas de vis M10x1.<br \/>Les v\u00e9los \u00e0 moyeu Nexus 7 vitesses int\u00e9gr\u00e9es dans le moyeu ont un axe avec un pas de vis 3\/8\u2033x26.<\/p><p style=\"text-align: left;\"><span style=\"font-family: arial, helvetica, sans-serif;\"><img loading=\"lazy\" decoding=\"async\" class=\"alignnone wp-image-540 size-full\" src=\"https:\/\/family-cycling.com\/83749289Sa-family-cycling-deutsch\/wp-content\/uploads\/zugfahrrad-radmuttern.jpg\" alt=\"Zugfahrrad Radmuttern\" width=\"620\" height=\"229\" \/><\/span><\/p><p>C) V\u00e9lo tracteur avec un axe arri\u00e8re \u00e0 moyeu SRAM<br \/>Cet axe peut \u00eatre trouv\u00e9 sur des moyeux qui int\u00e8grent des vitesses command\u00e9es par un bo\u00eetier ext\u00e9rieur qui se trouve \u00e0 l\u2019endroit ou on pose l\u2019adaptateur du FollowMe.<\/p><p style=\"text-align: left;\"><span style=\"font-family: arial, helvetica, sans-serif;\"><img loading=\"lazy\" decoding=\"async\" class=\"alignnone wp-image-539 size-full\" src=\"https:\/\/family-cycling.com\/83749289Sa-family-cycling-deutsch\/wp-content\/uploads\/zugfahrrad-nabenschaltung.jpg\" alt=\"Zugfahrrad Nabenschaltung\" width=\"620\" height=\"229\" \/><\/span><\/p><p style=\"text-align: left;\">Le constructeur du FollowMe a con\u00e7u un adaptateur qui est assis entre le bo\u00eetier et le cadre du v\u00e9lo et d\u00e9porte vers l\u2019arri\u00e8re le point de fixation du FollowMe.<\/p><p style=\"text-align: left;\"><span style=\"font-family: arial, helvetica, sans-serif;\"><img loading=\"lazy\" decoding=\"async\" class=\"alignnone wp-image-534 size-full\" src=\"https:\/\/family-cycling.com\/83749289Sa-family-cycling-deutsch\/wp-content\/uploads\/zugfahrrad-adapter-01.jpg\" alt=\"Zugfahrrad mit Sram-Adapter\" width=\"620\" height=\"229\" \/><\/span><\/p><hr \/><h4>\u00a0<\/h4><h3>1.2) Arrimage du dispositif sur la selle ou au porte-bagages<\/h3><p>Avec le dispositif FollowMe est livr\u00e9 de s\u00e9rie une sangle avec un mousqueton pour la fixation du dispositif en \u00e9tat repli\u00e9.<\/p><p style=\"text-align: left;\"><span style=\"font-family: arial, helvetica, sans-serif;\"><img loading=\"lazy\" decoding=\"async\" class=\"alignnone wp-image-541 size-full\" src=\"https:\/\/family-cycling.com\/83749289Sa-family-cycling-deutsch\/wp-content\/uploads\/zugfahrrad-sattelaufhaengung.jpg\" alt=\"Zugfahrrad Sattelaufh\u00e4ngung\" width=\"620\" height=\"229\" \/><\/span><\/p><hr \/><p style=\"text-align: left;\">Si un feu est install\u00e9 sur le porte-bagages il est impossible de fixer le FollowMe \u00e0 l\u2019aide de la sangle fournie de s\u00e9rie.<br \/>L\u2019arceau de fixation disponible en option est n\u00e9cessaire dans ce cas de figure.<\/p><p style=\"text-align: left;\"><span style=\"font-family: arial, helvetica, sans-serif;\"><img loading=\"lazy\" decoding=\"async\" class=\"alignnone wp-image-535 size-full\" src=\"https:\/\/family-cycling.com\/83749289Sa-family-cycling-deutsch\/wp-content\/uploads\/zugfahrrad-aufhaengebuegel.jpg\" alt=\"Zugfahrrad Aufh\u00e4ngeb\u00fcgel\" width=\"620\" height=\"229\" \/><\/span><\/p><hr \/><h3>\u00a0<\/h3><h3 style=\"text-align: left;\">2. V\u00e9lo tract\u00e9 (enfant)<\/h3><div class=\"wpb_text_column wpb_content_element \"><div class=\"wpb_wrapper\"><p>Afin d\u2019assurer la compatibilit\u00e9 du FollowMe avec le v\u00e9lo d\u2019enfant il faut r\u00e9unir les conditions suivantes :<\/p><h3>2.1) Taille de roues :<\/h3><\/div><\/div><div class=\"wpb_text_column wpb_content_element \"><div class=\"wpb_wrapper\"><p>V\u00e9los enfants de 12 \u00e0 20 pouces. Cela correspond \u00e0 un diam\u00e8tre de roues de 30 \u00e0 50 cm environ.<\/p><hr \/><\/div><\/div><h4>2.2) Cadre :<\/h4><p>La g\u00e9om\u00e9trie du cadre doit \u00eatre celle d\u2019un v\u00e9lo standard. Le tube de cadre qui relie le p\u00e9dalier au cintre doit \u00eatre capable d\u2019accueillir le bloc de fixation.<\/p><p style=\"text-align: left;\"><span style=\"font-family: arial, helvetica, sans-serif;\"><img loading=\"lazy\" decoding=\"async\" class=\"alignnone wp-image-537 size-full\" src=\"https:\/\/family-cycling.com\/83749289Sa-family-cycling-deutsch\/wp-content\/uploads\/zugfahrrad-fahrradgroesse.jpg\" alt=\"Kinderfahrrad Gr\u00f6sse\" width=\"620\" height=\"229\" \/><\/span><\/p><hr \/><h4>\u00a0<\/h4><h4>2.3) fourche :<\/h4><p>Fourche rigide et fourche suspendue sont possible \u00e0 condition que les dimension suivantes sont respect\u00e9es :<\/p><p>1. Largeur maximal de la fourche 155 mm (X)<\/p><p style=\"text-align: left;\"><span style=\"font-family: arial, helvetica, sans-serif;\"><img loading=\"lazy\" decoding=\"async\" class=\"alignnone wp-image-544 size-full\" src=\"https:\/\/family-cycling.com\/83749289Sa-family-cycling-deutsch\/wp-content\/uploads\/zug-homenbreite.jpg\" alt=\"Holmenbreite\" width=\"350\" height=\"229\" \/><\/span><\/p><p style=\"text-align: left;\">2. le bout de la fourche doit \u00eatre au dessus de l\u2019axe<\/p><p style=\"text-align: left;\"><span style=\"font-family: arial, helvetica, sans-serif;\"><img loading=\"lazy\" decoding=\"async\" class=\"alignnone wp-image-574 size-full\" src=\"https:\/\/family-cycling.com\/83749289Sa-family-cycling-deutsch\/wp-content\/uploads\/zug-holmenende-radachszentrum1.jpg\" alt=\"Holmenende Radachszentrum\" width=\"620\" height=\"251\" \/><\/span><\/p><hr \/><h4>\u00a0<\/h4><h4>2.4) Axe \u00e0 d\u00e9gagement rapide<\/h4><p>Si la roue avant est mont\u00e9e sur un axe \u00e0 d\u00e9gagement rapide il faut commander un adaptateur (r\u00e9f. FO.131.400).<\/p><p style=\"text-align: left;\"><span style=\"font-family: arial, helvetica, sans-serif;\"><img loading=\"lazy\" decoding=\"async\" class=\"alignnone wp-image-542 size-full\" src=\"https:\/\/family-cycling.com\/83749289Sa-family-cycling-deutsch\/wp-content\/uploads\/zugfahrrad-schnellspanner.jpg\" alt=\"Zugfahrrad mit Schnellspanner\" width=\"620\" height=\"229\" \/><\/span><\/p><hr \/><p style=\"text-align: left;\">\u00a0<\/p><h4>2.5) Moyeu \u00e0 dynamo<\/h4><p>Si la roue avant est \u00e9quip\u00e9e d\u2019un moyeu \u00e0 dynamo il faut commander une paire d\u2019adaptateurs M9x1 (r\u00e9f. FO.131.500).<\/p><p><img loading=\"lazy\" decoding=\"async\" class=\"alignnone size-full wp-image-536\" src=\"https:\/\/family-cycling.com\/83949290Sa-family-cyling-franz\/wp-content\/uploads\/2014\/02\/zugfahrrad-dynamo-nabe.jpg\" alt=\"Zugfahrrad Dynamo-Nabe\" width=\"620\" height=\"229\" srcset=\"https:\/\/family-cycling.com\/83949290Sa-family-cyling-franz\/wp-content\/uploads\/2014\/02\/zugfahrrad-dynamo-nabe.jpg 620w, https:\/\/family-cycling.com\/83949290Sa-family-cyling-franz\/wp-content\/uploads\/2014\/02\/zugfahrrad-dynamo-nabe-300x111.jpg 300w\" sizes=\"auto, (max-width: 620px) 100vw, 620px\" \/><\/p>\t\t\t\t\t\t<\/div>\n\t\t\t\t<\/div>\n\t\t\t\t<div class=\"elementor-element elementor-element-13152ef elementor-widget elementor-widget-text-editor\" data-id=\"13152ef\" data-element_type=\"widget\" data-widget_type=\"text-editor.default\">\n\t\t\t\t<div class=\"elementor-widget-container\">\n\t\t\t\t\t\t\t<p><strong>Pour toute question compl\u00e9mentaire vous pourrez vous adresser \u00e0 votre v\u00e9lociste ou \u00e0 l\u2019importateur pour la France : Eckart HANGG au 03 69 22 43 45<\/strong><\/p>\t\t\t\t\t\t<\/div>\n\t\t\t\t<\/div>\n\t\t\t\t\t<\/div>\n\t\t<\/div>\n\t\t\t\t\t\t\t<\/div>\n\t\t<\/section>\n\t\t\t\t<section class=\"elementor-section elementor-top-section elementor-element elementor-element-6c750112 elementor-section-boxed elementor-section-height-default elementor-section-height-default\" data-id=\"6c750112\" data-element_type=\"section\">\n\t\t\t\t\t\t<div class=\"elementor-container elementor-column-gap-default\">\n\t\t\t\t\t<div class=\"elementor-column elementor-col-100 elementor-top-column elementor-element elementor-element-62aaadc6\" data-id=\"62aaadc6\" data-element_type=\"column\">\n\t\t\t<div class=\"elementor-widget-wrap elementor-element-populated\">\n\t\t\t\t\t\t\t\t<div class=\"elementor-element elementor-element-482dc1b3 elementor-widget elementor-widget-spacer\" data-id=\"482dc1b3\" data-element_type=\"widget\" data-widget_type=\"spacer.default\">\n\t\t\t\t<div class=\"elementor-widget-container\">\n\t\t\t\t\t<div class=\"elementor-spacer\">\n\t\t\t<div class=\"elementor-spacer-inner\"><\/div>\n\t\t<\/div>\n\t\t\t\t<\/div>\n\t\t\t\t<\/div>\n\t\t\t\t\t<\/div>\n\t\t<\/div>\n\t\t\t\t\t\t\t<\/div>\n\t\t<\/section>\n\t\t\t\t\t\t\t<\/div>\n\t\t","protected":false},"excerpt":{"rendered":"<p>Cahier de charge pour le v\u00e9lo tracteur Est-ce que le dispositif de traction FollowMe va \u00eatre compatible avec nos v\u00e9los adulte ? \u00a0 \u00a0 \u00a0 \u00a0 \u00a0 \u00a0 \u00a0 \u00a0 1. Ce que vous devez savoir avant votre achat ! Sur le march\u00e9 un grand nombre de mod\u00e8les de v\u00e9los enfant et v\u00e9los adultes sont [&hellip;]<\/p>\n","protected":false},"author":1,"featured_media":0,"parent":0,"menu_order":0,"comment_status":"closed","ping_status":"closed","template":"","meta":{"footnotes":""},"class_list":["post-1596","page","type-page","status-publish","hentry","entry"],"_links":{"self":[{"href":"https:\/\/family-cycling.com\/83949290Sa-family-cyling-franz\/wp-json\/wp\/v2\/pages\/1596","targetHints":{"allow":["GET"]}}],"collection":[{"href":"https:\/\/family-cycling.com\/83949290Sa-family-cyling-franz\/wp-json\/wp\/v2\/pages"}],"about":[{"href":"https:\/\/family-cycling.com\/83949290Sa-family-cyling-franz\/wp-json\/wp\/v2\/types\/page"}],"author":[{"embeddable":true,"href":"https:\/\/family-cycling.com\/83949290Sa-family-cyling-franz\/wp-json\/wp\/v2\/users\/1"}],"replies":[{"embeddable":true,"href":"https:\/\/family-cycling.com\/83949290Sa-family-cyling-franz\/wp-json\/wp\/v2\/comments?post=1596"}],"version-history":[{"count":15,"href":"https:\/\/family-cycling.com\/83949290Sa-family-cyling-franz\/wp-json\/wp\/v2\/pages\/1596\/revisions"}],"predecessor-version":[{"id":1778,"href":"https:\/\/family-cycling.com\/83949290Sa-family-cyling-franz\/wp-json\/wp\/v2\/pages\/1596\/revisions\/1778"}],"wp:attachment":[{"href":"https:\/\/family-cycling.com\/83949290Sa-family-cyling-franz\/wp-json\/wp\/v2\/media?parent=1596"}],"curies":[{"name":"wp","href":"https:\/\/api.w.org\/{rel}","templated":true}]}}