{"id":1636,"date":"2023-01-24T17:43:35","date_gmt":"2023-01-24T16:43:35","guid":{"rendered":"https:\/\/family-cycling.com\/83949290Sa-family-cyling-franz\/followme-funktionsweise-2\/"},"modified":"2023-01-24T18:34:59","modified_gmt":"2023-01-24T17:34:59","slug":"followme-funktionsweise-2","status":"publish","type":"page","link":"https:\/\/family-cycling.com\/83949290Sa-family-cyling-franz\/followme-funktionsweise-2\/","title":{"rendered":"FollowMe Funktionsweise"},"content":{"rendered":"\t\t<div data-elementor-type=\"wp-page\" data-elementor-id=\"1636\" class=\"elementor elementor-1636\">\n\t\t\t\t\t\t\t\t\t<section class=\"elementor-section elementor-top-section elementor-element elementor-element-19a625d3 elementor-section-full_width elementor-section-height-min-height elementor-section-height-default elementor-section-items-middle\" data-id=\"19a625d3\" data-element_type=\"section\" data-settings=\"{&quot;background_background&quot;:&quot;slideshow&quot;,&quot;background_slideshow_gallery&quot;:[{&quot;id&quot;:1597,&quot;url&quot;:&quot;https:\\\/\\\/family-cycling.com\\\/83949290Sa-family-cyling-franz\\\/wp-content\\\/uploads\\\/followme-umbau-pause-03.jpg&quot;}],&quot;background_slideshow_slide_duration&quot;:3882,&quot;background_slideshow_transition_duration&quot;:2000,&quot;background_slideshow_loop&quot;:&quot;yes&quot;,&quot;background_slideshow_slide_transition&quot;:&quot;fade&quot;}\">\n\t\t\t\t\t\t<div class=\"elementor-container elementor-column-gap-default\">\n\t\t\t\t\t<div class=\"elementor-column elementor-col-100 elementor-top-column elementor-element elementor-element-2868e3de\" data-id=\"2868e3de\" data-element_type=\"column\">\n\t\t\t<div class=\"elementor-widget-wrap\">\n\t\t\t\t\t\t\t\t\t<\/div>\n\t\t<\/div>\n\t\t\t\t\t\t\t<\/div>\n\t\t<\/section>\n\t\t\t\t<section class=\"elementor-section elementor-top-section elementor-element elementor-element-816b7fe elementor-section-boxed elementor-section-height-default elementor-section-height-default\" data-id=\"816b7fe\" data-element_type=\"section\">\n\t\t\t\t\t\t<div class=\"elementor-container elementor-column-gap-default\">\n\t\t\t\t\t<div class=\"elementor-column elementor-col-100 elementor-top-column elementor-element elementor-element-4a31ae9e\" data-id=\"4a31ae9e\" data-element_type=\"column\">\n\t\t\t<div class=\"elementor-widget-wrap elementor-element-populated\">\n\t\t\t\t\t\t\t\t<div class=\"elementor-element elementor-element-830e120 elementor-widget elementor-widget-spacer\" data-id=\"830e120\" data-element_type=\"widget\" data-widget_type=\"spacer.default\">\n\t\t\t\t<div class=\"elementor-widget-container\">\n\t\t\t<style>\/*! elementor - v3.10.1 - 17-01-2023 *\/\n.elementor-column .elementor-spacer-inner{height:var(--spacer-size)}.e-con{--container-widget-width:100%}.e-con-inner>.elementor-widget-spacer,.e-con>.elementor-widget-spacer{width:var(--container-widget-width,var(--spacer-size));--align-self:var(--container-widget-align-self,initial);--flex-shrink:0}.e-con-inner>.elementor-widget-spacer>.elementor-widget-container,.e-con-inner>.elementor-widget-spacer>.elementor-widget-container>.elementor-spacer,.e-con>.elementor-widget-spacer>.elementor-widget-container,.e-con>.elementor-widget-spacer>.elementor-widget-container>.elementor-spacer{height:100%}.e-con-inner>.elementor-widget-spacer>.elementor-widget-container>.elementor-spacer>.elementor-spacer-inner,.e-con>.elementor-widget-spacer>.elementor-widget-container>.elementor-spacer>.elementor-spacer-inner{height:var(--container-widget-height,var(--spacer-size))}<\/style>\t\t<div class=\"elementor-spacer\">\n\t\t\t<div class=\"elementor-spacer-inner\"><\/div>\n\t\t<\/div>\n\t\t\t\t<\/div>\n\t\t\t\t<\/div>\n\t\t\t\t\t<\/div>\n\t\t<\/div>\n\t\t\t\t\t\t\t<\/div>\n\t\t<\/section>\n\t\t\t\t<section class=\"elementor-section elementor-top-section elementor-element elementor-element-5dd6f58d elementor-section-boxed elementor-section-height-default elementor-section-height-default\" data-id=\"5dd6f58d\" data-element_type=\"section\">\n\t\t\t\t\t\t<div class=\"elementor-container elementor-column-gap-default\">\n\t\t\t\t\t<div class=\"elementor-column elementor-col-33 elementor-top-column elementor-element elementor-element-32302cb5\" data-id=\"32302cb5\" data-element_type=\"column\">\n\t\t\t<div class=\"elementor-widget-wrap elementor-element-populated\">\n\t\t\t\t\t\t\t\t<div class=\"elementor-element elementor-element-4f20dfdc elementor-widget elementor-widget-spacer\" data-id=\"4f20dfdc\" data-element_type=\"widget\" data-widget_type=\"spacer.default\">\n\t\t\t\t<div class=\"elementor-widget-container\">\n\t\t\t\t\t<div class=\"elementor-spacer\">\n\t\t\t<div class=\"elementor-spacer-inner\"><\/div>\n\t\t<\/div>\n\t\t\t\t<\/div>\n\t\t\t\t<\/div>\n\t\t\t\t\t<\/div>\n\t\t<\/div>\n\t\t\t\t<div class=\"elementor-column elementor-col-66 elementor-top-column elementor-element elementor-element-48b95a44\" data-id=\"48b95a44\" data-element_type=\"column\">\n\t\t\t<div class=\"elementor-widget-wrap elementor-element-populated\">\n\t\t\t\t\t\t\t\t<div class=\"elementor-element elementor-element-3bccd551 elementor-widget elementor-widget-text-editor\" data-id=\"3bccd551\" data-element_type=\"widget\" data-widget_type=\"text-editor.default\">\n\t\t\t\t<div class=\"elementor-widget-container\">\n\t\t\t<style>\/*! elementor - v3.10.1 - 17-01-2023 *\/\n.elementor-widget-text-editor.elementor-drop-cap-view-stacked .elementor-drop-cap{background-color:#818a91;color:#fff}.elementor-widget-text-editor.elementor-drop-cap-view-framed .elementor-drop-cap{color:#818a91;border:3px solid;background-color:transparent}.elementor-widget-text-editor:not(.elementor-drop-cap-view-default) .elementor-drop-cap{margin-top:8px}.elementor-widget-text-editor:not(.elementor-drop-cap-view-default) .elementor-drop-cap-letter{width:1em;height:1em}.elementor-widget-text-editor .elementor-drop-cap{float:left;text-align:center;line-height:1;font-size:50px}.elementor-widget-text-editor .elementor-drop-cap-letter{display:inline-block}<\/style>\t\t\t\t<p style=\"text-align: left;\"><span style=\"color: #333333; font-family: Arial, Helvetica, sans-serif; font-size: 32px; font-weight: bold; letter-spacing: 0px;\">Fonctionnement du FollowMe<\/span><\/p><p style=\"text-align: left;\"><img loading=\"lazy\" decoding=\"async\" class=\"alignnone wp-image-264 size-full\" src=\"https:\/\/family-cycling.com\/83949290Sa-family-cyling-franz\/wp-content\/uploads\/2014\/01\/followme-tandem-einzeln-800.jpg\" alt=\"Followme-Tandem Produktfoto\" width=\"800\" height=\"469\" srcset=\"https:\/\/family-cycling.com\/83949290Sa-family-cyling-franz\/wp-content\/uploads\/2014\/01\/followme-tandem-einzeln-800.jpg 800w, https:\/\/family-cycling.com\/83949290Sa-family-cyling-franz\/wp-content\/uploads\/2014\/01\/followme-tandem-einzeln-800-300x176.jpg 300w, https:\/\/family-cycling.com\/83949290Sa-family-cyling-franz\/wp-content\/uploads\/2014\/01\/followme-tandem-einzeln-800-768x450.jpg 768w\" sizes=\"auto, (max-width: 800px) 100vw, 800px\" \/><\/p><h2 style=\"text-align: left;\"><strong>\u00bbFollowMe\u00ab<\/strong><\/h2><p style=\"text-align: left;\">est capable de coupler un v\u00e9lo enfant \u00e0 un v\u00e9lo adulte. Suite \u00e0 un centre de gravit\u00e9 bas une jonction stable est possible. La roue avant et le guidon du v\u00e9lo enfant (entre 12\u2019\u2019 et 20\u2019\u2019) sont bloqu\u00e9 lors de la traction.<\/p><p style=\"text-align: left;\"><img loading=\"lazy\" decoding=\"async\" class=\"wp-image-1053 size-full alignleft\" style=\"margin: 0px 20px 10px 0px;\" src=\"https:\/\/family-cycling.com\/83749289Sa-family-cycling-deutsch\/wp-content\/uploads\/followme-anhaenger-fahrrad-2501.jpg\" alt=\"Kinderrad an Followme angeh\u00e4ngt\" width=\"250\" height=\"182\" \/><\/p><p>L\u2019enfant peut ainsi soit se laisser tirer ou p\u00e9daler. En quelques instants il est possible de \u00ab lib\u00e9rer \u00bb l\u2019enfant avec son v\u00e9lo et de le laisser rouler en autonomie. Le FollowMe reste install\u00e9 sur le v\u00e9lo adulte. Le porte-bagages du v\u00e9lo adulte reste enti\u00e8rement disponible pour l\u2019installation d\u2019un si\u00e8ge b\u00e9b\u00e9, d\u2019un panier ou de sacoches.<\/p><p>\u00a0<\/p><hr \/><h3 style=\"text-align: left;\">\u00a0<\/h3><h3 style=\"text-align: left;\">Jonction sans outils<\/h3><p style=\"text-align: left;\">Il suffit de caler la roue avant du v\u00e9lo enfant dans le dispositif et de poser un arceau dans le bloc de fixation qui est install\u00e9 sur le cadre.<\/p><h3 style=\"text-align: left;\"><img loading=\"lazy\" decoding=\"async\" class=\"wp-image-262 size-full alignnone\" style=\"margin: 0px 20px 10px 0px;\" src=\"https:\/\/family-cycling.com\/83749289Sa-family-cycling-deutsch\/wp-content\/uploads\/motage-2501.jpg\" alt=\"Kinderfahrrad Montage ohne Werkzeug\" width=\"250\" height=\"250\" \/><\/h3><hr \/><h3 style=\"text-align: left;\">\u00a0<\/h3><h3>Montage de mise en place<\/h3><p style=\"text-align: left;\">Une fois mont\u00e9, les adaptateurs FollowMe restent en permanence sur les v\u00e9los respectifs. Le bloc de fixation sur le cadre du v\u00e9lo enfant et les adaptateurs sur l\u2019axe arri\u00e8re du v\u00e9lo adulte forment les points de fixation de l\u2019attelage. A vous de d\u00e9cider si vous souhaitez utiliser le dispositif ou non. La pose et le retrait est op\u00e9r\u00e9 facilement en quelques instants.<\/p><p style=\"text-align: left;\"><img loading=\"lazy\" decoding=\"async\" class=\"wp-image-1232 size-full alignleft\" src=\"https:\/\/family-cycling.com\/83749289Sa-family-cycling-deutsch\/wp-content\/uploads\/followme-fixierung-620.jpg\" alt=\"FollowMe Fixierung\" width=\"620\" height=\"200\" \/><\/p><hr \/><h3 style=\"text-align: left;\">\u00a0<\/h3><h3 style=\"text-align: left;\">Facile \u00e0 rouler en solo<\/h3><p>\u00a0<\/p><h3 style=\"text-align: left;\"><img loading=\"lazy\" decoding=\"async\" class=\"alignleft wp-image-308 size-full\" style=\"margin: 0px 20px 10px 0px;\" src=\"https:\/\/family-cycling.com\/83749289Sa-family-cycling-deutsch\/wp-content\/uploads\/followme-montiert-620.jpg\" alt=\"Followme fertig montiert\" width=\"620\" height=\"409\" \/><\/h3><div style=\"text-align: left;\">\u00a0<\/div><div style=\"text-align: left;\">\u00a0<\/div><h3 style=\"text-align: left;\">\u00a0<\/h3><h3 style=\"text-align: left;\">\u00a0<\/h3><h3 style=\"text-align: left;\">\u00a0<\/h3><h3 style=\"text-align: left;\">\u00a0<\/h3><h3 style=\"text-align: left;\">\u00a0<\/h3><hr \/><h3 style=\"text-align: left;\">\u00a0<\/h3><p style=\"text-align: left;\">Durant la phase dans laquelle le v\u00e9lo enfant n\u2019est pas attel\u00e9 vous pourrez replier la partie arri\u00e8re et fixer l\u2019ensemble \u00e0 l\u2019aide d\u2019une sangle \u00e9quip\u00e9 d\u2019un mousqueton soit sur votre porte-bagages ou bien sous la selle.<\/p><h3 style=\"text-align: left;\"><img loading=\"lazy\" decoding=\"async\" class=\"wp-image-246 size-medium alignnone\" style=\"margin: 0px 20px 10px 0px;\" src=\"https:\/\/family-cycling.com\/83749289Sa-family-cycling-deutsch\/wp-content\/uploads\/fahrrad-anhaenger-01-500-300x102.jpg\" alt=\"Followme Kinderfahrdanh\u00e4nger\" width=\"300\" height=\"102\" \/><\/h3><hr \/><h3 style=\"text-align: left;\">\u00a0<\/h3><h3>Flexible et actuel<\/h3><p>Le v\u00e9lo de votre enfant va grandir avec lui \u2013 et FollowMe l\u2019accompagne ! Car la jonction maligne tandem parent-enfant accepte des v\u00e9los enfant de taille 12 \u00e0 20 pouces.<\/p><p>D\u00e8s ses trois ans il pourra se joindre \u00e0 vous jusqu\u2019\u00e0 ses neuf ans environ.<\/p><p style=\"text-align: left;\"><br \/><img loading=\"lazy\" decoding=\"async\" class=\"wp-image-256 size-full alignnone\" style=\"margin: 0px 20px 10px 0px;\" src=\"https:\/\/family-cycling.com\/83749289Sa-family-cycling-deutsch\/wp-content\/uploads\/followme-anhaenger-skizze-250.jpg\" alt=\"Skizzenhafte Darstellung Followme Fahrrad hinten dran\" width=\"250\" height=\"134\" \/><\/p><h3 style=\"text-align: left;\">\u00a0<\/h3>\t\t\t\t\t\t<\/div>\n\t\t\t\t<\/div>\n\t\t\t\t\t<\/div>\n\t\t<\/div>\n\t\t\t\t\t\t\t<\/div>\n\t\t<\/section>\n\t\t\t\t<section class=\"elementor-section elementor-top-section elementor-element elementor-element-57146355 elementor-section-boxed elementor-section-height-default elementor-section-height-default\" data-id=\"57146355\" data-element_type=\"section\">\n\t\t\t\t\t\t<div class=\"elementor-container elementor-column-gap-default\">\n\t\t\t\t\t<div class=\"elementor-column elementor-col-50 elementor-top-column elementor-element elementor-element-58cd6c11\" data-id=\"58cd6c11\" data-element_type=\"column\">\n\t\t\t<div class=\"elementor-widget-wrap\">\n\t\t\t\t\t\t\t\t\t<\/div>\n\t\t<\/div>\n\t\t\t\t<div class=\"elementor-column elementor-col-50 elementor-top-column elementor-element elementor-element-72701edf\" data-id=\"72701edf\" data-element_type=\"column\" data-settings=\"{&quot;background_background&quot;:&quot;classic&quot;}\">\n\t\t\t<div class=\"elementor-widget-wrap elementor-element-populated\">\n\t\t\t\t\t\t\t\t<div class=\"elementor-element elementor-element-44baed7e elementor-widget elementor-widget-text-editor\" data-id=\"44baed7e\" data-element_type=\"widget\" data-widget_type=\"text-editor.default\">\n\t\t\t\t<div class=\"elementor-widget-container\">\n\t\t\t\t\t\t\t<h3>Tableau techniques<\/h3><ul><li>V\u00e9lo adulte : tous les v\u00e9los de 26\u2019\u2019 (VTT) \u00e0 28\u2019\u2019 (VTC) et m\u00eame les roues 29\u2019\u2019 (pneu max 2.00) avec ou sans suspension sont compatible.<\/li><li>V\u00e9los avec axe plein ou moyeu \u00e0 vitesses int\u00e9gr\u00e9es peuvent \u00eatre adapt\u00e9s avec des adaptateurs optionels.<\/li><li>V\u00e9lo enfant : tous les v\u00e9los avec une taille de roues entre 12 et 20 pouces.<\/li><li>Mat\u00e9riel : acier<\/li><li>Poids du dispositif : 4 kg<\/li><li>Poids tractable : jusqu\u2019\u00e0 45 kg<\/li><li>Installation suppl\u00e9mentaire : paniers, si\u00e8ge enfant, porte-bagages et sacoches lat\u00e9rales peuvent \u00eatre instal\u00e9s<\/li><li>Accessoires : kit de fixation divers<\/li><\/ul>\t\t\t\t\t\t<\/div>\n\t\t\t\t<\/div>\n\t\t\t\t\t<\/div>\n\t\t<\/div>\n\t\t\t\t\t\t\t<\/div>\n\t\t<\/section>\n\t\t\t\t<section class=\"elementor-section elementor-top-section elementor-element elementor-element-3460af0 elementor-section-boxed elementor-section-height-default elementor-section-height-default\" data-id=\"3460af0\" data-element_type=\"section\">\n\t\t\t\t\t\t<div class=\"elementor-container elementor-column-gap-default\">\n\t\t\t\t\t<div class=\"elementor-column elementor-col-100 elementor-top-column elementor-element elementor-element-2a1df3f0\" data-id=\"2a1df3f0\" data-element_type=\"column\">\n\t\t\t<div class=\"elementor-widget-wrap elementor-element-populated\">\n\t\t\t\t\t\t\t\t<div class=\"elementor-element elementor-element-584a68f9 elementor-widget elementor-widget-spacer\" data-id=\"584a68f9\" data-element_type=\"widget\" data-widget_type=\"spacer.default\">\n\t\t\t\t<div class=\"elementor-widget-container\">\n\t\t\t\t\t<div class=\"elementor-spacer\">\n\t\t\t<div class=\"elementor-spacer-inner\"><\/div>\n\t\t<\/div>\n\t\t\t\t<\/div>\n\t\t\t\t<\/div>\n\t\t\t\t\t<\/div>\n\t\t<\/div>\n\t\t\t\t\t\t\t<\/div>\n\t\t<\/section>\n\t\t\t\t\t\t\t<\/div>\n\t\t","protected":false},"excerpt":{"rendered":"<p>Fonctionnement du FollowMe \u00bbFollowMe\u00ab est capable de coupler un v\u00e9lo enfant \u00e0 un v\u00e9lo adulte. Suite \u00e0 un centre de gravit\u00e9 bas une jonction stable est possible. La roue avant et le guidon du v\u00e9lo enfant (entre 12\u2019\u2019 et 20\u2019\u2019) sont bloqu\u00e9 lors de la traction. L\u2019enfant peut ainsi soit se laisser tirer ou p\u00e9daler. [&hellip;]<\/p>\n","protected":false},"author":1,"featured_media":0,"parent":0,"menu_order":0,"comment_status":"closed","ping_status":"closed","template":"","meta":{"footnotes":""},"class_list":["post-1636","page","type-page","status-publish","hentry","entry"],"_links":{"self":[{"href":"https:\/\/family-cycling.com\/83949290Sa-family-cyling-franz\/wp-json\/wp\/v2\/pages\/1636","targetHints":{"allow":["GET"]}}],"collection":[{"href":"https:\/\/family-cycling.com\/83949290Sa-family-cyling-franz\/wp-json\/wp\/v2\/pages"}],"about":[{"href":"https:\/\/family-cycling.com\/83949290Sa-family-cyling-franz\/wp-json\/wp\/v2\/types\/page"}],"author":[{"embeddable":true,"href":"https:\/\/family-cycling.com\/83949290Sa-family-cyling-franz\/wp-json\/wp\/v2\/users\/1"}],"replies":[{"embeddable":true,"href":"https:\/\/family-cycling.com\/83949290Sa-family-cyling-franz\/wp-json\/wp\/v2\/comments?post=1636"}],"version-history":[{"count":6,"href":"https:\/\/family-cycling.com\/83949290Sa-family-cyling-franz\/wp-json\/wp\/v2\/pages\/1636\/revisions"}],"predecessor-version":[{"id":1741,"href":"https:\/\/family-cycling.com\/83949290Sa-family-cyling-franz\/wp-json\/wp\/v2\/pages\/1636\/revisions\/1741"}],"wp:attachment":[{"href":"https:\/\/family-cycling.com\/83949290Sa-family-cyling-franz\/wp-json\/wp\/v2\/media?parent=1636"}],"curies":[{"name":"wp","href":"https:\/\/api.w.org\/{rel}","templated":true}]}}