{"id":1656,"date":"2023-01-24T17:43:41","date_gmt":"2023-01-24T16:43:41","guid":{"rendered":"https:\/\/family-cycling.com\/83949290Sa-family-cyling-franz\/home-2\/"},"modified":"2023-01-24T18:05:13","modified_gmt":"2023-01-24T17:05:13","slug":"home-2","status":"publish","type":"page","link":"https:\/\/family-cycling.com\/83949290Sa-family-cyling-franz\/","title":{"rendered":"Home"},"content":{"rendered":"\t\t<div data-elementor-type=\"wp-page\" data-elementor-id=\"1656\" class=\"elementor elementor-1656\">\n\t\t\t\t\t\t\t\t\t<section class=\"elementor-section elementor-top-section elementor-element elementor-element-352d37db elementor-section-full_width elementor-section-height-min-height elementor-hidden-mobile elementor-section-height-default elementor-section-items-middle\" data-id=\"352d37db\" data-element_type=\"section\" data-settings=\"{&quot;background_background&quot;:&quot;slideshow&quot;,&quot;background_slideshow_gallery&quot;:[{&quot;id&quot;:1577,&quot;url&quot;:&quot;https:\\\/\\\/family-cycling.com\\\/83949290Sa-family-cyling-franz\\\/wp-content\\\/uploads\\\/followme-startseite-01.jpg&quot;},{&quot;id&quot;:1578,&quot;url&quot;:&quot;https:\\\/\\\/family-cycling.com\\\/83949290Sa-family-cyling-franz\\\/wp-content\\\/uploads\\\/followme-startseite-02.jpg&quot;}],&quot;background_slideshow_slide_duration&quot;:3882,&quot;background_slideshow_transition_duration&quot;:2000,&quot;background_slideshow_loop&quot;:&quot;yes&quot;,&quot;background_slideshow_slide_transition&quot;:&quot;fade&quot;}\">\n\t\t\t\t\t\t<div class=\"elementor-container elementor-column-gap-default\">\n\t\t\t\t\t<div class=\"elementor-column elementor-col-100 elementor-top-column elementor-element elementor-element-1c2a07a2\" data-id=\"1c2a07a2\" data-element_type=\"column\">\n\t\t\t<div class=\"elementor-widget-wrap\">\n\t\t\t\t\t\t\t\t\t<\/div>\n\t\t<\/div>\n\t\t\t\t\t\t\t<\/div>\n\t\t<\/section>\n\t\t\t\t<section class=\"elementor-section elementor-top-section elementor-element elementor-element-4317a36e elementor-section-boxed elementor-section-height-default elementor-section-height-default\" data-id=\"4317a36e\" data-element_type=\"section\">\n\t\t\t\t\t\t<div class=\"elementor-container elementor-column-gap-default\">\n\t\t\t\t\t<div class=\"elementor-column elementor-col-100 elementor-top-column elementor-element elementor-element-4f30435b\" data-id=\"4f30435b\" data-element_type=\"column\">\n\t\t\t<div class=\"elementor-widget-wrap elementor-element-populated\">\n\t\t\t\t\t\t\t\t<div class=\"elementor-element elementor-element-dd197c2 elementor-widget elementor-widget-spacer\" data-id=\"dd197c2\" data-element_type=\"widget\" data-widget_type=\"spacer.default\">\n\t\t\t\t<div class=\"elementor-widget-container\">\n\t\t\t<style>\/*! elementor - v3.10.1 - 17-01-2023 *\/\n.elementor-column .elementor-spacer-inner{height:var(--spacer-size)}.e-con{--container-widget-width:100%}.e-con-inner>.elementor-widget-spacer,.e-con>.elementor-widget-spacer{width:var(--container-widget-width,var(--spacer-size));--align-self:var(--container-widget-align-self,initial);--flex-shrink:0}.e-con-inner>.elementor-widget-spacer>.elementor-widget-container,.e-con-inner>.elementor-widget-spacer>.elementor-widget-container>.elementor-spacer,.e-con>.elementor-widget-spacer>.elementor-widget-container,.e-con>.elementor-widget-spacer>.elementor-widget-container>.elementor-spacer{height:100%}.e-con-inner>.elementor-widget-spacer>.elementor-widget-container>.elementor-spacer>.elementor-spacer-inner,.e-con>.elementor-widget-spacer>.elementor-widget-container>.elementor-spacer>.elementor-spacer-inner{height:var(--container-widget-height,var(--spacer-size))}<\/style>\t\t<div class=\"elementor-spacer\">\n\t\t\t<div class=\"elementor-spacer-inner\"><\/div>\n\t\t<\/div>\n\t\t\t\t<\/div>\n\t\t\t\t<\/div>\n\t\t\t\t\t<\/div>\n\t\t<\/div>\n\t\t\t\t\t\t\t<\/div>\n\t\t<\/section>\n\t\t\t\t<section class=\"elementor-section elementor-top-section elementor-element elementor-element-750fe00c elementor-section-boxed elementor-section-height-default elementor-section-height-default\" data-id=\"750fe00c\" data-element_type=\"section\">\n\t\t\t\t\t\t<div class=\"elementor-container elementor-column-gap-default\">\n\t\t\t\t\t<div class=\"elementor-column elementor-col-33 elementor-top-column elementor-element elementor-element-2c7d3b9\" data-id=\"2c7d3b9\" data-element_type=\"column\">\n\t\t\t<div class=\"elementor-widget-wrap elementor-element-populated\">\n\t\t\t\t\t\t\t\t<div class=\"elementor-element elementor-element-7652704f elementor-widget elementor-widget-text-editor\" data-id=\"7652704f\" data-element_type=\"widget\" data-widget_type=\"text-editor.default\">\n\t\t\t\t<div class=\"elementor-widget-container\">\n\t\t\t<style>\/*! elementor - v3.10.1 - 17-01-2023 *\/\n.elementor-widget-text-editor.elementor-drop-cap-view-stacked .elementor-drop-cap{background-color:#818a91;color:#fff}.elementor-widget-text-editor.elementor-drop-cap-view-framed .elementor-drop-cap{color:#818a91;border:3px solid;background-color:transparent}.elementor-widget-text-editor:not(.elementor-drop-cap-view-default) .elementor-drop-cap{margin-top:8px}.elementor-widget-text-editor:not(.elementor-drop-cap-view-default) .elementor-drop-cap-letter{width:1em;height:1em}.elementor-widget-text-editor .elementor-drop-cap{float:left;text-align:center;line-height:1;font-size:50px}.elementor-widget-text-editor .elementor-drop-cap-letter{display:inline-block}<\/style>\t\t\t\t<p><span style=\"color: #ff0000;\"><strong><span style=\"font-family: arial, helvetica, sans-serif; font-size: 14pt;\">NEWS<\/span><\/strong><\/span><\/p><p><img loading=\"lazy\" decoding=\"async\" class=\"alignnone wp-image-163 size-full\" src=\"https:\/\/family-cycling.com\/83949290Sa-family-cyling-franz\/wp-content\/uploads\/2014\/01\/stiftung-warentest-logo.jpg\" alt=\"Stiftung Warentest FollowMe\" width=\"145\" height=\"110\" \/><\/p>\t\t\t\t\t\t<\/div>\n\t\t\t\t<\/div>\n\t\t\t\t<div class=\"elementor-element elementor-element-4d6014d8 elementor-widget elementor-widget-spacer\" data-id=\"4d6014d8\" data-element_type=\"widget\" data-widget_type=\"spacer.default\">\n\t\t\t\t<div class=\"elementor-widget-container\">\n\t\t\t\t\t<div class=\"elementor-spacer\">\n\t\t\t<div class=\"elementor-spacer-inner\"><\/div>\n\t\t<\/div>\n\t\t\t\t<\/div>\n\t\t\t\t<\/div>\n\t\t\t\t\t<\/div>\n\t\t<\/div>\n\t\t\t\t<div class=\"elementor-column elementor-col-66 elementor-top-column elementor-element elementor-element-46a01136\" data-id=\"46a01136\" data-element_type=\"column\">\n\t\t\t<div class=\"elementor-widget-wrap elementor-element-populated\">\n\t\t\t\t\t\t\t\t<div class=\"elementor-element elementor-element-754132fe elementor-widget elementor-widget-text-editor\" data-id=\"754132fe\" data-element_type=\"widget\" data-widget_type=\"text-editor.default\">\n\t\t\t\t<div class=\"elementor-widget-container\">\n\t\t\t\t\t\t\t<p style=\"text-align: left;\"><b style=\"color: #333333; font-size: 32px; text-align: justify; letter-spacing: 0px;\">Chers visiteurs, chers parents<\/b><\/p><p>Faire du v\u00e9lo fait plaisir et aide \u00e0 rester en forme. Pour les enfants \u201efaire du v\u00e9lo\u201c repr\u00e9sente bien plus : c\u2019est son premier vrai v\u00e9hicule avec lequel il a le droit de d\u00e9couvrir son environnement, de participer \u00e0 la circulation ou de se rendre chez les copains\/copines.<br \/>Avec une bicyclette ils s\u2019entra\u00eenent \u00e0 observer et \u00e0 s\u2019orienter et apprennent \u00e0 se d\u00e9placer en toute autonomie et s\u00e9curit\u00e9.<\/p><p>Les barres de traction et v\u00e9los suiveurs permettent de r\u00e9aliser un v\u00e9ritable tandem v\u00e9lo adulte\/v\u00e9lo enfant. Elles permettent de rouler avec son enfant en toute s\u00e9curit\u00e9.<\/p><p>L\u2019avantage non n\u00e9gligeable du dispositif FollowMe est qu\u2019il est possible de d\u00e9tacher son enfant lorsqu\u2019il le souhaite et dans un lieu s\u00e9curis\u00e9. Pour partir en randonn\u00e9e, c\u2019est un syst\u00e8me id\u00e9al avec des enfants car on peut parcourir des kilom\u00e8tres sans fatigue de leur part (ils ne sont pas oblig\u00e9s de p\u00e9daler). Il vous facilitera la vie dans bien des situations !<\/p><p>Le dispositif FollowMe est autoris\u00e9 en circulation et recommand\u00e9 par le bureau Suisse pour la pr\u00e9vention d\u2019accidents (bfu) et a gagn\u00e9 le test comparative de barres de traction de Stiftung Warentest (\u00e9quivalent allemand de \u201c60 millions consommateurs)\u201d<\/p><p>Sur nos pages vous trouverez toutes les informations concernant l\u2019achat d\u2019un dispositif d\u2019attelage FollowMe.<\/p>\t\t\t\t\t\t<\/div>\n\t\t\t\t<\/div>\n\t\t\t\t\t<\/div>\n\t\t<\/div>\n\t\t\t\t\t\t\t<\/div>\n\t\t<\/section>\n\t\t\t\t<section class=\"elementor-section elementor-top-section elementor-element elementor-element-3ae3f73d elementor-section-boxed elementor-section-height-default elementor-section-height-default\" data-id=\"3ae3f73d\" data-element_type=\"section\">\n\t\t\t\t\t\t<div class=\"elementor-container elementor-column-gap-default\">\n\t\t\t\t\t<div class=\"elementor-column elementor-col-100 elementor-top-column elementor-element elementor-element-12f39427\" data-id=\"12f39427\" data-element_type=\"column\">\n\t\t\t<div class=\"elementor-widget-wrap elementor-element-populated\">\n\t\t\t\t\t\t\t\t<div class=\"elementor-element elementor-element-725efabf elementor-widget elementor-widget-spacer\" data-id=\"725efabf\" data-element_type=\"widget\" data-widget_type=\"spacer.default\">\n\t\t\t\t<div class=\"elementor-widget-container\">\n\t\t\t\t\t<div class=\"elementor-spacer\">\n\t\t\t<div class=\"elementor-spacer-inner\"><\/div>\n\t\t<\/div>\n\t\t\t\t<\/div>\n\t\t\t\t<\/div>\n\t\t\t\t\t<\/div>\n\t\t<\/div>\n\t\t\t\t\t\t\t<\/div>\n\t\t<\/section>\n\t\t\t\t\t\t\t<\/div>\n\t\t","protected":false},"excerpt":{"rendered":"<p>NEWS Chers visiteurs, chers parents Faire du v\u00e9lo fait plaisir et aide \u00e0 rester en forme. Pour les enfants \u201efaire du v\u00e9lo\u201c repr\u00e9sente bien plus : c\u2019est son premier vrai v\u00e9hicule avec lequel il a le droit de d\u00e9couvrir son environnement, de participer \u00e0 la circulation ou de se rendre chez les copains\/copines.Avec une bicyclette [&hellip;]<\/p>\n","protected":false},"author":1,"featured_media":0,"parent":0,"menu_order":0,"comment_status":"closed","ping_status":"closed","template":"","meta":{"footnotes":""},"class_list":["post-1656","page","type-page","status-publish","hentry","entry"],"_links":{"self":[{"href":"https:\/\/family-cycling.com\/83949290Sa-family-cyling-franz\/wp-json\/wp\/v2\/pages\/1656","targetHints":{"allow":["GET"]}}],"collection":[{"href":"https:\/\/family-cycling.com\/83949290Sa-family-cyling-franz\/wp-json\/wp\/v2\/pages"}],"about":[{"href":"https:\/\/family-cycling.com\/83949290Sa-family-cyling-franz\/wp-json\/wp\/v2\/types\/page"}],"author":[{"embeddable":true,"href":"https:\/\/family-cycling.com\/83949290Sa-family-cyling-franz\/wp-json\/wp\/v2\/users\/1"}],"replies":[{"embeddable":true,"href":"https:\/\/family-cycling.com\/83949290Sa-family-cyling-franz\/wp-json\/wp\/v2\/comments?post=1656"}],"version-history":[{"count":6,"href":"https:\/\/family-cycling.com\/83949290Sa-family-cyling-franz\/wp-json\/wp\/v2\/pages\/1656\/revisions"}],"predecessor-version":[{"id":1716,"href":"https:\/\/family-cycling.com\/83949290Sa-family-cyling-franz\/wp-json\/wp\/v2\/pages\/1656\/revisions\/1716"}],"wp:attachment":[{"href":"https:\/\/family-cycling.com\/83949290Sa-family-cyling-franz\/wp-json\/wp\/v2\/media?parent=1656"}],"curies":[{"name":"wp","href":"https:\/\/api.w.org\/{rel}","templated":true}]}}